{"id":5651,"date":"2020-08-10T09:57:46","date_gmt":"2020-08-10T09:57:46","guid":{"rendered":"https:\/\/becooltravel.com\/?post_type=product&#038;p=5651"},"modified":"2021-10-10T08:34:16","modified_gmt":"2021-10-10T08:34:16","slug":"golf-holidays-in-a-natural-reserve-w-rent-car-4100g","status":"publish","type":"product","link":"https:\/\/self-drive.booking-portugal.com\/de\/produkt\/golf-holidays-in-a-natural-reserve-w-rent-car-4100g\/","title":{"rendered":"Golfurlaub an der Algarve in einem Naturschutzgebiet mit Mietwagen"},"content":{"rendered":"<p>Ausgestattet f\u00fcr alle Arten von Spielern, wird Ihnen dieser Self-Drive Golf Holidays aufgrund seiner unglaublichen Lage das erstaunlichste Erlebnis bieten.<\/p>\n<p>Sie k\u00f6nnen nicht nur die sch\u00f6nen Str\u00e4nde in der N\u00e4he genie\u00dfen, sondern sich auch mit der Natur bei einem herrlichen Blick \u00fcber die Berge verbinden.<\/p>\n<div id=\"attachment_2927\" style=\"width: 1034px\" class=\"wp-caption alignnone\"><img decoding=\"async\" aria-describedby=\"caption-attachment-2927\" class=\"wp-image-2927 size-large\" src=\"https:\/\/legendatours.net\/wp-content\/uploads\/2020\/08\/Salgados-Golf-Couse-2-1024x680.jpg\" alt=\"Salgados Golf Course\" width=\"1024\" height=\"680\" \/><p id=\"caption-attachment-2927\" class=\"wp-caption-text\">Salgados-Golfplatz<\/p><\/div>\n<p>Zwischen den Bergen und dem Strand gibt es einen kostenlosen Golf-Shuttle, der Sie vom Resort in Salgados (500 m vom Golfplatz Salgados) zum Morgado &amp; \u00c1lamos bringt \u2013 das sind die drei Golfpl\u00e4tze mit 18 L\u00f6chern, auf denen Sie auch frei spielen k\u00f6nnen kostenlose Nutzung des \u00dcbungs-Putting-Greens auf dem Gel\u00e4nde von Salgados.<\/p>\n<p>Salgados Vila de Lagoas liegt in der N\u00e4he der Stadt Albufeira und ist nur wenige Gehminuten vom Strand und dem Golfplatz entfernt. Neben der gro\u00dfartigen Lage verf\u00fcgen die ger\u00e4umigen Apartments \u00fcber voll ausgestattete K\u00fcchen und Ihnen stehen im Resort ein Fitnessstudio und ein Spa zur Verf\u00fcgung.<\/p>","protected":false},"excerpt":{"rendered":"<p>Ausgestattet f\u00fcr alle Arten von Spielern, wird Ihnen dieser Self-Drive Golf Holidays aufgrund seiner unglaublichen Lage das erstaunlichste Erlebnis bieten.<\/p>\n<p>Sie k\u00f6nnen nicht nur die sch\u00f6nen Str\u00e4nde in der N\u00e4he genie\u00dfen, sondern sich auch mit der Natur bei einem herrlichen Blick \u00fcber die Berge verbinden.<\/p>","protected":false},"featured_media":6207,"comment_status":"closed","ping_status":"closed","template":"","meta":{"_acf_changed":false,"inline_featured_image":false},"product_brand":[],"product_cat":[996,995,18],"product_tag":[887,888,172,867,997,868,889,890,891,892,893,347,247,894,895,896,164,898,870],"class_list":{"0":"post-5651","1":"product","2":"type-product","3":"status-publish","4":"has-post-thumbnail","6":"product_cat-self-drive-holidays-portugal","7":"product_cat-self-guided-golf-self-guided","8":"product_cat-self-guided-tours-portugal","9":"product_tag-18-holes","10":"product_tag-alamo-golf-course","11":"product_tag-algarve","12":"product_tag-algarve-coastline","13":"product_tag-alleine-reisen","14":"product_tag-beautiful-beache","15":"product_tag-buggy","16":"product_tag-driving-range-golf","17":"product_tag-golf","18":"product_tag-golf-couses","19":"product_tag-morgado-golf-course","20":"product_tag-natural-reserves","21":"product_tag-nature","22":"product_tag-playing-golf","23":"product_tag-resort","24":"product_tag-salgados-golf-course","25":"product_tag-self-guided","26":"product_tag-self-guided-golf","27":"product_tag-sports","29":"first","30":"instock","31":"virtual","32":"taxable","33":"product-type-simple"},"acf":[],"yoast_head":"<!-- This site is optimized with the Yoast SEO Premium plugin v26.8 (Yoast SEO v27.4) - https:\/\/yoast.com\/product\/yoast-seo-premium-wordpress\/ -->\n<title>Algarve Golf Holidays in a Natural Reserve W\/ Rent Car - Self Drive Booking Portugal<\/title>\n<meta name=\"description\" content=\"Fitted for all sort of players, this Self-Drive Golf Holidays will give you the most amazing experience due to its incredible locations.\" \/>\n<meta name=\"robots\" content=\"index, follow, max-snippet:-1, max-image-preview:large, max-video-preview:-1\" \/>\n<link rel=\"canonical\" href=\"https:\/\/self-drive.booking-portugal.com\/de\/produkt\/golf-holidays-in-a-natural-reserve-w-rent-car-4100g\/\" \/>\n<meta property=\"og:locale\" content=\"de_DE\" \/>\n<meta property=\"og:type\" content=\"article\" \/>\n<meta property=\"og:title\" content=\"Self-Drive Golf Holidays\" \/>\n<meta property=\"og:description\" content=\"Between the mountains and the beach you have a free golf shuttle to take you from the Resort in Salgados (500mt from Salgados Golf Course) to the Morgado &amp; \u00c1lamos \u2013 these are the three Golf Courses of 18 holes where you can play freely as well as free use of the practicing putting green in Salgados grounds.\" \/>\n<meta property=\"og:url\" content=\"https:\/\/self-drive.booking-portugal.com\/de\/produkt\/golf-holidays-in-a-natural-reserve-w-rent-car-4100g\/\" \/>\n<meta property=\"og:site_name\" content=\"Self Drive Booking Portugal\" \/>\n<meta property=\"article:publisher\" content=\"https:\/\/www.facebook.com\/becooltravelagency\/\" \/>\n<meta property=\"article:modified_time\" content=\"2021-10-10T08:34:16+00:00\" \/>\n<meta property=\"og:image\" content=\"https:\/\/self-drive.booking-portugal.com\/wp-content\/uploads\/sites\/8\/2020\/11\/golf.jpg\" \/>\n\t<meta property=\"og:image:width\" content=\"1152\" \/>\n\t<meta property=\"og:image:height\" content=\"768\" \/>\n\t<meta property=\"og:image:type\" content=\"image\/jpeg\" \/>\n<meta name=\"twitter:card\" content=\"summary_large_image\" \/>\n<meta name=\"twitter:title\" content=\"Self-Drive Golf Holidays\" \/>\n<meta name=\"twitter:description\" content=\"Salgados Vila de Lagoas is located near the city of Albufeira and just a walking distance from the beach and the Golf Course. Besides its great location, the spacious apartments have fully fitted kitchens and you\u2019ll have gym and Spa available inside the resort.\" \/>\n<meta name=\"twitter:image\" content=\"https:\/\/self-drive.booking-portugal.com\/wp-content\/uploads\/sites\/8\/2020\/11\/golf.jpg\" \/>\n<meta name=\"twitter:site\" content=\"@becool_travel\" \/>\n<meta name=\"twitter:label1\" content=\"Gesch\u00e4tzte Lesezeit\" \/>\n\t<meta name=\"twitter:data1\" content=\"1\u00a0Minute\" \/>\n<script type=\"application\/ld+json\" class=\"yoast-schema-graph\">{\"@context\":\"https:\\\/\\\/schema.org\",\"@graph\":[{\"@type\":\"WebPage\",\"@id\":\"https:\\\/\\\/self-drive.booking-portugal.com\\\/product\\\/golf-holidays-in-a-natural-reserve-w-rent-car-4100g\\\/\",\"url\":\"https:\\\/\\\/self-drive.booking-portugal.com\\\/product\\\/golf-holidays-in-a-natural-reserve-w-rent-car-4100g\\\/\",\"name\":\"Algarve Golf Holidays in a Natural Reserve W\\\/ Rent Car - Self Drive Booking Portugal\",\"isPartOf\":{\"@id\":\"https:\\\/\\\/self-drive.booking-portugal.com\\\/#website\"},\"primaryImageOfPage\":{\"@id\":\"https:\\\/\\\/self-drive.booking-portugal.com\\\/product\\\/golf-holidays-in-a-natural-reserve-w-rent-car-4100g\\\/#primaryimage\"},\"image\":{\"@id\":\"https:\\\/\\\/self-drive.booking-portugal.com\\\/product\\\/golf-holidays-in-a-natural-reserve-w-rent-car-4100g\\\/#primaryimage\"},\"thumbnailUrl\":\"https:\\\/\\\/self-drive.booking-portugal.com\\\/wp-content\\\/uploads\\\/sites\\\/8\\\/2020\\\/11\\\/golf.jpg\",\"datePublished\":\"2020-08-10T09:57:46+00:00\",\"dateModified\":\"2021-10-10T08:34:16+00:00\",\"description\":\"Fitted for all sort of players, this Self-Drive Golf Holidays will give you the most amazing experience due to its incredible locations.\",\"breadcrumb\":{\"@id\":\"https:\\\/\\\/self-drive.booking-portugal.com\\\/product\\\/golf-holidays-in-a-natural-reserve-w-rent-car-4100g\\\/#breadcrumb\"},\"inLanguage\":\"de\",\"potentialAction\":[{\"@type\":\"ReadAction\",\"target\":[\"https:\\\/\\\/self-drive.booking-portugal.com\\\/product\\\/golf-holidays-in-a-natural-reserve-w-rent-car-4100g\\\/\"]}]},{\"@type\":\"ImageObject\",\"inLanguage\":\"de\",\"@id\":\"https:\\\/\\\/self-drive.booking-portugal.com\\\/product\\\/golf-holidays-in-a-natural-reserve-w-rent-car-4100g\\\/#primaryimage\",\"url\":\"https:\\\/\\\/self-drive.booking-portugal.com\\\/wp-content\\\/uploads\\\/sites\\\/8\\\/2020\\\/11\\\/golf.jpg\",\"contentUrl\":\"https:\\\/\\\/self-drive.booking-portugal.com\\\/wp-content\\\/uploads\\\/sites\\\/8\\\/2020\\\/11\\\/golf.jpg\",\"width\":1152,\"height\":768,\"caption\":\"Golf Holidays\"},{\"@type\":\"BreadcrumbList\",\"@id\":\"https:\\\/\\\/self-drive.booking-portugal.com\\\/product\\\/golf-holidays-in-a-natural-reserve-w-rent-car-4100g\\\/#breadcrumb\",\"itemListElement\":[{\"@type\":\"ListItem\",\"position\":1,\"name\":\"Home\",\"item\":\"https:\\\/\\\/self-drive.booking-portugal.com\\\/\"},{\"@type\":\"ListItem\",\"position\":2,\"name\":\"Shop\",\"item\":\"https:\\\/\\\/self-drive.booking-portugal.com\\\/?page_id=5874\"},{\"@type\":\"ListItem\",\"position\":3,\"name\":\"18 holes\",\"item\":\"https:\\\/\\\/self-drive.booking-portugal.com\\\/de\\\/produkt-schlagwort\\\/18-holes\\\/\"},{\"@type\":\"ListItem\",\"position\":4,\"name\":\"Algarve Golf Holidays in a Natural Reserve W\\\/ Rent Car\"}]},{\"@type\":\"WebSite\",\"@id\":\"https:\\\/\\\/self-drive.booking-portugal.com\\\/#website\",\"url\":\"https:\\\/\\\/self-drive.booking-portugal.com\\\/\",\"name\":\"Self Drive Booking Portugal\",\"description\":\"Self Drive Holidays in Portugal\",\"publisher\":{\"@id\":\"https:\\\/\\\/self-drive.booking-portugal.com\\\/#organization\"},\"potentialAction\":[{\"@type\":\"SearchAction\",\"target\":{\"@type\":\"EntryPoint\",\"urlTemplate\":\"https:\\\/\\\/self-drive.booking-portugal.com\\\/?s={search_term_string}\"},\"query-input\":{\"@type\":\"PropertyValueSpecification\",\"valueRequired\":true,\"valueName\":\"search_term_string\"}}],\"inLanguage\":\"de\"},{\"@type\":\"Organization\",\"@id\":\"https:\\\/\\\/self-drive.booking-portugal.com\\\/#organization\",\"name\":\"Self Drive Booking Portugal\",\"url\":\"https:\\\/\\\/self-drive.booking-portugal.com\\\/\",\"logo\":{\"@type\":\"ImageObject\",\"inLanguage\":\"de\",\"@id\":\"https:\\\/\\\/self-drive.booking-portugal.com\\\/#\\\/schema\\\/logo\\\/image\\\/\",\"url\":\"https:\\\/\\\/self-drive.booking-portugal.com\\\/wp-content\\\/uploads\\\/sites\\\/8\\\/2020\\\/03\\\/Logo_BeCool.jpg\",\"contentUrl\":\"https:\\\/\\\/self-drive.booking-portugal.com\\\/wp-content\\\/uploads\\\/sites\\\/8\\\/2020\\\/03\\\/Logo_BeCool.jpg\",\"width\":534,\"height\":534,\"caption\":\"Self Drive Booking Portugal\"},\"image\":{\"@id\":\"https:\\\/\\\/self-drive.booking-portugal.com\\\/#\\\/schema\\\/logo\\\/image\\\/\"},\"sameAs\":[\"https:\\\/\\\/www.facebook.com\\\/becooltravelagency\\\/\",\"https:\\\/\\\/x.com\\\/becool_travel\",\"https:\\\/\\\/www.instagram.com\\\/becooltravel_com\\\/\",\"https:\\\/\\\/www.linkedin.com\\\/company\\\/becool-travel\\\/\",\"https:\\\/\\\/www.youtube.com\\\/channel\\\/UCE7zRU3EVG1PgfXwQo-5uJw\"]}]}<\/script>\n<!-- \/ Yoast SEO Premium plugin. -->","yoast_head_json":{"title":"Algarve-Golfurlaub in einem Naturschutzgebiet mit Mietwagen - Selbstfahrer-Buchung Portugal","description":"Dieser Golfurlaub mit Selbstfahrer ist f\u00fcr alle Spielertypen geeignet und bietet Ihnen dank seiner unglaublichen Lage ein fantastisches Erlebnis.","robots":{"index":"index","follow":"follow","max-snippet":"max-snippet:-1","max-image-preview":"max-image-preview:large","max-video-preview":"max-video-preview:-1"},"canonical":"https:\/\/self-drive.booking-portugal.com\/de\/produkt\/golf-holidays-in-a-natural-reserve-w-rent-car-4100g\/","og_locale":"de_DE","og_type":"article","og_title":"Self-Drive Golf Holidays","og_description":"Between the mountains and the beach you have a free golf shuttle to take you from the Resort in Salgados (500mt from Salgados Golf Course) to the Morgado & \u00c1lamos \u2013 these are the three Golf Courses of 18 holes where you can play freely as well as free use of the practicing putting green in Salgados grounds.","og_url":"https:\/\/self-drive.booking-portugal.com\/de\/produkt\/golf-holidays-in-a-natural-reserve-w-rent-car-4100g\/","og_site_name":"Self Drive Booking Portugal","article_publisher":"https:\/\/www.facebook.com\/becooltravelagency\/","article_modified_time":"2021-10-10T08:34:16+00:00","og_image":[{"width":1152,"height":768,"url":"https:\/\/self-drive.booking-portugal.com\/wp-content\/uploads\/sites\/8\/2020\/11\/golf.jpg","type":"image\/jpeg"}],"twitter_card":"summary_large_image","twitter_title":"Self-Drive Golf Holidays","twitter_description":"Salgados Vila de Lagoas is located near the city of Albufeira and just a walking distance from the beach and the Golf Course. Besides its great location, the spacious apartments have fully fitted kitchens and you\u2019ll have gym and Spa available inside the resort.","twitter_image":"https:\/\/self-drive.booking-portugal.com\/wp-content\/uploads\/sites\/8\/2020\/11\/golf.jpg","twitter_site":"@becool_travel","twitter_misc":{"Gesch\u00e4tzte Lesezeit":"1\u00a0Minute"},"schema":{"@context":"https:\/\/schema.org","@graph":[{"@type":"WebPage","@id":"https:\/\/self-drive.booking-portugal.com\/product\/golf-holidays-in-a-natural-reserve-w-rent-car-4100g\/","url":"https:\/\/self-drive.booking-portugal.com\/product\/golf-holidays-in-a-natural-reserve-w-rent-car-4100g\/","name":"Algarve-Golfurlaub in einem Naturschutzgebiet mit Mietwagen - Selbstfahrer-Buchung Portugal","isPartOf":{"@id":"https:\/\/self-drive.booking-portugal.com\/#website"},"primaryImageOfPage":{"@id":"https:\/\/self-drive.booking-portugal.com\/product\/golf-holidays-in-a-natural-reserve-w-rent-car-4100g\/#primaryimage"},"image":{"@id":"https:\/\/self-drive.booking-portugal.com\/product\/golf-holidays-in-a-natural-reserve-w-rent-car-4100g\/#primaryimage"},"thumbnailUrl":"https:\/\/self-drive.booking-portugal.com\/wp-content\/uploads\/sites\/8\/2020\/11\/golf.jpg","datePublished":"2020-08-10T09:57:46+00:00","dateModified":"2021-10-10T08:34:16+00:00","description":"Dieser Golfurlaub mit Selbstfahrer ist f\u00fcr alle Spielertypen geeignet und bietet Ihnen dank seiner unglaublichen Lage ein fantastisches Erlebnis.","breadcrumb":{"@id":"https:\/\/self-drive.booking-portugal.com\/product\/golf-holidays-in-a-natural-reserve-w-rent-car-4100g\/#breadcrumb"},"inLanguage":"de","potentialAction":[{"@type":"ReadAction","target":["https:\/\/self-drive.booking-portugal.com\/product\/golf-holidays-in-a-natural-reserve-w-rent-car-4100g\/"]}]},{"@type":"ImageObject","inLanguage":"de","@id":"https:\/\/self-drive.booking-portugal.com\/product\/golf-holidays-in-a-natural-reserve-w-rent-car-4100g\/#primaryimage","url":"https:\/\/self-drive.booking-portugal.com\/wp-content\/uploads\/sites\/8\/2020\/11\/golf.jpg","contentUrl":"https:\/\/self-drive.booking-portugal.com\/wp-content\/uploads\/sites\/8\/2020\/11\/golf.jpg","width":1152,"height":768,"caption":"Golf Holidays"},{"@type":"BreadcrumbList","@id":"https:\/\/self-drive.booking-portugal.com\/product\/golf-holidays-in-a-natural-reserve-w-rent-car-4100g\/#breadcrumb","itemListElement":[{"@type":"ListItem","position":1,"name":"Home","item":"https:\/\/self-drive.booking-portugal.com\/"},{"@type":"ListItem","position":2,"name":"Shop","item":"https:\/\/self-drive.booking-portugal.com\/?page_id=5874"},{"@type":"ListItem","position":3,"name":"18 holes","item":"https:\/\/self-drive.booking-portugal.com\/de\/produkt-schlagwort\/18-holes\/"},{"@type":"ListItem","position":4,"name":"Algarve Golf Holidays in a Natural Reserve W\/ Rent Car"}]},{"@type":"WebSite","@id":"https:\/\/self-drive.booking-portugal.com\/#website","url":"https:\/\/self-drive.booking-portugal.com\/","name":"Selbstfahrerbuchung Portugal","description":"Selbstfahrer-Urlaub in Portugal","publisher":{"@id":"https:\/\/self-drive.booking-portugal.com\/#organization"},"potentialAction":[{"@type":"SearchAction","target":{"@type":"EntryPoint","urlTemplate":"https:\/\/self-drive.booking-portugal.com\/?s={search_term_string}"},"query-input":{"@type":"PropertyValueSpecification","valueRequired":true,"valueName":"search_term_string"}}],"inLanguage":"de"},{"@type":"Organization","@id":"https:\/\/self-drive.booking-portugal.com\/#organization","name":"Selbstfahrerbuchung Portugal","url":"https:\/\/self-drive.booking-portugal.com\/","logo":{"@type":"ImageObject","inLanguage":"de","@id":"https:\/\/self-drive.booking-portugal.com\/#\/schema\/logo\/image\/","url":"https:\/\/self-drive.booking-portugal.com\/wp-content\/uploads\/sites\/8\/2020\/03\/Logo_BeCool.jpg","contentUrl":"https:\/\/self-drive.booking-portugal.com\/wp-content\/uploads\/sites\/8\/2020\/03\/Logo_BeCool.jpg","width":534,"height":534,"caption":"Self Drive Booking Portugal"},"image":{"@id":"https:\/\/self-drive.booking-portugal.com\/#\/schema\/logo\/image\/"},"sameAs":["https:\/\/www.facebook.com\/becooltravelagency\/","https:\/\/x.com\/becool_travel","https:\/\/www.instagram.com\/becooltravel_com\/","https:\/\/www.linkedin.com\/company\/becool-travel\/","https:\/\/www.youtube.com\/channel\/UCE7zRU3EVG1PgfXwQo-5uJw"]}]}},"_links":{"self":[{"href":"https:\/\/self-drive.booking-portugal.com\/de\/wp-json\/wp\/v2\/product\/5651","targetHints":{"allow":["GET"]}}],"collection":[{"href":"https:\/\/self-drive.booking-portugal.com\/de\/wp-json\/wp\/v2\/product"}],"about":[{"href":"https:\/\/self-drive.booking-portugal.com\/de\/wp-json\/wp\/v2\/types\/product"}],"replies":[{"embeddable":true,"href":"https:\/\/self-drive.booking-portugal.com\/de\/wp-json\/wp\/v2\/comments?post=5651"}],"wp:featuredmedia":[{"embeddable":true,"href":"https:\/\/self-drive.booking-portugal.com\/de\/wp-json\/wp\/v2\/media\/6207"}],"wp:attachment":[{"href":"https:\/\/self-drive.booking-portugal.com\/de\/wp-json\/wp\/v2\/media?parent=5651"}],"wp:term":[{"taxonomy":"product_brand","embeddable":true,"href":"https:\/\/self-drive.booking-portugal.com\/de\/wp-json\/wp\/v2\/product_brand?post=5651"},{"taxonomy":"product_cat","embeddable":true,"href":"https:\/\/self-drive.booking-portugal.com\/de\/wp-json\/wp\/v2\/product_cat?post=5651"},{"taxonomy":"product_tag","embeddable":true,"href":"https:\/\/self-drive.booking-portugal.com\/de\/wp-json\/wp\/v2\/product_tag?post=5651"}],"curies":[{"name":"wp","href":"https:\/\/api.w.org\/{rel}","templated":true}]}}