{"id":5178,"date":"2020-06-15T10:06:10","date_gmt":"2020-06-15T10:06:10","guid":{"rendered":"https:\/\/becooltravel.com\/product\/birding-in-coastal-west-algarve-3400s\/"},"modified":"2025-03-03T17:15:46","modified_gmt":"2025-03-03T17:15:46","slug":"birding-in-coastal-west-algarve-3400s","status":"publish","type":"product","link":"https:\/\/self-drive.booking-portugal.com\/de\/produkt\/birding-in-coastal-west-algarve-3400s\/","title":{"rendered":"Vogelbeobachtungsurlaub an der K\u00fcste der Westalgarve"},"content":{"rendered":"<p>Obwohl die Algarve als Badeort mit einem wunderbaren ganzj\u00e4hrigen Klima bekannt ist, ist sie auch ein Zufluchtsort und ein Paradies f\u00fcr V\u00f6gel.<\/p>\n<p>Die Westalgarve hat sehr unterschiedliche Lebensr\u00e4ume \u2013 von Klippen bis zu K\u00fcstenfeuchtgebieten und von kleinen Waldst\u00fccken bis zu mit Buschwerk bedeckten H\u00fcgeln. Zu fast jeder Jahreszeit gibt es etwas Interessantes zu sehen!<\/p>\n<p>In dieser personalisierten Selbstfahrer-Vogelbeobachtungstour pr\u00e4sentieren wir eine Sammlung von Reiserouten zu Vogelbeobachtungs-Hotspots, die Ihnen helfen sollen, die besten Vogelbeobachtungsm\u00f6glichkeiten zu erhalten! In Vilamoura erkunden Sie am Lagoa dos Salgados wahrscheinlich das ausgedehnteste Schilf- und Lagunengebiet der Algarve.<\/p>\n<div id=\"attachment_1823\" style=\"width: 1034px\" class=\"wp-caption alignnone\"><img decoding=\"async\" aria-describedby=\"caption-attachment-1823\" class=\"wp-image-1823 size-large\" src=\"https:\/\/legendatours.net\/wp-content\/uploads\/2020\/03\/Spoonbills-1024x683.jpg\" alt=\"Spoonbills Castro Marim\" width=\"1024\" height=\"683\" \/><p id=\"caption-attachment-1823\" class=\"wp-caption-text\"><a href=\"..\/..\/?s=Spoonbills\" target=\"_blank\" rel=\"noopener noreferrer\">L\u00f6ffler Castro Marim<\/a>, Entlang des Flusses Guadiana zwischen Castro Marim und Vila Real de Santo Ant\u00f3nio, auf einer Fl\u00e4che von mehr als 2.000 Hektar.<\/p><\/div>\n<p>Dies ist einer der wichtigsten Orte an der Algarve f\u00fcr wandernde Sperlingsv\u00f6gel und auch ein Jagdgebiet f\u00fcr verschiedene Greifv\u00f6gel.<\/p>\n<p>In der ruhigen Alvor-M\u00fcndung finden Sie eine gesch\u00fctzte nat\u00fcrliche Oase mit einer Vielzahl von Wasserv\u00f6geln, Seev\u00f6geln und Ackerlandv\u00f6geln. Die Tour f\u00fchrt Sie zur wundersch\u00f6nen Rocha Delicada, einem ockerfarbenen Vorgebirge, das w\u00e4hrend des Mioz\u00e4ns entstand.<\/p>\n<p>In den Feuchtgebieten des Flusses Arade, in der N\u00e4he der ehemaligen arabischen Hauptstadt der Algarve, Silves, werden Sie ein wichtiges \u00d6kosystem zu sch\u00e4tzen wissen, das repr\u00e4sentativ f\u00fcr die mediterrane Landschaft ist.<\/p>\n<div id=\"attachment_1761\" style=\"width: 1034px\" class=\"wp-caption alignnone\"><img decoding=\"async\" aria-describedby=\"caption-attachment-1761\" class=\"wp-image-1761 size-large\" title=\"Haubentaucher\" src=\"https:\/\/legendatours.net\/wp-content\/uploads\/2020\/03\/Great-Crested-Grebe-1024x683.jpg\" alt=\"Great Crested Grebe\" width=\"1024\" height=\"683\" \/><p id=\"caption-attachment-1761\" class=\"wp-caption-text\"><a href=\"..\/..\/?s=Great+Crested+Grebe\" target=\"_blank\" rel=\"noopener noreferrer\">Haubentaucher<\/a>, Haubentaucher, Podiceps cristatus, in Ria Formosa. Foto Peter Dedicoat.<\/p><\/div>\n<p>Dieses Gebiet sammelt eine gro\u00dfe Anzahl von Watv\u00f6geln wie Rotschenkel, Gr\u00fcnschenkel und Flussuferl\u00e4ufer. Es gibt auch ein paar Sperlingsv\u00f6gel wie Bachstelze und Haubenlerche.<\/p>\n<p>Die Lagoa de S\u00e3o Louren\u00e7o ist ein weiterer interessanter Ort zur Vogelbeobachtung, den wir f\u00fcr Sie geplant haben. Dieses Gew\u00e4sser ist reich an aquatischer Vegetation, ges\u00e4umt von Schilf und Binsen und somit reich an Vogelwelt.<\/p>\n<div id=\"attachment_2482\" style=\"width: 1034px\" class=\"wp-caption alignnone\"><img decoding=\"async\" aria-describedby=\"caption-attachment-2482\" class=\"wp-image-2482 size-large\" src=\"https:\/\/legendatours.net\/wp-content\/uploads\/2020\/06\/Marsh_Harrier-1024x683.jpg\" alt=\"Marsh Harrier, photo Peter Dedicoat\" width=\"1024\" height=\"683\" \/><p id=\"caption-attachment-2482\" class=\"wp-caption-text\">Rohrweihe, Foto Peter Dedicoat<\/p><\/div>\n<p>Im Winter versammeln sich hier viele Enten, darunter L\u00f6ffelente, Krickente, Tafelente, Pfeifente und Reiherente.<\/p>\n<p>Das ganze Jahr \u00fcber findet man Kolbenente, Zwergdommel, Purpurhuhn, Schwarzkopfweber und Haubentaucher.<\/p>\n<p>Am s\u00fcdlichen Ende des Sees liegen die Kan\u00e4le, Salzwiesen, Lagunen und sandigen Barriereinseln des Naturparks Ria Formosa, die je nach Gezeiten und Jahreszeit von Watv\u00f6geln, M\u00f6wen, Reihern und Reihern nur so wimmeln k\u00f6nnen.<\/p>\n<div id=\"attachment_1723\" style=\"width: 1034px\" class=\"wp-caption alignnone\"><img decoding=\"async\" aria-describedby=\"caption-attachment-1723\" class=\"wp-image-1723 size-large\" title=\"Gl\u00e4nzender Ibis\" src=\"https:\/\/legendatours.net\/wp-content\/uploads\/2020\/03\/Glossy-Ibis-1024x683.jpg\" alt=\"Glossy Ibis\" width=\"1024\" height=\"683\" \/><p id=\"caption-attachment-1723\" class=\"wp-caption-text\"><a href=\"..\/..\/?s=Glossy+Ibis\" target=\"_blank\" rel=\"noopener noreferrer\">Gl\u00e4nzender Ibis<\/a>Vor etwa 15 Jahren wurden an der Algarve nur einzelne Glattsichler gesichtet und begeisterten Feldornithologen jedes Mal. Seitdem die hochgradig gesch\u00fctzt.<\/p><\/div>\n<p>In Ludo, in den gesch\u00e4ftigen Salzfarmen, ist es m\u00f6glich, Gro\u00dfe Flamingos, L\u00f6ffler, Zwergadler und viele nistende Wei\u00dfst\u00f6rche zu sehen.<\/p>\n<p>Anschlie\u00dfend fahren Sie in die abgelegene s\u00fcdwestliche Ecke Europas, nach Sagres, im Naturpark Sudoeste Alentejano e Costa Vicentina.<\/p>\n<div id=\"attachment_1760\" style=\"width: 1034px\" class=\"wp-caption alignnone\"><img decoding=\"async\" aria-describedby=\"caption-attachment-1760\" class=\"size-full wp-image-1760\" src=\"https:\/\/legendatours.net\/wp-content\/uploads\/2020\/03\/Eurasian-Teal-e1611676784238.jpg\" alt=\"Eurasian Teal photo Peter Dedicoat\" width=\"1024\" height=\"683\" \/><p id=\"caption-attachment-1760\" class=\"wp-caption-text\">Eurasische Krickente, (Anas crecca) Foto Peter Dedicoat<\/p><\/div>\n<p>Dieses Gebiet ist f\u00fcr Zugv\u00f6gel von besonderer Bedeutung und es ist immer ratsam, nach Rarit\u00e4ten Ausschau zu halten.<\/p>\n<p>Von Ihrer zentralen und privilegierten Lage in Albufeira aus k\u00f6nnen Sie bei diesem fabelhaften Vogelbeobachtungserlebnis eine Vielzahl von Vogelbeobachtungs-Hotspots in verschiedenen Lebensr\u00e4umen genie\u00dfen!<\/p>\n<p>Diese Selbstfahrer-Vogelbeobachtungstour z\u00e4hlt mit einem freien Tag. Sie k\u00f6nnen nach Belieben andere Teile der Algarve erkunden und etwas mehr \u00fcber die Kultur, das Erbe und die Naturgeschichte der Region erfahren.<\/p>\n<div class=\"row\">\n<div class=\"column\" style=\"flex: 45%\">\n<p><iframe title=\"Castro Marim\" width=\"1080\" height=\"608\" src=\"https:\/\/www.youtube.com\/embed\/sbJjXvbNWho?list=PL_6Umd8jb1qvBUfpmdNirAfZNGPDknjjw\" frameborder=\"0\" allow=\"accelerometer; autoplay; clipboard-write; encrypted-media; gyroscope; picture-in-picture\" allowfullscreen><\/iframe><\/p>\n<\/div>\n<div class=\"column\" style=\"flex: 10%\"><\/div>\n<div class=\"column\" style=\"flex: 45%\">\n<p><iframe title=\"V\u00f6gel S\u00fcdportugals\" width=\"1080\" height=\"608\" src=\"https:\/\/www.youtube.com\/embed\/q4ezd_AIbYM?feature=oembed\" frameborder=\"0\" allow=\"accelerometer; autoplay; clipboard-write; encrypted-media; gyroscope; picture-in-picture\" allowfullscreen><\/iframe><\/p>\n<\/div>\n<\/div>","protected":false},"excerpt":{"rendered":"<p>Obwohl die Algarve als Badeort mit einem wunderbaren ganzj\u00e4hrigen Klima bekannt ist, ist sie auch ein Zufluchtsort und ein Paradies f\u00fcr V\u00f6gel.<\/p>\n<p>Die Westalgarve hat sehr unterschiedliche Lebensr\u00e4ume \u2013 von Klippen bis zu K\u00fcstenfeuchtgebieten und von kleinen Waldst\u00fccken bis zu mit Buschwerk bedeckten H\u00fcgeln. Zu fast jeder Jahreszeit gibt es etwas Interessantes zu sehen!<\/p>\n<p>In dieser personalisierten Selbstfahrer-Vogelbeobachtungstour pr\u00e4sentieren wir eine Sammlung von Reiserouten zu Vogelbeobachtungs-Hotspots, die Ihnen helfen sollen, die besten Vogelbeobachtungsm\u00f6glichkeiten zu erhalten!<\/p>","protected":false},"featured_media":6232,"comment_status":"closed","ping_status":"closed","template":"","meta":{"_acf_changed":false,"inline_featured_image":false},"product_brand":[],"product_cat":[996,1004,18],"product_tag":[172,997,541,1073,594,75,561,1075,577,1074,405,562,543,544,545,563,564,546,565,343,998,550,551,566,552,553,454,554,161,1076,555,62,556,557,567,568,558,435,1077,87,569,999,899,164,570,533,571,1000,572,352,1001,573,353,1002,1003,229,574,560],"class_list":{"0":"post-5178","1":"product","2":"type-product","3":"status-publish","4":"has-post-thumbnail","6":"product_cat-self-drive-holidays-portugal","7":"product_cat-portugal-self-guided-birdwatching-holidays","8":"product_cat-self-guided-tours-portugal","9":"product_tag-algarve","10":"product_tag-alleine-reisen","11":"product_tag-best-birding-spots","12":"product_tag-best-of-the-algarvian-bird-life","13":"product_tag-bird-watching-holidays","14":"product_tag-bird-watching","15":"product_tag-birding","16":"product_tag-birding-algarve","17":"product_tag-birds","18":"product_tag-birdwatchers-paradise","19":"product_tag-birdwatching","20":"product_tag-black-tailed-godwits","21":"product_tag-black-winged-kite","22":"product_tag-blackheaded-weaver","23":"product_tag-booted-eagles","24":"product_tag-collared-pratincole","25":"product_tag-european-bee-eater","26":"product_tag-ferruginous-duck","27":"product_tag-fly-drive","28":"product_tag-holidays","29":"product_tag-individuelle-touren","30":"product_tag-kentish-plover","31":"product_tag-little-bittern","32":"product_tag-little-stints","33":"product_tag-little-tern","34":"product_tag-marsh-harriers","35":"product_tag-migratory-birds","36":"product_tag-nature-observation","37":"product_tag-nature-walks","38":"product_tag-observe-birds","39":"product_tag-penduline-tits","40":"product_tag-portugal","41":"product_tag-purple-heron","42":"product_tag-purple-swamp-hen","43":"product_tag-ramsar","44":"product_tag-red-crested-pochard","45":"product_tag-red-necked-nightjar","46":"product_tag-ria-formosa","47":"product_tag-ria-formosa-birdwatching","48":"product_tag-ria-formosa-natural-park","49":"product_tag-ringed-plovers","50":"product_tag-sejour-en-liberte","51":"product_tag-self-guide-tour","52":"product_tag-self-guided","53":"product_tag-self-guided-birdwatching","54":"product_tag-self-guided-holidays","55":"product_tag-self-guided-tours","56":"product_tag-solo-reisen","57":"product_tag-southern-grey-shrikes","58":"product_tag-sunny-winters","59":"product_tag-tours-autoguidees","60":"product_tag-tours-in-portugal","61":"product_tag-vacations","62":"product_tag-voyage-en-liberte","63":"product_tag-voyages-en-autonomie","64":"product_tag-wildlife-algarve","65":"product_tag-wintering-birds","66":"product_tag-woodchat","68":"first","69":"instock","70":"virtual","71":"taxable","72":"product-type-simple"},"acf":[],"yoast_head":"<!-- This site is optimized with the Yoast SEO Premium plugin v26.8 (Yoast SEO v27.4) - https:\/\/yoast.com\/product\/yoast-seo-premium-wordpress\/ -->\n<title>Birding Holiday in Coastal West Algarve - Self Drive Booking Portugal<\/title>\n<meta name=\"description\" content=\"An enjoyable Birdwatching Tour, no matter your level of birding ability and expertise. Focus on the Ria Formosa Park and in the Castro Marim Nature Reserve.\" \/>\n<meta name=\"robots\" content=\"index, follow, max-snippet:-1, max-image-preview:large, max-video-preview:-1\" \/>\n<link rel=\"canonical\" href=\"https:\/\/self-drive.booking-portugal.com\/de\/produkt\/birding-in-coastal-west-algarve-3400s\/\" \/>\n<meta property=\"og:locale\" content=\"de_DE\" \/>\n<meta property=\"og:type\" content=\"article\" \/>\n<meta property=\"og:title\" content=\"Birding in Coastal West Algarve\" \/>\n<meta property=\"og:description\" content=\"The West Algarve has very diverse habitats \u2013 from cliffs to coastal wetlands and from small forest patches to scrub-covered hills. At almost any time of the year, there is something of interest to see!In this personalized self-drive birding tour, we present a collection of itineraries to birding hotspots, aiming at helping you to get the best birding opportunities!In Vilamoura, you&#039;ll be set to explore probably the most extensive area of reed beds and lagoons in the Algarve, at Lagoa dos Salgados.\" \/>\n<meta property=\"og:url\" content=\"https:\/\/self-drive.booking-portugal.com\/de\/produkt\/birding-in-coastal-west-algarve-3400s\/\" \/>\n<meta property=\"og:site_name\" content=\"Self Drive Booking Portugal\" \/>\n<meta property=\"article:publisher\" content=\"https:\/\/www.facebook.com\/becooltravelagency\/\" \/>\n<meta property=\"article:modified_time\" content=\"2025-03-03T17:15:46+00:00\" \/>\n<meta property=\"og:image\" content=\"https:\/\/self-drive.booking-portugal.com\/wp-content\/uploads\/sites\/8\/2020\/05\/Birdwatching-Algarve-Sardinian-Warbler.jpg\" \/>\n\t<meta property=\"og:image:width\" content=\"1200\" \/>\n\t<meta property=\"og:image:height\" content=\"800\" \/>\n\t<meta property=\"og:image:type\" content=\"image\/jpeg\" \/>\n<meta name=\"twitter:card\" content=\"summary_large_image\" \/>\n<meta name=\"twitter:title\" content=\"Birding in Coastal West Algarve\" \/>\n<meta name=\"twitter:description\" content=\"All year round you find Red-crested Pochard, Little Bittern, Purple Swamp-hen, Black-headed Weaver, and Great Crested Grebe.At the southern end of the lake lie the channels, salt marshes, lagoons, and sandy barrier islands of the Ria Formosa Natural Park which, depending on the tide and the season, can be teeming with waders, gulls, herons, and egrets.In Ludo, in the busy salt-producing farms, it&#039;s possible to see Greater Flamingo, Eurasian Spoonbill, Booted Eagles, and many nesting White Storks.You then head to the remote southwest corner of Europe, to Sagres, in the Sudoeste Alentejano e Costa Vicentina Natural Park.\" \/>\n<meta name=\"twitter:image\" content=\"https:\/\/self-drive.booking-portugal.com\/wp-content\/uploads\/sites\/8\/2020\/05\/Birdwatching-Algarve-Collared-Pratincole.jpg\" \/>\n<meta name=\"twitter:site\" content=\"@becool_travel\" \/>\n<meta name=\"twitter:label1\" content=\"Gesch\u00e4tzte Lesezeit\" \/>\n\t<meta name=\"twitter:data1\" content=\"3\u00a0Minuten\" \/>\n<script type=\"application\/ld+json\" class=\"yoast-schema-graph\">{\"@context\":\"https:\\\/\\\/schema.org\",\"@graph\":[{\"@type\":\"WebPage\",\"@id\":\"https:\\\/\\\/self-drive.booking-portugal.com\\\/product\\\/birding-in-coastal-west-algarve-3400s\\\/\",\"url\":\"https:\\\/\\\/self-drive.booking-portugal.com\\\/product\\\/birding-in-coastal-west-algarve-3400s\\\/\",\"name\":\"Birding Holiday in Coastal West Algarve - Self Drive Booking Portugal\",\"isPartOf\":{\"@id\":\"https:\\\/\\\/self-drive.booking-portugal.com\\\/#website\"},\"primaryImageOfPage\":{\"@id\":\"https:\\\/\\\/self-drive.booking-portugal.com\\\/product\\\/birding-in-coastal-west-algarve-3400s\\\/#primaryimage\"},\"image\":{\"@id\":\"https:\\\/\\\/self-drive.booking-portugal.com\\\/product\\\/birding-in-coastal-west-algarve-3400s\\\/#primaryimage\"},\"thumbnailUrl\":\"https:\\\/\\\/self-drive.booking-portugal.com\\\/wp-content\\\/uploads\\\/sites\\\/8\\\/2020\\\/12\\\/LittleBustard.jpg\",\"datePublished\":\"2020-06-15T10:06:10+00:00\",\"dateModified\":\"2025-03-03T17:15:46+00:00\",\"description\":\"An enjoyable Birdwatching Tour, no matter your level of birding ability and expertise. Focus on the Ria Formosa Park and in the Castro Marim Nature Reserve.\",\"breadcrumb\":{\"@id\":\"https:\\\/\\\/self-drive.booking-portugal.com\\\/product\\\/birding-in-coastal-west-algarve-3400s\\\/#breadcrumb\"},\"inLanguage\":\"de\",\"potentialAction\":[{\"@type\":\"ReadAction\",\"target\":[\"https:\\\/\\\/self-drive.booking-portugal.com\\\/product\\\/birding-in-coastal-west-algarve-3400s\\\/\"]}]},{\"@type\":\"ImageObject\",\"inLanguage\":\"de\",\"@id\":\"https:\\\/\\\/self-drive.booking-portugal.com\\\/product\\\/birding-in-coastal-west-algarve-3400s\\\/#primaryimage\",\"url\":\"https:\\\/\\\/self-drive.booking-portugal.com\\\/wp-content\\\/uploads\\\/sites\\\/8\\\/2020\\\/12\\\/LittleBustard.jpg\",\"contentUrl\":\"https:\\\/\\\/self-drive.booking-portugal.com\\\/wp-content\\\/uploads\\\/sites\\\/8\\\/2020\\\/12\\\/LittleBustard.jpg\",\"width\":1200,\"height\":800,\"caption\":\"Little Bustard, photo Peter Dedicoat\"},{\"@type\":\"BreadcrumbList\",\"@id\":\"https:\\\/\\\/self-drive.booking-portugal.com\\\/product\\\/birding-in-coastal-west-algarve-3400s\\\/#breadcrumb\",\"itemListElement\":[{\"@type\":\"ListItem\",\"position\":1,\"name\":\"Home\",\"item\":\"https:\\\/\\\/self-drive.booking-portugal.com\\\/\"},{\"@type\":\"ListItem\",\"position\":2,\"name\":\"Shop\",\"item\":\"https:\\\/\\\/self-drive.booking-portugal.com\\\/?page_id=5874\"},{\"@type\":\"ListItem\",\"position\":3,\"name\":\"Algarve\",\"item\":\"https:\\\/\\\/self-drive.booking-portugal.com\\\/de\\\/produkt-schlagwort\\\/algarve\\\/\"},{\"@type\":\"ListItem\",\"position\":4,\"name\":\"Birding Holiday in Coastal West Algarve\"}]},{\"@type\":\"WebSite\",\"@id\":\"https:\\\/\\\/self-drive.booking-portugal.com\\\/#website\",\"url\":\"https:\\\/\\\/self-drive.booking-portugal.com\\\/\",\"name\":\"Self Drive Booking Portugal\",\"description\":\"Self Drive Holidays in Portugal\",\"publisher\":{\"@id\":\"https:\\\/\\\/self-drive.booking-portugal.com\\\/#organization\"},\"potentialAction\":[{\"@type\":\"SearchAction\",\"target\":{\"@type\":\"EntryPoint\",\"urlTemplate\":\"https:\\\/\\\/self-drive.booking-portugal.com\\\/?s={search_term_string}\"},\"query-input\":{\"@type\":\"PropertyValueSpecification\",\"valueRequired\":true,\"valueName\":\"search_term_string\"}}],\"inLanguage\":\"de\"},{\"@type\":\"Organization\",\"@id\":\"https:\\\/\\\/self-drive.booking-portugal.com\\\/#organization\",\"name\":\"Self Drive Booking Portugal\",\"url\":\"https:\\\/\\\/self-drive.booking-portugal.com\\\/\",\"logo\":{\"@type\":\"ImageObject\",\"inLanguage\":\"de\",\"@id\":\"https:\\\/\\\/self-drive.booking-portugal.com\\\/#\\\/schema\\\/logo\\\/image\\\/\",\"url\":\"https:\\\/\\\/self-drive.booking-portugal.com\\\/wp-content\\\/uploads\\\/sites\\\/8\\\/2020\\\/03\\\/Logo_BeCool.jpg\",\"contentUrl\":\"https:\\\/\\\/self-drive.booking-portugal.com\\\/wp-content\\\/uploads\\\/sites\\\/8\\\/2020\\\/03\\\/Logo_BeCool.jpg\",\"width\":534,\"height\":534,\"caption\":\"Self Drive Booking Portugal\"},\"image\":{\"@id\":\"https:\\\/\\\/self-drive.booking-portugal.com\\\/#\\\/schema\\\/logo\\\/image\\\/\"},\"sameAs\":[\"https:\\\/\\\/www.facebook.com\\\/becooltravelagency\\\/\",\"https:\\\/\\\/x.com\\\/becool_travel\",\"https:\\\/\\\/www.instagram.com\\\/becooltravel_com\\\/\",\"https:\\\/\\\/www.linkedin.com\\\/company\\\/becool-travel\\\/\",\"https:\\\/\\\/www.youtube.com\\\/channel\\\/UCE7zRU3EVG1PgfXwQo-5uJw\"]}]}<\/script>\n<!-- \/ Yoast SEO Premium plugin. -->","yoast_head_json":{"title":"Vogelbeobachtungsurlaub an der Westk\u00fcste der Algarve - Selbstfahrer-Buchung Portugal","description":"Eine unterhaltsame Vogelbeobachtungstour, unabh\u00e4ngig von Ihrem Kenntnisstand und Ihrer Erfahrung. Schwerpunkt sind der Ria Formosa Park und das Naturschutzgebiet Castro Marim.","robots":{"index":"index","follow":"follow","max-snippet":"max-snippet:-1","max-image-preview":"max-image-preview:large","max-video-preview":"max-video-preview:-1"},"canonical":"https:\/\/self-drive.booking-portugal.com\/de\/produkt\/birding-in-coastal-west-algarve-3400s\/","og_locale":"de_DE","og_type":"article","og_title":"Birding in Coastal West Algarve","og_description":"The West Algarve has very diverse habitats \u2013 from cliffs to coastal wetlands and from small forest patches to scrub-covered hills. At almost any time of the year, there is something of interest to see!In this personalized self-drive birding tour, we present a collection of itineraries to birding hotspots, aiming at helping you to get the best birding opportunities!In Vilamoura, you'll be set to explore probably the most extensive area of reed beds and lagoons in the Algarve, at Lagoa dos Salgados.","og_url":"https:\/\/self-drive.booking-portugal.com\/de\/produkt\/birding-in-coastal-west-algarve-3400s\/","og_site_name":"Self Drive Booking Portugal","article_publisher":"https:\/\/www.facebook.com\/becooltravelagency\/","article_modified_time":"2025-03-03T17:15:46+00:00","og_image":[{"width":1200,"height":800,"url":"https:\/\/self-drive.booking-portugal.com\/wp-content\/uploads\/sites\/8\/2020\/05\/Birdwatching-Algarve-Sardinian-Warbler.jpg","type":"image\/jpeg"}],"twitter_card":"summary_large_image","twitter_title":"Birding in Coastal West Algarve","twitter_description":"All year round you find Red-crested Pochard, Little Bittern, Purple Swamp-hen, Black-headed Weaver, and Great Crested Grebe.At the southern end of the lake lie the channels, salt marshes, lagoons, and sandy barrier islands of the Ria Formosa Natural Park which, depending on the tide and the season, can be teeming with waders, gulls, herons, and egrets.In Ludo, in the busy salt-producing farms, it's possible to see Greater Flamingo, Eurasian Spoonbill, Booted Eagles, and many nesting White Storks.You then head to the remote southwest corner of Europe, to Sagres, in the Sudoeste Alentejano e Costa Vicentina Natural Park.","twitter_image":"https:\/\/self-drive.booking-portugal.com\/wp-content\/uploads\/sites\/8\/2020\/05\/Birdwatching-Algarve-Collared-Pratincole.jpg","twitter_site":"@becool_travel","twitter_misc":{"Gesch\u00e4tzte Lesezeit":"3\u00a0Minuten"},"schema":{"@context":"https:\/\/schema.org","@graph":[{"@type":"WebPage","@id":"https:\/\/self-drive.booking-portugal.com\/product\/birding-in-coastal-west-algarve-3400s\/","url":"https:\/\/self-drive.booking-portugal.com\/product\/birding-in-coastal-west-algarve-3400s\/","name":"Vogelbeobachtungsurlaub an der Westk\u00fcste der Algarve - Selbstfahrer-Buchung Portugal","isPartOf":{"@id":"https:\/\/self-drive.booking-portugal.com\/#website"},"primaryImageOfPage":{"@id":"https:\/\/self-drive.booking-portugal.com\/product\/birding-in-coastal-west-algarve-3400s\/#primaryimage"},"image":{"@id":"https:\/\/self-drive.booking-portugal.com\/product\/birding-in-coastal-west-algarve-3400s\/#primaryimage"},"thumbnailUrl":"https:\/\/self-drive.booking-portugal.com\/wp-content\/uploads\/sites\/8\/2020\/12\/LittleBustard.jpg","datePublished":"2020-06-15T10:06:10+00:00","dateModified":"2025-03-03T17:15:46+00:00","description":"Eine unterhaltsame Vogelbeobachtungstour, unabh\u00e4ngig von Ihrem Kenntnisstand und Ihrer Erfahrung. Schwerpunkt sind der Ria Formosa Park und das Naturschutzgebiet Castro Marim.","breadcrumb":{"@id":"https:\/\/self-drive.booking-portugal.com\/product\/birding-in-coastal-west-algarve-3400s\/#breadcrumb"},"inLanguage":"de","potentialAction":[{"@type":"ReadAction","target":["https:\/\/self-drive.booking-portugal.com\/product\/birding-in-coastal-west-algarve-3400s\/"]}]},{"@type":"ImageObject","inLanguage":"de","@id":"https:\/\/self-drive.booking-portugal.com\/product\/birding-in-coastal-west-algarve-3400s\/#primaryimage","url":"https:\/\/self-drive.booking-portugal.com\/wp-content\/uploads\/sites\/8\/2020\/12\/LittleBustard.jpg","contentUrl":"https:\/\/self-drive.booking-portugal.com\/wp-content\/uploads\/sites\/8\/2020\/12\/LittleBustard.jpg","width":1200,"height":800,"caption":"Little Bustard, photo Peter Dedicoat"},{"@type":"BreadcrumbList","@id":"https:\/\/self-drive.booking-portugal.com\/product\/birding-in-coastal-west-algarve-3400s\/#breadcrumb","itemListElement":[{"@type":"ListItem","position":1,"name":"Home","item":"https:\/\/self-drive.booking-portugal.com\/"},{"@type":"ListItem","position":2,"name":"Shop","item":"https:\/\/self-drive.booking-portugal.com\/?page_id=5874"},{"@type":"ListItem","position":3,"name":"Algarve","item":"https:\/\/self-drive.booking-portugal.com\/de\/produkt-schlagwort\/algarve\/"},{"@type":"ListItem","position":4,"name":"Birding Holiday in Coastal West Algarve"}]},{"@type":"WebSite","@id":"https:\/\/self-drive.booking-portugal.com\/#website","url":"https:\/\/self-drive.booking-portugal.com\/","name":"Selbstfahrerbuchung Portugal","description":"Selbstfahrer-Urlaub in Portugal","publisher":{"@id":"https:\/\/self-drive.booking-portugal.com\/#organization"},"potentialAction":[{"@type":"SearchAction","target":{"@type":"EntryPoint","urlTemplate":"https:\/\/self-drive.booking-portugal.com\/?s={search_term_string}"},"query-input":{"@type":"PropertyValueSpecification","valueRequired":true,"valueName":"search_term_string"}}],"inLanguage":"de"},{"@type":"Organization","@id":"https:\/\/self-drive.booking-portugal.com\/#organization","name":"Selbstfahrerbuchung Portugal","url":"https:\/\/self-drive.booking-portugal.com\/","logo":{"@type":"ImageObject","inLanguage":"de","@id":"https:\/\/self-drive.booking-portugal.com\/#\/schema\/logo\/image\/","url":"https:\/\/self-drive.booking-portugal.com\/wp-content\/uploads\/sites\/8\/2020\/03\/Logo_BeCool.jpg","contentUrl":"https:\/\/self-drive.booking-portugal.com\/wp-content\/uploads\/sites\/8\/2020\/03\/Logo_BeCool.jpg","width":534,"height":534,"caption":"Self Drive Booking Portugal"},"image":{"@id":"https:\/\/self-drive.booking-portugal.com\/#\/schema\/logo\/image\/"},"sameAs":["https:\/\/www.facebook.com\/becooltravelagency\/","https:\/\/x.com\/becool_travel","https:\/\/www.instagram.com\/becooltravel_com\/","https:\/\/www.linkedin.com\/company\/becool-travel\/","https:\/\/www.youtube.com\/channel\/UCE7zRU3EVG1PgfXwQo-5uJw"]}]}},"_links":{"self":[{"href":"https:\/\/self-drive.booking-portugal.com\/de\/wp-json\/wp\/v2\/product\/5178","targetHints":{"allow":["GET"]}}],"collection":[{"href":"https:\/\/self-drive.booking-portugal.com\/de\/wp-json\/wp\/v2\/product"}],"about":[{"href":"https:\/\/self-drive.booking-portugal.com\/de\/wp-json\/wp\/v2\/types\/product"}],"replies":[{"embeddable":true,"href":"https:\/\/self-drive.booking-portugal.com\/de\/wp-json\/wp\/v2\/comments?post=5178"}],"wp:featuredmedia":[{"embeddable":true,"href":"https:\/\/self-drive.booking-portugal.com\/de\/wp-json\/wp\/v2\/media\/6232"}],"wp:attachment":[{"href":"https:\/\/self-drive.booking-portugal.com\/de\/wp-json\/wp\/v2\/media?parent=5178"}],"wp:term":[{"taxonomy":"product_brand","embeddable":true,"href":"https:\/\/self-drive.booking-portugal.com\/de\/wp-json\/wp\/v2\/product_brand?post=5178"},{"taxonomy":"product_cat","embeddable":true,"href":"https:\/\/self-drive.booking-portugal.com\/de\/wp-json\/wp\/v2\/product_cat?post=5178"},{"taxonomy":"product_tag","embeddable":true,"href":"https:\/\/self-drive.booking-portugal.com\/de\/wp-json\/wp\/v2\/product_tag?post=5178"}],"curies":[{"name":"wp","href":"https:\/\/api.w.org\/{rel}","templated":true}]}}