{"id":5092,"date":"2020-06-03T11:18:04","date_gmt":"2020-06-03T11:18:04","guid":{"rendered":"https:\/\/becooltravel.com\/product\/lagos-on-the-road-in-the-west-algarve-56001sc\/"},"modified":"2022-01-02T22:58:19","modified_gmt":"2022-01-02T22:58:19","slug":"lagos-on-the-road-in-the-west-algarve-56001sc","status":"publish","type":"product","link":"https:\/\/self-drive.booking-portugal.com\/de\/produkt\/lagos-on-the-road-in-the-west-algarve-56001sc\/","title":{"rendered":"Lagos Self-Drive: Unterwegs an der Westalgarve"},"content":{"rendered":"<p>Machen Sie sich mit dieser Selbstfahrer-Tour entlang der Westalgarve auf den Weg! Eine Route, die von Einheimischen entworfen wurde, um Ihnen die besten Seiten der Region zu zeigen.<\/p>\n<p>Betrachten Sie den Horizont von den dramatischen Klippen der Vicentina-K\u00fcste; besuchen Sie die gr\u00fcnen H\u00fcgel von Monchique; Sehen Sie sich Orte an, die Sie gesehen haben m\u00fcssen, wie Ponta da Piedade; genie\u00dfen Sie die Natur in Ria de Alvor; Genie\u00dfen Sie die frischen Meeresfr\u00fcchte und die erlesenen portugiesischen Weine!<\/p>\n<p>Die Tour findet in Lagos statt, einer historischen und kosmopolitischen K\u00fcstenstadt.<\/p>\n<p>&nbsp;<\/p>\n<div id=\"attachment_1856\" style=\"width: 1034px\" class=\"wp-caption alignnone\"><img decoding=\"async\" aria-describedby=\"caption-attachment-1856\" class=\"wp-image-1856 size-large\" title=\"Wandern im Zentrum von Lagos\" src=\"https:\/\/legendatours.net\/wp-content\/uploads\/2020\/03\/Lagos_city_centre-1024x776.jpg\" alt=\"Walking in Lagos centre\" width=\"1024\" height=\"776\" \/><p id=\"caption-attachment-1856\" class=\"wp-caption-text\"><a href=\"..\/..\/?s=Walking+in+Lagos\" target=\"_blank\" rel=\"noopener\">Wandern in Lagos<\/a> Center. Das historische Zentrum von Lagos mit Blick auf den Hafen und die M\u00fcndung.<\/p><\/div>\n<p>Die Altstadt ist voller kleiner Boutiquen, Restaurants und einer F\u00fclle von historischen und kulturellen St\u00e4tten. Eine wundersch\u00f6ne Mauer und ein Fort s\u00e4umen das Ufer und blicken auf eine gro\u00dfe Bucht und den feinen Sand des Strandes Meia Praia.<\/p>\n<p>Von Lagos aus k\u00f6nnen Sie die Vicentina-K\u00fcste, Sagres und die Klippen von Cape S. Vicent, dem s\u00fcdwestlichsten Punkt Portugals und Europas, besuchen. Die Klippen sind schwindelerregende 60 Meter hoch und fallen in die w\u00fctende Gischt der Wellen ab.<\/p>\n<p>Unterwegs ein Highlight f\u00fcr die einzigartige Landschaft von Ponta da Piedade, ein wahres Postkartenbild Ihrer unvergesslichen Ferien.<\/p>\n<div id=\"attachment_1858\" style=\"width: 1034px\" class=\"wp-caption alignnone\"><img decoding=\"async\" aria-describedby=\"caption-attachment-1858\" class=\"wp-image-1858 size-large\" title=\"Atemberaubende Aussicht von der Spitze der Klippe Lagos\" src=\"https:\/\/legendatours.net\/wp-content\/uploads\/2020\/03\/Lagos_pontaPiedade-1024x700.jpg\" alt=\"Stunning view from top of the cliff Lagos\" width=\"1024\" height=\"700\" \/><p id=\"caption-attachment-1858\" class=\"wp-caption-text\">Atemberaubende Aussicht von der Spitze der Klippe Lagos. <a href=\"..\/..\/?s=Ponta+da+Piedade\" target=\"_blank\" rel=\"noopener\">Ponta da Piedade<\/a>, wundersch\u00f6ne Meere und goldene Klippen.<\/p><\/div>\n<p>Die Str\u00e4nde von Arrifana und Odeceixe verstecken endlose D\u00fcnen, umgeben von winzigen Wildblumen, wo die einzigen Ger\u00e4usche von den Wellen, den M\u00f6wen und dem Gesang der salzigen Winde kommen.<\/p>\n<p>Besuchen Sie Monchique, eingebettet in die Falten der H\u00fcgel. In der N\u00e4he befindet sich der h\u00f6chste Gipfel der Algarve, F\u00f3ia, von wo aus Sie einen Blick bis zum Alentejo haben.<\/p>\n<p>Um Ihr Erlebnis abzurunden, verpassen Sie nicht die exquisiten regionalen Gerichte aus dem Meer und vom Land, begleitet von ausgezeichneten portugiesischen Weinen.<\/p>\n<p>Lassen Sie sich von uns die Westalgarve zeigen, Sie werden eine andere Seite dieser einladenden Region mit einer gro\u00dfz\u00fcgigen Kultur und beeindruckender nat\u00fcrlicher Sch\u00f6nheit nach Hause bringen!<\/p>\n<div class=\"row\" style=\"display: flex;\">\n<div class=\"column\" style=\"flex: 45%;\"><\/div>\n<div class=\"column\" style=\"flex: 10%;\"><\/div>\n<div class=\"column\" style=\"flex: 45%;\">\n<p><iframe title=\"Algarve wie nie zuvor gesehen\" width=\"1080\" height=\"608\" src=\"https:\/\/www.youtube.com\/embed\/9dQqiVTNTj4?feature=oembed\" frameborder=\"0\" allow=\"accelerometer; autoplay; clipboard-write; encrypted-media; gyroscope; picture-in-picture\" allowfullscreen><\/iframe><\/p>\n<\/div>\n<\/div>","protected":false},"excerpt":{"rendered":"<p>Machen Sie sich mit dieser Selbstfahrer-Tour entlang der Westalgarve auf den Weg! Eine Route, die von Einheimischen entworfen wurde, um Ihnen die besten Seiten der Region zu zeigen.<\/p>\n<p>Betrachten Sie den Horizont von den dramatischen Klippen der Vicentina-K\u00fcste; besuchen Sie die gr\u00fcnen H\u00fcgel von Monchique; Sehen Sie sich Orte an, die Sie gesehen haben m\u00fcssen, wie Ponta da Piedade; genie\u00dfen Sie die Natur in Ria de Alvor; Genie\u00dfen Sie die frischen Meeresfr\u00fcchte und die erlesenen portugiesischen Weine!<\/p>\n<p>Die Tour findet in Lagos statt, einer historischen und kosmopolitischen K\u00fcstenstadt.<\/p>","protected":false},"featured_media":6379,"comment_status":"closed","ping_status":"closed","template":"","meta":{"_acf_changed":false,"inline_featured_image":false},"product_brand":[],"product_cat":[996,1046,18],"product_tag":[488,424,617,997,742,743,236,724,725,185,187,188,565,726,358,196,998,1052,156,392,201,728,744,745,346,746,730,210,688,211,747,363,748,497,749,750,732,999,1072,719,899,164,703,533,165,166,262,218,219,769,1000,1001,252,686,253,734,1002,1003,751,735,230],"class_list":{"0":"post-5092","1":"product","2":"type-product","3":"status-publish","4":"has-post-thumbnail","6":"product_cat-self-drive-holidays-portugal","7":"product_cat-self-guided-sightseeing-holidays-in-portugal","8":"product_cat-self-guided-tours-portugal","9":"product_tag-algarve-city","10":"product_tag-algarve-coast","11":"product_tag-algarve-spectacular-coastline","12":"product_tag-alleine-reisen","13":"product_tag-atlantic-ocean","14":"product_tag-carapateira","15":"product_tag-castle","16":"product_tag-coastal","17":"product_tag-colours","18":"product_tag-countryside","19":"product_tag-culture","20":"product_tag-delicious-food","21":"product_tag-fly-drive","22":"product_tag-hills","23":"product_tag-historic-centre","24":"product_tag-history","25":"product_tag-individuelle-touren","26":"product_tag-individuelle-wandertouren","27":"product_tag-lagos","28":"product_tag-landscape","29":"product_tag-lush-green-hills","30":"product_tag-market","31":"product_tag-martim-longo","32":"product_tag-monchique","33":"product_tag-natural-park","34":"product_tag-odeceixe","35":"product_tag-parapets","36":"product_tag-picturesque-landscapes","37":"product_tag-ponta-da-piedade","38":"product_tag-portimao","39":"product_tag-praia-da-luz","40":"product_tag-protected-area","41":"product_tag-querenca","42":"product_tag-sagres","43":"product_tag-salema","44":"product_tag-sao-bartolomeu-de-messines","45":"product_tag-secluded-beaches","46":"product_tag-sejour-en-liberte","47":"product_tag-sel","48":"product_tag-self-drive-holiday","49":"product_tag-self-guide-tour","50":"product_tag-self-guided","51":"product_tag-self-guided-holiday","52":"product_tag-self-guided-holidays","53":"product_tag-self-guided-walking","54":"product_tag-self-guided-walking-holiday","55":"product_tag-self-guided-walks","56":"product_tag-sightseeing","57":"product_tag-silves","58":"product_tag-slave-market-lagos","59":"product_tag-solo-reisen","60":"product_tag-tours-autoguidees","61":"product_tag-traditions","62":"product_tag-undulating-plains","63":"product_tag-valleys","64":"product_tag-village","65":"product_tag-voyage-en-liberte","66":"product_tag-voyages-en-autonomie","67":"product_tag-western-algarve","68":"product_tag-white-washed-houses","69":"product_tag-wines","70":"pa_duration-5-days-4-nights","72":"first","73":"instock","74":"virtual","75":"taxable","76":"product-type-simple"},"acf":[],"yoast_head":"<!-- This site is optimized with the Yoast SEO Premium plugin v26.8 (Yoast SEO v27.4) - https:\/\/yoast.com\/product\/yoast-seo-premium-wordpress\/ -->\n<title>Lagos Self-Drive : On the Road in the West Algarve - Self Drive Booking Portugal<\/title>\n<meta name=\"description\" content=\"This road trip is an exciting way of discovering the surprises of the West Algarve! A self-drive itinerary designed by locals, to those special spots that leave long-lasting memories of a happy holiday.\" \/>\n<meta name=\"robots\" content=\"index, follow, max-snippet:-1, max-image-preview:large, max-video-preview:-1\" \/>\n<link rel=\"canonical\" href=\"https:\/\/self-drive.booking-portugal.com\/de\/produkt\/lagos-on-the-road-in-the-west-algarve-56001sc\/\" \/>\n<meta property=\"og:locale\" content=\"de_DE\" \/>\n<meta property=\"og:type\" content=\"article\" \/>\n<meta property=\"og:title\" content=\"Hit the road with this self-drive tour along the West Algarve\" \/>\n<meta property=\"og:description\" content=\"Let us show you the West Algarve, you&#039;ll bring home a different side of this welcoming region, with a generous culture and impressive natural beauty!\" \/>\n<meta property=\"og:url\" content=\"https:\/\/self-drive.booking-portugal.com\/de\/produkt\/lagos-on-the-road-in-the-west-algarve-56001sc\/\" \/>\n<meta property=\"og:site_name\" content=\"Self Drive Booking Portugal\" \/>\n<meta property=\"article:publisher\" content=\"https:\/\/www.facebook.com\/becooltravelagency\/\" \/>\n<meta property=\"article:modified_time\" content=\"2022-01-02T22:58:19+00:00\" \/>\n<meta property=\"og:image\" content=\"https:\/\/self-drive.booking-portugal.com\/wp-content\/uploads\/sites\/8\/2020\/05\/Lagos-fortress-2.jpg\" \/>\n\t<meta property=\"og:image:width\" content=\"1199\" \/>\n\t<meta property=\"og:image:height\" content=\"800\" \/>\n\t<meta property=\"og:image:type\" content=\"image\/jpeg\" \/>\n<meta name=\"twitter:card\" content=\"summary_large_image\" \/>\n<meta name=\"twitter:title\" content=\"Hit the road with this self-drive tour along the West Algarve\" \/>\n<meta name=\"twitter:description\" content=\"Let us show you the West Algarve, you&#039;ll bring home a different side of this welcoming region, with a generous culture and impressive natural beauty!\" \/>\n<meta name=\"twitter:image\" content=\"https:\/\/self-drive.booking-portugal.com\/wp-content\/uploads\/sites\/8\/2020\/05\/Caravela_Boa_Esperanca_Lagos.jpg\" \/>\n<meta name=\"twitter:site\" content=\"@becool_travel\" \/>\n<meta name=\"twitter:label1\" content=\"Gesch\u00e4tzte Lesezeit\" \/>\n\t<meta name=\"twitter:data1\" content=\"2\u00a0Minuten\" \/>\n<script type=\"application\/ld+json\" class=\"yoast-schema-graph\">{\"@context\":\"https:\\\/\\\/schema.org\",\"@graph\":[{\"@type\":\"WebPage\",\"@id\":\"https:\\\/\\\/self-drive.booking-portugal.com\\\/product\\\/lagos-on-the-road-in-the-west-algarve-56001sc\\\/\",\"url\":\"https:\\\/\\\/self-drive.booking-portugal.com\\\/product\\\/lagos-on-the-road-in-the-west-algarve-56001sc\\\/\",\"name\":\"Lagos Self-Drive : On the Road in the West Algarve - Self Drive Booking Portugal\",\"isPartOf\":{\"@id\":\"https:\\\/\\\/self-drive.booking-portugal.com\\\/#website\"},\"primaryImageOfPage\":{\"@id\":\"https:\\\/\\\/self-drive.booking-portugal.com\\\/product\\\/lagos-on-the-road-in-the-west-algarve-56001sc\\\/#primaryimage\"},\"image\":{\"@id\":\"https:\\\/\\\/self-drive.booking-portugal.com\\\/product\\\/lagos-on-the-road-in-the-west-algarve-56001sc\\\/#primaryimage\"},\"thumbnailUrl\":\"https:\\\/\\\/self-drive.booking-portugal.com\\\/wp-content\\\/uploads\\\/sites\\\/8\\\/2021\\\/01\\\/Odemira_Coast.jpg\",\"datePublished\":\"2020-06-03T11:18:04+00:00\",\"dateModified\":\"2022-01-02T22:58:19+00:00\",\"description\":\"This road trip is an exciting way of discovering the surprises of the West Algarve! A self-drive itinerary designed by locals, to those special spots that leave long-lasting memories of a happy holiday.\",\"breadcrumb\":{\"@id\":\"https:\\\/\\\/self-drive.booking-portugal.com\\\/product\\\/lagos-on-the-road-in-the-west-algarve-56001sc\\\/#breadcrumb\"},\"inLanguage\":\"de\",\"potentialAction\":[{\"@type\":\"ReadAction\",\"target\":[\"https:\\\/\\\/self-drive.booking-portugal.com\\\/product\\\/lagos-on-the-road-in-the-west-algarve-56001sc\\\/\"]}]},{\"@type\":\"ImageObject\",\"inLanguage\":\"de\",\"@id\":\"https:\\\/\\\/self-drive.booking-portugal.com\\\/product\\\/lagos-on-the-road-in-the-west-algarve-56001sc\\\/#primaryimage\",\"url\":\"https:\\\/\\\/self-drive.booking-portugal.com\\\/wp-content\\\/uploads\\\/sites\\\/8\\\/2021\\\/01\\\/Odemira_Coast.jpg\",\"contentUrl\":\"https:\\\/\\\/self-drive.booking-portugal.com\\\/wp-content\\\/uploads\\\/sites\\\/8\\\/2021\\\/01\\\/Odemira_Coast.jpg\",\"width\":1200,\"height\":797,\"caption\":\"Vicentina Coast\"},{\"@type\":\"BreadcrumbList\",\"@id\":\"https:\\\/\\\/self-drive.booking-portugal.com\\\/product\\\/lagos-on-the-road-in-the-west-algarve-56001sc\\\/#breadcrumb\",\"itemListElement\":[{\"@type\":\"ListItem\",\"position\":1,\"name\":\"Home\",\"item\":\"https:\\\/\\\/self-drive.booking-portugal.com\\\/\"},{\"@type\":\"ListItem\",\"position\":2,\"name\":\"Shop\",\"item\":\"https:\\\/\\\/self-drive.booking-portugal.com\\\/?page_id=5874\"},{\"@type\":\"ListItem\",\"position\":3,\"name\":\"Algarve city\",\"item\":\"https:\\\/\\\/self-drive.booking-portugal.com\\\/de\\\/produkt-schlagwort\\\/algarve-city\\\/\"},{\"@type\":\"ListItem\",\"position\":4,\"name\":\"Lagos Self-Drive : On the Road in the West Algarve\"}]},{\"@type\":\"WebSite\",\"@id\":\"https:\\\/\\\/self-drive.booking-portugal.com\\\/#website\",\"url\":\"https:\\\/\\\/self-drive.booking-portugal.com\\\/\",\"name\":\"Self Drive Booking Portugal\",\"description\":\"Self Drive Holidays in Portugal\",\"publisher\":{\"@id\":\"https:\\\/\\\/self-drive.booking-portugal.com\\\/#organization\"},\"potentialAction\":[{\"@type\":\"SearchAction\",\"target\":{\"@type\":\"EntryPoint\",\"urlTemplate\":\"https:\\\/\\\/self-drive.booking-portugal.com\\\/?s={search_term_string}\"},\"query-input\":{\"@type\":\"PropertyValueSpecification\",\"valueRequired\":true,\"valueName\":\"search_term_string\"}}],\"inLanguage\":\"de\"},{\"@type\":\"Organization\",\"@id\":\"https:\\\/\\\/self-drive.booking-portugal.com\\\/#organization\",\"name\":\"Self Drive Booking Portugal\",\"url\":\"https:\\\/\\\/self-drive.booking-portugal.com\\\/\",\"logo\":{\"@type\":\"ImageObject\",\"inLanguage\":\"de\",\"@id\":\"https:\\\/\\\/self-drive.booking-portugal.com\\\/#\\\/schema\\\/logo\\\/image\\\/\",\"url\":\"https:\\\/\\\/self-drive.booking-portugal.com\\\/wp-content\\\/uploads\\\/sites\\\/8\\\/2020\\\/03\\\/Logo_BeCool.jpg\",\"contentUrl\":\"https:\\\/\\\/self-drive.booking-portugal.com\\\/wp-content\\\/uploads\\\/sites\\\/8\\\/2020\\\/03\\\/Logo_BeCool.jpg\",\"width\":534,\"height\":534,\"caption\":\"Self Drive Booking Portugal\"},\"image\":{\"@id\":\"https:\\\/\\\/self-drive.booking-portugal.com\\\/#\\\/schema\\\/logo\\\/image\\\/\"},\"sameAs\":[\"https:\\\/\\\/www.facebook.com\\\/becooltravelagency\\\/\",\"https:\\\/\\\/x.com\\\/becool_travel\",\"https:\\\/\\\/www.instagram.com\\\/becooltravel_com\\\/\",\"https:\\\/\\\/www.linkedin.com\\\/company\\\/becool-travel\\\/\",\"https:\\\/\\\/www.youtube.com\\\/channel\\\/UCE7zRU3EVG1PgfXwQo-5uJw\"]}]}<\/script>\n<!-- \/ Yoast SEO Premium plugin. -->","yoast_head_json":{"title":"Lagos Self-Drive: Unterwegs in der Westalgarve - Self Drive Booking Portugal","description":"Dieser Roadtrip ist eine aufregende Art, die \u00dcberraschungen der Westalgarve zu entdecken! Eine von Einheimischen entworfene Route f\u00fcr Selbstfahrer zu diesen besonderen Orten, die langanhaltende Erinnerungen an einen gl\u00fccklichen Urlaub hinterlassen.","robots":{"index":"index","follow":"follow","max-snippet":"max-snippet:-1","max-image-preview":"max-image-preview:large","max-video-preview":"max-video-preview:-1"},"canonical":"https:\/\/self-drive.booking-portugal.com\/de\/produkt\/lagos-on-the-road-in-the-west-algarve-56001sc\/","og_locale":"de_DE","og_type":"article","og_title":"Hit the road with this self-drive tour along the West Algarve","og_description":"Let us show you the West Algarve, you'll bring home a different side of this welcoming region, with a generous culture and impressive natural beauty!","og_url":"https:\/\/self-drive.booking-portugal.com\/de\/produkt\/lagos-on-the-road-in-the-west-algarve-56001sc\/","og_site_name":"Self Drive Booking Portugal","article_publisher":"https:\/\/www.facebook.com\/becooltravelagency\/","article_modified_time":"2022-01-02T22:58:19+00:00","og_image":[{"width":1199,"height":800,"url":"https:\/\/self-drive.booking-portugal.com\/wp-content\/uploads\/sites\/8\/2020\/05\/Lagos-fortress-2.jpg","type":"image\/jpeg"}],"twitter_card":"summary_large_image","twitter_title":"Hit the road with this self-drive tour along the West Algarve","twitter_description":"Let us show you the West Algarve, you'll bring home a different side of this welcoming region, with a generous culture and impressive natural beauty!","twitter_image":"https:\/\/self-drive.booking-portugal.com\/wp-content\/uploads\/sites\/8\/2020\/05\/Caravela_Boa_Esperanca_Lagos.jpg","twitter_site":"@becool_travel","twitter_misc":{"Gesch\u00e4tzte Lesezeit":"2\u00a0Minuten"},"schema":{"@context":"https:\/\/schema.org","@graph":[{"@type":"WebPage","@id":"https:\/\/self-drive.booking-portugal.com\/product\/lagos-on-the-road-in-the-west-algarve-56001sc\/","url":"https:\/\/self-drive.booking-portugal.com\/product\/lagos-on-the-road-in-the-west-algarve-56001sc\/","name":"Lagos Self-Drive: Unterwegs in der Westalgarve - Self Drive Booking Portugal","isPartOf":{"@id":"https:\/\/self-drive.booking-portugal.com\/#website"},"primaryImageOfPage":{"@id":"https:\/\/self-drive.booking-portugal.com\/product\/lagos-on-the-road-in-the-west-algarve-56001sc\/#primaryimage"},"image":{"@id":"https:\/\/self-drive.booking-portugal.com\/product\/lagos-on-the-road-in-the-west-algarve-56001sc\/#primaryimage"},"thumbnailUrl":"https:\/\/self-drive.booking-portugal.com\/wp-content\/uploads\/sites\/8\/2021\/01\/Odemira_Coast.jpg","datePublished":"2020-06-03T11:18:04+00:00","dateModified":"2022-01-02T22:58:19+00:00","description":"Dieser Roadtrip ist eine aufregende Art, die \u00dcberraschungen der Westalgarve zu entdecken! Eine von Einheimischen entworfene Route f\u00fcr Selbstfahrer zu diesen besonderen Orten, die langanhaltende Erinnerungen an einen gl\u00fccklichen Urlaub hinterlassen.","breadcrumb":{"@id":"https:\/\/self-drive.booking-portugal.com\/product\/lagos-on-the-road-in-the-west-algarve-56001sc\/#breadcrumb"},"inLanguage":"de","potentialAction":[{"@type":"ReadAction","target":["https:\/\/self-drive.booking-portugal.com\/product\/lagos-on-the-road-in-the-west-algarve-56001sc\/"]}]},{"@type":"ImageObject","inLanguage":"de","@id":"https:\/\/self-drive.booking-portugal.com\/product\/lagos-on-the-road-in-the-west-algarve-56001sc\/#primaryimage","url":"https:\/\/self-drive.booking-portugal.com\/wp-content\/uploads\/sites\/8\/2021\/01\/Odemira_Coast.jpg","contentUrl":"https:\/\/self-drive.booking-portugal.com\/wp-content\/uploads\/sites\/8\/2021\/01\/Odemira_Coast.jpg","width":1200,"height":797,"caption":"Vicentina Coast"},{"@type":"BreadcrumbList","@id":"https:\/\/self-drive.booking-portugal.com\/product\/lagos-on-the-road-in-the-west-algarve-56001sc\/#breadcrumb","itemListElement":[{"@type":"ListItem","position":1,"name":"Home","item":"https:\/\/self-drive.booking-portugal.com\/"},{"@type":"ListItem","position":2,"name":"Shop","item":"https:\/\/self-drive.booking-portugal.com\/?page_id=5874"},{"@type":"ListItem","position":3,"name":"Algarve city","item":"https:\/\/self-drive.booking-portugal.com\/de\/produkt-schlagwort\/algarve-city\/"},{"@type":"ListItem","position":4,"name":"Lagos Self-Drive : On the Road in the West Algarve"}]},{"@type":"WebSite","@id":"https:\/\/self-drive.booking-portugal.com\/#website","url":"https:\/\/self-drive.booking-portugal.com\/","name":"Selbstfahrerbuchung Portugal","description":"Selbstfahrer-Urlaub in Portugal","publisher":{"@id":"https:\/\/self-drive.booking-portugal.com\/#organization"},"potentialAction":[{"@type":"SearchAction","target":{"@type":"EntryPoint","urlTemplate":"https:\/\/self-drive.booking-portugal.com\/?s={search_term_string}"},"query-input":{"@type":"PropertyValueSpecification","valueRequired":true,"valueName":"search_term_string"}}],"inLanguage":"de"},{"@type":"Organization","@id":"https:\/\/self-drive.booking-portugal.com\/#organization","name":"Selbstfahrerbuchung Portugal","url":"https:\/\/self-drive.booking-portugal.com\/","logo":{"@type":"ImageObject","inLanguage":"de","@id":"https:\/\/self-drive.booking-portugal.com\/#\/schema\/logo\/image\/","url":"https:\/\/self-drive.booking-portugal.com\/wp-content\/uploads\/sites\/8\/2020\/03\/Logo_BeCool.jpg","contentUrl":"https:\/\/self-drive.booking-portugal.com\/wp-content\/uploads\/sites\/8\/2020\/03\/Logo_BeCool.jpg","width":534,"height":534,"caption":"Self Drive Booking Portugal"},"image":{"@id":"https:\/\/self-drive.booking-portugal.com\/#\/schema\/logo\/image\/"},"sameAs":["https:\/\/www.facebook.com\/becooltravelagency\/","https:\/\/x.com\/becool_travel","https:\/\/www.instagram.com\/becooltravel_com\/","https:\/\/www.linkedin.com\/company\/becool-travel\/","https:\/\/www.youtube.com\/channel\/UCE7zRU3EVG1PgfXwQo-5uJw"]}]}},"_links":{"self":[{"href":"https:\/\/self-drive.booking-portugal.com\/de\/wp-json\/wp\/v2\/product\/5092","targetHints":{"allow":["GET"]}}],"collection":[{"href":"https:\/\/self-drive.booking-portugal.com\/de\/wp-json\/wp\/v2\/product"}],"about":[{"href":"https:\/\/self-drive.booking-portugal.com\/de\/wp-json\/wp\/v2\/types\/product"}],"replies":[{"embeddable":true,"href":"https:\/\/self-drive.booking-portugal.com\/de\/wp-json\/wp\/v2\/comments?post=5092"}],"wp:featuredmedia":[{"embeddable":true,"href":"https:\/\/self-drive.booking-portugal.com\/de\/wp-json\/wp\/v2\/media\/6379"}],"wp:attachment":[{"href":"https:\/\/self-drive.booking-portugal.com\/de\/wp-json\/wp\/v2\/media?parent=5092"}],"wp:term":[{"taxonomy":"product_brand","embeddable":true,"href":"https:\/\/self-drive.booking-portugal.com\/de\/wp-json\/wp\/v2\/product_brand?post=5092"},{"taxonomy":"product_cat","embeddable":true,"href":"https:\/\/self-drive.booking-portugal.com\/de\/wp-json\/wp\/v2\/product_cat?post=5092"},{"taxonomy":"product_tag","embeddable":true,"href":"https:\/\/self-drive.booking-portugal.com\/de\/wp-json\/wp\/v2\/product_tag?post=5092"}],"curies":[{"name":"wp","href":"https:\/\/api.w.org\/{rel}","templated":true}]}}