{"id":5091,"date":"2020-06-03T10:26:39","date_gmt":"2020-06-03T10:26:39","guid":{"rendered":"https:\/\/becooltravel.com\/product\/lagos-the-surprising-west-algarve-56000sc\/"},"modified":"2022-01-02T22:59:32","modified_gmt":"2022-01-02T22:59:32","slug":"lagos-the-surprising-west-algarve-56000sc","status":"publish","type":"product","link":"https:\/\/self-drive.booking-portugal.com\/de\/produkt\/lagos-the-surprising-west-algarve-56000sc\/","title":{"rendered":"Selbstfahrer-Urlaub in Lagos West Algarve"},"content":{"rendered":"<p>Dieser Roadtrip ist eine aufregende Art, die \u00dcberraschungen der Westalgarve zu entdecken! Eine von Einheimischen entworfene Route f\u00fcr Selbstfahrer zu diesen besonderen Orten, die langanhaltende Erinnerungen an einen gl\u00fccklichen Urlaub hinterlassen.<\/p>\n<p>Von der spektakul\u00e4ren K\u00fcste der Westalgarve mit dramatischen Klippen, die von den Atlantikwellen und einsamen Str\u00e4nden gepeitscht werden, bis hin zum idyllischen Landesinneren und den historischen St\u00e4dten, Sie werden sich auf ein wahres Vergn\u00fcgen freuen!<\/p>\n<div id=\"attachment_1856\" style=\"width: 1034px\" class=\"wp-caption alignnone\"><img decoding=\"async\" aria-describedby=\"caption-attachment-1856\" class=\"wp-image-1856 size-large\" src=\"https:\/\/legendatours.net\/wp-content\/uploads\/2020\/03\/Lagos_city_centre-1024x776.jpg\" alt=\"Walking in Lagos centre\" width=\"1024\" height=\"776\" \/><p id=\"caption-attachment-1856\" class=\"wp-caption-text\">Zentrum von Lagos. Legos ist eine stolze portugiesische Stadt mit gepflasterten Stra\u00dfen, authentischen Restaurants und einer entspannten und einladenden Atmosph\u00e4re.<\/p><\/div>\n<p>Die Tour findet in Lagos statt, einer historischen und kosmopolitischen Stadt.<\/p>\n<p>Mit Blick auf eine gro\u00dfe Bucht und den feinen Sand des Strandes Meia Praia war Lagos ein Ausgangspunkt f\u00fcr die Galeonen der Discoveries und auch ein Zufluchtsort f\u00fcr Freibeuter wie Sir Francis Drake.<\/p>\n<p>Eine sch\u00f6ne Mauer grenzt an die Uferpromenade, und die Altstadt ist voll von kleinen Boutiquen, Restaurants und einer F\u00fclle von historischen und kulturellen St\u00e4tten.<\/p>\n<p>Ein Highlight f\u00fcr die einzigartige Landschaft von Ponta da Piedade, ein wahres Postkartenbild Ihrer unvergesslichen Ferien.<\/p>\n<p>Von hier aus besuchen Sie die Costa Vicentina, Sagres und die Klippen von Cape S. Vicent, dem s\u00fcdwestlichsten Punkt Portugals und Europas. Die Klippen sind schwindelerregende 60 Meter hoch und fallen in die w\u00fctende Gischt der Wellen ab.<\/p>\n<div id=\"attachment_1861\" style=\"width: 1034px\" class=\"wp-caption alignnone\"><img decoding=\"async\" aria-describedby=\"caption-attachment-1861\" class=\"wp-image-1861 size-large\" src=\"https:\/\/legendatours.net\/wp-content\/uploads\/2020\/03\/Sagres_dramatic_views_cliffs-1024x686.jpg\" alt=\"Dramatic Views from West Algarve cliffs\" width=\"1024\" height=\"686\" \/><p id=\"caption-attachment-1861\" class=\"wp-caption-text\">Dramatische Ausblicke von den Klippen der Westalgarve in Sagres, die Erkundung einer Algarve weit entfernt von den Strandresorts und Golfpl\u00e4tzen weiter \u00f6stlich.<\/p><\/div>\n<p>Die Str\u00e4nde von Carrapateira und Odeceixe verstecken endlose D\u00fcnen, umgeben von winzigen Wildblumen, wo die einzigen Ger\u00e4usche von den Wellen, den M\u00f6wen und dem Gesang der salzigen Winde kommen.<\/p>\n<p>Besuchen Sie St\u00e4dte wie Monchique, eingebettet in die H\u00fcgellandschaft. In der N\u00e4he befindet sich der h\u00f6chste Gipfel der Algarve, F\u00f3ia, von wo aus Sie einen Blick bis zum Alentejo haben.<\/p>\n<p>Silves, die ehemalige maurische Hauptstadt der Algarve, erhebt sich auf einem H\u00fcgel um die roten Steinmauern der gut erhaltenen Burg. Es dominiert die Ebenen der Orangenhaine und die Ufer des Flusses Arade.<\/p>\n<p>In Portim\u00e3o und dem angrenzenden Praia da Rocha finden Sie einen der malerischsten und ber\u00fchmtesten Badeorte der Algarve.<\/p>\n<p>Um Ihre Erfahrung abzurunden und Ihnen die Kontraste dieser Region zu zeigen, haben Sie Reiserouten zu Orten, an denen die Zeit langsam vergeht und Sie fast vergessen, dass Sie sich in der gesch\u00e4ftigen Algarve befinden.<\/p>\n<div id=\"attachment_1869\" style=\"width: 1034px\" class=\"wp-caption alignnone\"><img decoding=\"async\" aria-describedby=\"caption-attachment-1869\" class=\"wp-image-1869 size-large\" src=\"https:\/\/legendatours.net\/wp-content\/uploads\/2020\/03\/alcoutim-1024x680.jpg\" alt=\"Alcoutim and the River Guadiana\" width=\"1024\" height=\"680\" \/><p id=\"caption-attachment-1869\" class=\"wp-caption-text\">Alcoutim und die <a href=\"..\/..\/?s=Guadiana\" target=\"_blank\" rel=\"noopener\">Fluss Guadiana<\/a>, fahren Sie entlang des Flusses Guadiana, der in der Burg von Alcoutim endet.<\/p><\/div>\n<p>Wenn Sie \u00fcber Inlandsstra\u00dfen nach Osten fahren, werden Sie S\u00e3o Bartolomeu de Messines und Queren\u00e7a erleben. Auf Ihrem Weg zum Fluss Guadiana an der Grenze zu Spanien finden Sie versteckte Sch\u00e4tze wie Martim Longo, Alcoutim und Vila Real de Sto Ant\u00f3nio.<\/p>\n<p>Und verpassen Sie nicht die exquisiten regionalen Gerichte aus dem Meer und vom Land, begleitet von hervorragenden portugiesischen Weinen.<\/p>\n<p>Lassen Sie sich von uns die besten Teile der Westalgarve zeigen und nehmen Sie eine andere Seite dieser einladenden Region mit nach Hause!<\/p>\n<div class=\"row\" style=\"display: flex;\">\n<div class=\"column\" style=\"flex: 45%;\"><\/div>\n<div class=\"column\" style=\"flex: 10%;\"><\/div>\n<div class=\"column\" style=\"flex: 45%;\"><\/div>\n<\/div>","protected":false},"excerpt":{"rendered":"<p>Dieser Roadtrip ist eine aufregende Art, die \u00dcberraschungen der Westalgarve zu entdecken! Eine von Einheimischen entworfene Route f\u00fcr Selbstfahrer zu diesen besonderen Orten, die langanhaltende Erinnerungen an einen gl\u00fccklichen Urlaub hinterlassen.<\/p>\n<p>Von der spektakul\u00e4ren K\u00fcste der Westalgarve mit dramatischen Klippen, die von den Atlantikwellen und einsamen Str\u00e4nden gepeitscht werden, bis hin zum idyllischen Landesinneren und den historischen St\u00e4dten, Sie werden sich auf ein wahres Vergn\u00fcgen freuen!<\/p>\n<p>Die Tour findet in Lagos statt, einer historischen und kosmopolitischen Stadt.<\/p>","protected":false},"featured_media":6386,"comment_status":"closed","ping_status":"closed","template":"","meta":{"_acf_changed":false,"inline_featured_image":false},"product_brand":[],"product_cat":[996,1046,18],"product_tag":[424,175,1063,997,742,705,743,236,724,725,185,186,187,188,341,726,358,196,998,156,392,201,728,744,745,346,746,730,210,688,211,747,363,748,497,749,750,732,999,719,164,703,534,218,219,769,1000,1001,252,686,253,734,1002,1003,751,735,230],"class_list":{"0":"post-5091","1":"product","2":"type-product","3":"status-publish","4":"has-post-thumbnail","6":"product_cat-self-drive-holidays-portugal","7":"product_cat-self-guided-sightseeing-holidays-in-portugal","8":"product_cat-self-guided-tours-portugal","9":"product_tag-algarve-coast","10":"product_tag-algarve-secluded-beaches","11":"product_tag-algarves-west-coast","12":"product_tag-alleine-reisen","13":"product_tag-atlantic-ocean","14":"product_tag-cabo-de-sao-vicente","15":"product_tag-carapateira","16":"product_tag-castle","17":"product_tag-coastal","18":"product_tag-colours","19":"product_tag-countryside","20":"product_tag-crafted-self-guided-tour","21":"product_tag-culture","22":"product_tag-delicious-food","23":"product_tag-gastronomy-and-wines","24":"product_tag-hills","25":"product_tag-historic-centre","26":"product_tag-history","27":"product_tag-individuelle-touren","28":"product_tag-lagos","29":"product_tag-landscape","30":"product_tag-lush-green-hills","31":"product_tag-market","32":"product_tag-martim-longo","33":"product_tag-monchique","34":"product_tag-natural-park","35":"product_tag-odeceixe","36":"product_tag-parapets","37":"product_tag-picturesque-landscapes","38":"product_tag-ponta-da-piedade","39":"product_tag-portimao","40":"product_tag-praia-da-luz","41":"product_tag-protected-area","42":"product_tag-querenca","43":"product_tag-sagres","44":"product_tag-salema","45":"product_tag-sao-bartolomeu-de-messines","46":"product_tag-secluded-beaches","47":"product_tag-sejour-en-liberte","48":"product_tag-self-drive-holiday","49":"product_tag-self-guided","50":"product_tag-self-guided-holiday","51":"product_tag-self-guided-sightseeing","52":"product_tag-sightseeing","53":"product_tag-silves","54":"product_tag-slave-market-lagos","55":"product_tag-solo-reisen","56":"product_tag-tours-autoguidees","57":"product_tag-traditions","58":"product_tag-undulating-plains","59":"product_tag-valleys","60":"product_tag-village","61":"product_tag-voyage-en-liberte","62":"product_tag-voyages-en-autonomie","63":"product_tag-western-algarve","64":"product_tag-white-washed-houses","65":"product_tag-wines","66":"pa_duration-8-days-7-nights","68":"first","69":"instock","70":"virtual","71":"taxable","72":"product-type-simple"},"acf":[],"yoast_head":"<!-- This site is optimized with the Yoast SEO Premium plugin v26.8 (Yoast SEO v27.4) - https:\/\/yoast.com\/product\/yoast-seo-premium-wordpress\/ -->\n<title>Self-Drive Holidays in Lagos West Algarve - Self Drive Booking Portugal<\/title>\n<meta name=\"description\" content=\"Road trip in the spectacular West Algarve\u2019s coast, with dramatic cliffs pounded by the Atlantic waves and secluded beaches, based in Lagos, a historical and cosmopolitan city.\" \/>\n<meta name=\"robots\" content=\"index, follow, max-snippet:-1, max-image-preview:large, max-video-preview:-1\" \/>\n<link rel=\"canonical\" href=\"https:\/\/self-drive.booking-portugal.com\/de\/produkt\/lagos-the-surprising-west-algarve-56000sc\/\" \/>\n<meta property=\"og:locale\" content=\"de_DE\" \/>\n<meta property=\"og:type\" content=\"article\" \/>\n<meta property=\"og:title\" content=\"The tour is based in Lagos, a historical and cosmopolitan city.\" \/>\n<meta property=\"og:description\" content=\"The beaches of Carrapateira and Odeceixe hide endless dunes, surrounded by tiny wildflowers, where the only sounds come from the waves, the seagulls, and the salty winds singing.Visit towns like Monchique, nestled in the folds of the hills. Nearby is the highest peak of the Algarve, F\u00f3ia, from where you have a view up to Alentejo.\" \/>\n<meta property=\"og:url\" content=\"https:\/\/self-drive.booking-portugal.com\/de\/produkt\/lagos-the-surprising-west-algarve-56000sc\/\" \/>\n<meta property=\"og:site_name\" content=\"Self Drive Booking Portugal\" \/>\n<meta property=\"article:publisher\" content=\"https:\/\/www.facebook.com\/becooltravelagency\/\" \/>\n<meta property=\"article:modified_time\" content=\"2022-01-02T22:59:32+00:00\" \/>\n<meta property=\"og:image\" content=\"https:\/\/self-drive.booking-portugal.com\/wp-content\/uploads\/sites\/8\/2020\/05\/Slave-market-Lagos.jpg\" \/>\n\t<meta property=\"og:image:width\" content=\"1200\" \/>\n\t<meta property=\"og:image:height\" content=\"800\" \/>\n\t<meta property=\"og:image:type\" content=\"image\/jpeg\" \/>\n<meta name=\"twitter:card\" content=\"summary_large_image\" \/>\n<meta name=\"twitter:title\" content=\"The tour is based in Lagos, a historical and cosmopolitan city.\" \/>\n<meta name=\"twitter:description\" content=\"From the spectacular West Algarve\u2019s coast, with dramatic cliffs pounded by the Atlantic waves and secluded beaches, to the bucolic interior, and the historic cities, you\u2019ll be up for a real treat!\" \/>\n<meta name=\"twitter:image\" content=\"https:\/\/self-drive.booking-portugal.com\/wp-content\/uploads\/sites\/8\/2020\/05\/Lagos_city_centre.jpg\" \/>\n<meta name=\"twitter:site\" content=\"@becool_travel\" \/>\n<meta name=\"twitter:label1\" content=\"Gesch\u00e4tzte Lesezeit\" \/>\n\t<meta name=\"twitter:data1\" content=\"3\u00a0Minuten\" \/>\n<script type=\"application\/ld+json\" class=\"yoast-schema-graph\">{\"@context\":\"https:\\\/\\\/schema.org\",\"@graph\":[{\"@type\":\"WebPage\",\"@id\":\"https:\\\/\\\/self-drive.booking-portugal.com\\\/product\\\/lagos-the-surprising-west-algarve-56000sc\\\/\",\"url\":\"https:\\\/\\\/self-drive.booking-portugal.com\\\/product\\\/lagos-the-surprising-west-algarve-56000sc\\\/\",\"name\":\"Self-Drive Holidays in Lagos West Algarve - Self Drive Booking Portugal\",\"isPartOf\":{\"@id\":\"https:\\\/\\\/self-drive.booking-portugal.com\\\/#website\"},\"primaryImageOfPage\":{\"@id\":\"https:\\\/\\\/self-drive.booking-portugal.com\\\/product\\\/lagos-the-surprising-west-algarve-56000sc\\\/#primaryimage\"},\"image\":{\"@id\":\"https:\\\/\\\/self-drive.booking-portugal.com\\\/product\\\/lagos-the-surprising-west-algarve-56000sc\\\/#primaryimage\"},\"thumbnailUrl\":\"https:\\\/\\\/self-drive.booking-portugal.com\\\/wp-content\\\/uploads\\\/sites\\\/8\\\/2021\\\/01\\\/West_Algarve_tour.jpg\",\"datePublished\":\"2020-06-03T10:26:39+00:00\",\"dateModified\":\"2022-01-02T22:59:32+00:00\",\"description\":\"Road trip in the spectacular West Algarve\u2019s coast, with dramatic cliffs pounded by the Atlantic waves and secluded beaches, based in Lagos, a historical and cosmopolitan city.\",\"breadcrumb\":{\"@id\":\"https:\\\/\\\/self-drive.booking-portugal.com\\\/product\\\/lagos-the-surprising-west-algarve-56000sc\\\/#breadcrumb\"},\"inLanguage\":\"de\",\"potentialAction\":[{\"@type\":\"ReadAction\",\"target\":[\"https:\\\/\\\/self-drive.booking-portugal.com\\\/product\\\/lagos-the-surprising-west-algarve-56000sc\\\/\"]}]},{\"@type\":\"ImageObject\",\"inLanguage\":\"de\",\"@id\":\"https:\\\/\\\/self-drive.booking-portugal.com\\\/product\\\/lagos-the-surprising-west-algarve-56000sc\\\/#primaryimage\",\"url\":\"https:\\\/\\\/self-drive.booking-portugal.com\\\/wp-content\\\/uploads\\\/sites\\\/8\\\/2021\\\/01\\\/West_Algarve_tour.jpg\",\"contentUrl\":\"https:\\\/\\\/self-drive.booking-portugal.com\\\/wp-content\\\/uploads\\\/sites\\\/8\\\/2021\\\/01\\\/West_Algarve_tour.jpg\",\"width\":1195,\"height\":800,\"caption\":\"West Algarve tour\"},{\"@type\":\"BreadcrumbList\",\"@id\":\"https:\\\/\\\/self-drive.booking-portugal.com\\\/product\\\/lagos-the-surprising-west-algarve-56000sc\\\/#breadcrumb\",\"itemListElement\":[{\"@type\":\"ListItem\",\"position\":1,\"name\":\"Home\",\"item\":\"https:\\\/\\\/self-drive.booking-portugal.com\\\/\"},{\"@type\":\"ListItem\",\"position\":2,\"name\":\"Shop\",\"item\":\"https:\\\/\\\/self-drive.booking-portugal.com\\\/?page_id=5874\"},{\"@type\":\"ListItem\",\"position\":3,\"name\":\"Algarve coast\",\"item\":\"https:\\\/\\\/self-drive.booking-portugal.com\\\/product-tag\\\/algarve-coast\\\/\"},{\"@type\":\"ListItem\",\"position\":4,\"name\":\"Self-Drive Holidays in Lagos West Algarve\"}]},{\"@type\":\"WebSite\",\"@id\":\"https:\\\/\\\/self-drive.booking-portugal.com\\\/#website\",\"url\":\"https:\\\/\\\/self-drive.booking-portugal.com\\\/\",\"name\":\"Self Drive Booking Portugal\",\"description\":\"Self Drive Holidays in Portugal\",\"publisher\":{\"@id\":\"https:\\\/\\\/self-drive.booking-portugal.com\\\/#organization\"},\"potentialAction\":[{\"@type\":\"SearchAction\",\"target\":{\"@type\":\"EntryPoint\",\"urlTemplate\":\"https:\\\/\\\/self-drive.booking-portugal.com\\\/?s={search_term_string}\"},\"query-input\":{\"@type\":\"PropertyValueSpecification\",\"valueRequired\":true,\"valueName\":\"search_term_string\"}}],\"inLanguage\":\"de\"},{\"@type\":\"Organization\",\"@id\":\"https:\\\/\\\/self-drive.booking-portugal.com\\\/#organization\",\"name\":\"Self Drive Booking Portugal\",\"url\":\"https:\\\/\\\/self-drive.booking-portugal.com\\\/\",\"logo\":{\"@type\":\"ImageObject\",\"inLanguage\":\"de\",\"@id\":\"https:\\\/\\\/self-drive.booking-portugal.com\\\/#\\\/schema\\\/logo\\\/image\\\/\",\"url\":\"https:\\\/\\\/self-drive.booking-portugal.com\\\/wp-content\\\/uploads\\\/sites\\\/8\\\/2020\\\/03\\\/Logo_BeCool.jpg\",\"contentUrl\":\"https:\\\/\\\/self-drive.booking-portugal.com\\\/wp-content\\\/uploads\\\/sites\\\/8\\\/2020\\\/03\\\/Logo_BeCool.jpg\",\"width\":534,\"height\":534,\"caption\":\"Self Drive Booking Portugal\"},\"image\":{\"@id\":\"https:\\\/\\\/self-drive.booking-portugal.com\\\/#\\\/schema\\\/logo\\\/image\\\/\"},\"sameAs\":[\"https:\\\/\\\/www.facebook.com\\\/becooltravelagency\\\/\",\"https:\\\/\\\/x.com\\\/becool_travel\",\"https:\\\/\\\/www.instagram.com\\\/becooltravel_com\\\/\",\"https:\\\/\\\/www.linkedin.com\\\/company\\\/becool-travel\\\/\",\"https:\\\/\\\/www.youtube.com\\\/channel\\\/UCE7zRU3EVG1PgfXwQo-5uJw\"]}]}<\/script>\n<!-- \/ Yoast SEO Premium plugin. -->","yoast_head_json":{"title":"Selbstfahrerurlaub in Lagos Westalgarve - Self Drive Booking Portugal","description":"Roadtrip an der spektakul\u00e4ren K\u00fcste der Westalgarve mit dramatischen, von den Wellen des Atlantiks umsp\u00fclten Klippen und einsamen Str\u00e4nden, mit Ausgangspunkt in Lagos, einer historischen und kosmopolitischen Stadt.","robots":{"index":"index","follow":"follow","max-snippet":"max-snippet:-1","max-image-preview":"max-image-preview:large","max-video-preview":"max-video-preview:-1"},"canonical":"https:\/\/self-drive.booking-portugal.com\/de\/produkt\/lagos-the-surprising-west-algarve-56000sc\/","og_locale":"de_DE","og_type":"article","og_title":"The tour is based in Lagos, a historical and cosmopolitan city.","og_description":"The beaches of Carrapateira and Odeceixe hide endless dunes, surrounded by tiny wildflowers, where the only sounds come from the waves, the seagulls, and the salty winds singing.Visit towns like Monchique, nestled in the folds of the hills. Nearby is the highest peak of the Algarve, F\u00f3ia, from where you have a view up to Alentejo.","og_url":"https:\/\/self-drive.booking-portugal.com\/de\/produkt\/lagos-the-surprising-west-algarve-56000sc\/","og_site_name":"Self Drive Booking Portugal","article_publisher":"https:\/\/www.facebook.com\/becooltravelagency\/","article_modified_time":"2022-01-02T22:59:32+00:00","og_image":[{"width":1200,"height":800,"url":"https:\/\/self-drive.booking-portugal.com\/wp-content\/uploads\/sites\/8\/2020\/05\/Slave-market-Lagos.jpg","type":"image\/jpeg"}],"twitter_card":"summary_large_image","twitter_title":"The tour is based in Lagos, a historical and cosmopolitan city.","twitter_description":"From the spectacular West Algarve\u2019s coast, with dramatic cliffs pounded by the Atlantic waves and secluded beaches, to the bucolic interior, and the historic cities, you\u2019ll be up for a real treat!","twitter_image":"https:\/\/self-drive.booking-portugal.com\/wp-content\/uploads\/sites\/8\/2020\/05\/Lagos_city_centre.jpg","twitter_site":"@becool_travel","twitter_misc":{"Gesch\u00e4tzte Lesezeit":"3\u00a0Minuten"},"schema":{"@context":"https:\/\/schema.org","@graph":[{"@type":"WebPage","@id":"https:\/\/self-drive.booking-portugal.com\/product\/lagos-the-surprising-west-algarve-56000sc\/","url":"https:\/\/self-drive.booking-portugal.com\/product\/lagos-the-surprising-west-algarve-56000sc\/","name":"Selbstfahrerurlaub in Lagos Westalgarve - Self Drive Booking Portugal","isPartOf":{"@id":"https:\/\/self-drive.booking-portugal.com\/#website"},"primaryImageOfPage":{"@id":"https:\/\/self-drive.booking-portugal.com\/product\/lagos-the-surprising-west-algarve-56000sc\/#primaryimage"},"image":{"@id":"https:\/\/self-drive.booking-portugal.com\/product\/lagos-the-surprising-west-algarve-56000sc\/#primaryimage"},"thumbnailUrl":"https:\/\/self-drive.booking-portugal.com\/wp-content\/uploads\/sites\/8\/2021\/01\/West_Algarve_tour.jpg","datePublished":"2020-06-03T10:26:39+00:00","dateModified":"2022-01-02T22:59:32+00:00","description":"Roadtrip an der spektakul\u00e4ren K\u00fcste der Westalgarve mit dramatischen, von den Wellen des Atlantiks umsp\u00fclten Klippen und einsamen Str\u00e4nden, mit Ausgangspunkt in Lagos, einer historischen und kosmopolitischen Stadt.","breadcrumb":{"@id":"https:\/\/self-drive.booking-portugal.com\/product\/lagos-the-surprising-west-algarve-56000sc\/#breadcrumb"},"inLanguage":"de","potentialAction":[{"@type":"ReadAction","target":["https:\/\/self-drive.booking-portugal.com\/product\/lagos-the-surprising-west-algarve-56000sc\/"]}]},{"@type":"ImageObject","inLanguage":"de","@id":"https:\/\/self-drive.booking-portugal.com\/product\/lagos-the-surprising-west-algarve-56000sc\/#primaryimage","url":"https:\/\/self-drive.booking-portugal.com\/wp-content\/uploads\/sites\/8\/2021\/01\/West_Algarve_tour.jpg","contentUrl":"https:\/\/self-drive.booking-portugal.com\/wp-content\/uploads\/sites\/8\/2021\/01\/West_Algarve_tour.jpg","width":1195,"height":800,"caption":"West Algarve tour"},{"@type":"BreadcrumbList","@id":"https:\/\/self-drive.booking-portugal.com\/product\/lagos-the-surprising-west-algarve-56000sc\/#breadcrumb","itemListElement":[{"@type":"ListItem","position":1,"name":"Home","item":"https:\/\/self-drive.booking-portugal.com\/"},{"@type":"ListItem","position":2,"name":"Shop","item":"https:\/\/self-drive.booking-portugal.com\/?page_id=5874"},{"@type":"ListItem","position":3,"name":"Algarve coast","item":"https:\/\/self-drive.booking-portugal.com\/product-tag\/algarve-coast\/"},{"@type":"ListItem","position":4,"name":"Self-Drive Holidays in Lagos West Algarve"}]},{"@type":"WebSite","@id":"https:\/\/self-drive.booking-portugal.com\/#website","url":"https:\/\/self-drive.booking-portugal.com\/","name":"Selbstfahrerbuchung Portugal","description":"Selbstfahrer-Urlaub in Portugal","publisher":{"@id":"https:\/\/self-drive.booking-portugal.com\/#organization"},"potentialAction":[{"@type":"SearchAction","target":{"@type":"EntryPoint","urlTemplate":"https:\/\/self-drive.booking-portugal.com\/?s={search_term_string}"},"query-input":{"@type":"PropertyValueSpecification","valueRequired":true,"valueName":"search_term_string"}}],"inLanguage":"de"},{"@type":"Organization","@id":"https:\/\/self-drive.booking-portugal.com\/#organization","name":"Selbstfahrerbuchung Portugal","url":"https:\/\/self-drive.booking-portugal.com\/","logo":{"@type":"ImageObject","inLanguage":"de","@id":"https:\/\/self-drive.booking-portugal.com\/#\/schema\/logo\/image\/","url":"https:\/\/self-drive.booking-portugal.com\/wp-content\/uploads\/sites\/8\/2020\/03\/Logo_BeCool.jpg","contentUrl":"https:\/\/self-drive.booking-portugal.com\/wp-content\/uploads\/sites\/8\/2020\/03\/Logo_BeCool.jpg","width":534,"height":534,"caption":"Self Drive Booking Portugal"},"image":{"@id":"https:\/\/self-drive.booking-portugal.com\/#\/schema\/logo\/image\/"},"sameAs":["https:\/\/www.facebook.com\/becooltravelagency\/","https:\/\/x.com\/becool_travel","https:\/\/www.instagram.com\/becooltravel_com\/","https:\/\/www.linkedin.com\/company\/becool-travel\/","https:\/\/www.youtube.com\/channel\/UCE7zRU3EVG1PgfXwQo-5uJw"]}]}},"_links":{"self":[{"href":"https:\/\/self-drive.booking-portugal.com\/de\/wp-json\/wp\/v2\/product\/5091","targetHints":{"allow":["GET"]}}],"collection":[{"href":"https:\/\/self-drive.booking-portugal.com\/de\/wp-json\/wp\/v2\/product"}],"about":[{"href":"https:\/\/self-drive.booking-portugal.com\/de\/wp-json\/wp\/v2\/types\/product"}],"replies":[{"embeddable":true,"href":"https:\/\/self-drive.booking-portugal.com\/de\/wp-json\/wp\/v2\/comments?post=5091"}],"wp:featuredmedia":[{"embeddable":true,"href":"https:\/\/self-drive.booking-portugal.com\/de\/wp-json\/wp\/v2\/media\/6386"}],"wp:attachment":[{"href":"https:\/\/self-drive.booking-portugal.com\/de\/wp-json\/wp\/v2\/media?parent=5091"}],"wp:term":[{"taxonomy":"product_brand","embeddable":true,"href":"https:\/\/self-drive.booking-portugal.com\/de\/wp-json\/wp\/v2\/product_brand?post=5091"},{"taxonomy":"product_cat","embeddable":true,"href":"https:\/\/self-drive.booking-portugal.com\/de\/wp-json\/wp\/v2\/product_cat?post=5091"},{"taxonomy":"product_tag","embeddable":true,"href":"https:\/\/self-drive.booking-portugal.com\/de\/wp-json\/wp\/v2\/product_tag?post=5091"}],"curies":[{"name":"wp","href":"https:\/\/api.w.org\/{rel}","templated":true}]}}