{"id":5081,"date":"2020-06-02T16:47:03","date_gmt":"2020-06-02T16:47:03","guid":{"rendered":"https:\/\/becooltravel.com\/?post_type=product&#038;p=5081"},"modified":"2026-03-18T11:11:56","modified_gmt":"2026-03-18T11:11:56","slug":"albufeira-the-charming-central-algarve-55001sc","status":"publish","type":"product","link":"https:\/\/self-drive.booking-portugal.com\/de\/produkt\/albufeira-the-charming-central-algarve-55001sc\/","title":{"rendered":"Selbstfahrerurlaub in Albufeira Zentralalgarve"},"content":{"rendered":"<p>Bei dieser Selbstfahrer-Sightseeing-Tour erkunden Sie selbstst\u00e4ndig die verschiedenen Landschaften der Zentralalgarve.<\/p>\n<p>Im Herzen des ber\u00fchmtesten Ferienortes Portugals, Albufeira, wohnen Sie weit \u00fcber die sch\u00f6nen Str\u00e4nde und das pulsierende Nachtleben hinaus.<\/p>\n<p>Ihr Roadtrip f\u00fchrt Sie zu h\u00fcbschen D\u00f6rfern entlang der K\u00fcste und durch die Wege der weniger bekannten Landschaft.<\/p>\n<div id=\"attachment_1826\" style=\"width: 1034px\" class=\"wp-caption alignnone\"><img decoding=\"async\" aria-describedby=\"caption-attachment-1826\" class=\"wp-image-1826 size-large\" src=\"https:\/\/legendatours.net\/wp-content\/uploads\/2020\/03\/ria_formosa_east_algarve-1024x685.jpg\" alt=\"Walking The beauty of the Ria Formosa\" width=\"1024\" height=\"685\" \/><p id=\"caption-attachment-1826\" class=\"wp-caption-text\">Die Sch\u00f6nheit der Ria Formosa, ein nat\u00fcrliches System an der K\u00fcste der Algarve, ist eine der reichsten Flora und Fauna Europas.<\/p><\/div>\n<p>Um Ihre Reise abzurunden, haben Sie eine Reiseroute an die Ostalgarve, um die beeindruckenden Landschaften der Ria Formosa kennenzulernen!<\/p>\n<p>\u00dcberall an der Algarve sind Kontraste pr\u00e4sent, von den St\u00e4dten, in denen noch Fischer leben, bis hin zu den internationalen Zentren mit kosmopolitischen Gesch\u00e4ften und N\u00e4chten voller Musik und sch\u00f6nen Menschen.<\/p>\n<p>Von den gro\u00dfen Villen am Meer bis hin zu den bescheidenen wei\u00df get\u00fcnchten H\u00e4usern, die mit hundert Jahre alten Steinen gepflastert sind, neben kopfsteingepflasterten Stra\u00dfen, die sich durch endlose Felder schl\u00e4ngeln.<\/p>\n<p>Vom kosmopolitischen Albufeira, das von den Arabern erbaut wurde, reisen Sie in das nur wenige Kilometer entfernte Ferreiras. Der Unterschied ist frappierend. Hier haben die H\u00e4user noch die typischen Schornsteine, Br\u00fcstungen, die Terrassen verbergen, auf denen Feigen getrocknet werden, und Sie finden Windm\u00fchlen und Wasserr\u00e4der.<\/p>\n<p>In Vilamoura, vorbei an Golfpl\u00e4tzen und eleganten H\u00e4usern, gibt es einen Umweltpark, der die lokale Fauna und Flora repr\u00e4sentiert, pflegt und sch\u00fctzt.<br \/>\nWir bringen Sie nach Rocha da Pena, einem Paradies f\u00fcr V\u00f6gel und Pflanzen, mit atemberaubendem Blick \u00fcber den Ozean. Wir zeigen Ihnen Queren\u00e7a, wie wir es kennen. Sein Name bedeutet Zuneigung, Liebe, Wohlwollen.<\/p>\n<div id=\"attachment_2368\" style=\"width: 1034px\" class=\"wp-caption alignnone\"><img decoding=\"async\" aria-describedby=\"caption-attachment-2368\" class=\"wp-image-2368 size-large\" src=\"https:\/\/legendatours.net\/wp-content\/uploads\/2020\/06\/Albufeira_lovely_beaches-1024x683.jpg\" alt=\"Albufeira lovely beaches\" width=\"1024\" height=\"683\" \/><p id=\"caption-attachment-2368\" class=\"wp-caption-text\">Albufeira sch\u00f6ne Str\u00e4nde. Albufeira hat fast 30 km K\u00fcste und ist der portugiesische Rat mit mehr Str\u00e4nden mit blauer Flagge<\/p><\/div>\n<p>In einem \u00fcberraschenden Museum mitten in S\u00e3o Br\u00e1s de Alportel, oben in den H\u00fcgeln, erz\u00e4hlen wir, woher einige der besten Korken der Welt kommen.<\/p>\n<p>Wir teilen das Wissen und die Sch\u00f6nheit der Ria Formosa, Exlibris der Ostalgarve, Heimat einer exquisiten und einzigartigen Tierwelt, gesch\u00fctzt durch ein Naturschutzgebiet.<\/p>\n<p>Besuchen Sie Moncarapacho und entdecken Sie die traditionellen handgefertigten Souvenirs aus der lokalen T\u00f6pferei.<\/p>\n<p>Verpassen Sie nicht die Gelegenheit, die Aussicht vom Cerro de S\u00e3o Miguel zu genie\u00dfen, und entdecken Sie die wunderbare Fauna und Flora dieses Teils der Algarve-K\u00fcste in Quinta de Marim.<\/p>\n<p>Verpassen Sie nicht die exquisiten regionalen Gerichte aus dem Meer und vom Land, begleitet von hervorragenden portugiesischen Weinen.<br \/>\nLassen Sie sich von uns die besten Teile der Zentralalgarve zeigen und nehmen Sie eine andere Seite dieses einladenden Landes mit nach Hause!<\/p>\n<div class=\"row\">\n<div class=\"column\" style=\"flex: 45%\"><\/div>\n<div class=\"column\" style=\"flex: 10%\"><\/div>\n<div class=\"column\" style=\"flex: 45%\"><\/div>\n<\/div>","protected":false},"excerpt":{"rendered":"<p>Bei dieser Selbstfahrer-Sightseeing-Tour erkunden Sie selbstst\u00e4ndig die verschiedenen Landschaften der Zentralalgarve.<\/p>\n<p>Im Herzen des ber\u00fchmtesten Ferienortes Portugals, Albufeira, wohnen Sie weit \u00fcber die sch\u00f6nen Str\u00e4nde und das pulsierende Nachtleben hinaus.<\/p>\n<p>Ihr Roadtrip f\u00fchrt Sie zu h\u00fcbschen D\u00f6rfern entlang der K\u00fcste und durch die Wege der weniger bekannten Landschaft.<\/p>\n<p>Um Ihre Reise abzurunden, haben Sie eine Reiseroute an die Ostalgarve, um die beeindruckenden Landschaften der Ria Formosa kennenzulernen!<\/p>","protected":false},"featured_media":6399,"comment_status":"closed","ping_status":"closed","template":"","meta":{"_acf_changed":false,"inline_featured_image":false},"product_brand":[],"product_cat":[996,1046,18],"product_tag":[414,656,424,997,417,669,723,736,724,725,185,186,187,188,737,565,726,358,196,998,392,201,728,738,346,730,210,363,615,739,659,740,732,999,719,164,703,533,534,571,218,1000,1001,252,686,253,741,734,1002,1003,735,230],"class_list":{"0":"post-5081","1":"product","2":"type-product","3":"status-publish","4":"has-post-thumbnail","6":"product_cat-self-drive-holidays-portugal","7":"product_cat-self-guided-sightseeing-holidays-in-portugal","8":"product_cat-self-guided-tours-portugal","9":"product_tag-albufeira","10":"product_tag-albufeira-beautiful-historic-centre","11":"product_tag-algarve-coast","12":"product_tag-alleine-reisen","13":"product_tag-beaches-of-albufeira","14":"product_tag-beautiful-landscapes-albufeira","15":"product_tag-central-algarve","16":"product_tag-cerro-de-sao-miguel","17":"product_tag-coastal","18":"product_tag-colours","19":"product_tag-countryside","20":"product_tag-crafted-self-guided-tour","21":"product_tag-culture","22":"product_tag-delicious-food","23":"product_tag-ferreiras","24":"product_tag-fly-drive","25":"product_tag-hills","26":"product_tag-historic-centre","27":"product_tag-history","28":"product_tag-individuelle-touren","29":"product_tag-landscape","30":"product_tag-lush-green-hills","31":"product_tag-market","32":"product_tag-moncarapacho","33":"product_tag-natural-park","34":"product_tag-parapets","35":"product_tag-picturesque-landscapes","36":"product_tag-protected-area","37":"product_tag-quartzite-elevations","38":"product_tag-quinta-de-marim","39":"product_tag-relaxation-albufeira","40":"product_tag-rocha-da-pena-querenca","41":"product_tag-secluded-beaches","42":"product_tag-sejour-en-liberte","43":"product_tag-self-drive-holiday","44":"product_tag-self-guided","45":"product_tag-self-guided-holiday","46":"product_tag-self-guided-holidays","47":"product_tag-self-guided-sightseeing","48":"product_tag-self-guided-tours","49":"product_tag-sightseeing","50":"product_tag-solo-reisen","51":"product_tag-tours-autoguidees","52":"product_tag-traditions","53":"product_tag-undulating-plains","54":"product_tag-valleys","55":"product_tag-vilamoura","56":"product_tag-village","57":"product_tag-voyage-en-liberte","58":"product_tag-voyages-en-autonomie","59":"product_tag-white-washed-houses","60":"product_tag-wines","62":"first","63":"instock","64":"virtual","65":"taxable","66":"product-type-simple"},"acf":[],"yoast_head":"<!-- This site is optimized with the Yoast SEO Premium plugin v26.8 (Yoast SEO v27.5) - https:\/\/yoast.com\/product\/yoast-seo-premium-wordpress\/ -->\n<title>Self-Drive Holiday in Albufeira Central Algarve - Self Drive Booking Portugal<\/title>\n<meta name=\"description\" content=\"Self-guided Walking Tour based in Tavira, East Algarve, designed to explore the natural wonders of the Ria Formosa Nature Park and the peaceful countryside.\" \/>\n<meta name=\"robots\" content=\"index, follow, max-snippet:-1, max-image-preview:large, max-video-preview:-1\" \/>\n<link rel=\"canonical\" href=\"https:\/\/self-drive.booking-portugal.com\/de\/produkt\/albufeira-the-charming-central-algarve-55001sc\/\" \/>\n<meta property=\"og:locale\" content=\"de_DE\" \/>\n<meta property=\"og:type\" content=\"article\" \/>\n<meta property=\"og:title\" content=\"Albufeira: The Charming Central Algarve\" \/>\n<meta property=\"og:description\" content=\"From the cosmopolitan Albufeira built by the Arabs, you\u2019ll travel to Ferreiras, just a few miles away. The difference is striking. Here the houses still have the typical chimneys, parapets hiding terraces where figs are dried, and you find windmills and waterwheels.In Vilamoura, past the golf courses and elegant houses, there\u2019s an Environmental Park that represents, cherishes and protects the local fauna and flora.We\u2019ll take you to Rocha da Pena, a haven of life for birds and plants, with stunning views over the ocean. We\u2019ll show you Queren\u00e7a, the way we know it. Its name means affection, love, goodwill.\" \/>\n<meta property=\"og:url\" content=\"https:\/\/self-drive.booking-portugal.com\/de\/produkt\/albufeira-the-charming-central-algarve-55001sc\/\" \/>\n<meta property=\"og:site_name\" content=\"Self Drive Booking Portugal\" \/>\n<meta property=\"article:publisher\" content=\"https:\/\/www.facebook.com\/becooltravelagency\/\" \/>\n<meta property=\"article:modified_time\" content=\"2026-03-18T11:11:56+00:00\" \/>\n<meta property=\"og:image\" content=\"https:\/\/self-drive.booking-portugal.com\/wp-content\/uploads\/sites\/8\/2020\/05\/albufeira.jpeg\" \/>\n\t<meta property=\"og:image:width\" content=\"1280\" \/>\n\t<meta property=\"og:image:height\" content=\"854\" \/>\n\t<meta property=\"og:image:type\" content=\"image\/jpeg\" \/>\n<meta name=\"twitter:card\" content=\"summary_large_image\" \/>\n<meta name=\"twitter:title\" content=\"Albufeira: The Charming Central Algarve\" \/>\n<meta name=\"twitter:description\" content=\"Based in the heart of the most famous resort of Portugal, Albufeira, you\u2019ll go way beyond the lovely beaches and the bustling nightlife.Your road trip will introduce you to lovely villages along the seashore and through the ways of the less-known countryside.\" \/>\n<meta name=\"twitter:image\" content=\"https:\/\/self-drive.booking-portugal.com\/wp-content\/uploads\/sites\/8\/2020\/05\/Olhos_Agua_Albufeira.jpg\" \/>\n<meta name=\"twitter:site\" content=\"@becool_travel\" \/>\n<meta name=\"twitter:label1\" content=\"Gesch\u00e4tzte Lesezeit\" \/>\n\t<meta name=\"twitter:data1\" content=\"2\u00a0Minuten\" \/>\n<script type=\"application\/ld+json\" class=\"yoast-schema-graph\">{\"@context\":\"https:\\\/\\\/schema.org\",\"@graph\":[{\"@type\":\"WebPage\",\"@id\":\"https:\\\/\\\/self-drive.booking-portugal.com\\\/product\\\/albufeira-the-charming-central-algarve-55001sc\\\/\",\"url\":\"https:\\\/\\\/self-drive.booking-portugal.com\\\/product\\\/albufeira-the-charming-central-algarve-55001sc\\\/\",\"name\":\"Self-Drive Holiday in Albufeira Central Algarve - Self Drive Booking Portugal\",\"isPartOf\":{\"@id\":\"https:\\\/\\\/self-drive.booking-portugal.com\\\/#website\"},\"primaryImageOfPage\":{\"@id\":\"https:\\\/\\\/self-drive.booking-portugal.com\\\/product\\\/albufeira-the-charming-central-algarve-55001sc\\\/#primaryimage\"},\"image\":{\"@id\":\"https:\\\/\\\/self-drive.booking-portugal.com\\\/product\\\/albufeira-the-charming-central-algarve-55001sc\\\/#primaryimage\"},\"thumbnailUrl\":\"https:\\\/\\\/self-drive.booking-portugal.com\\\/wp-content\\\/uploads\\\/sites\\\/8\\\/2021\\\/01\\\/Albufeira_lovely_beaches.jpg\",\"datePublished\":\"2020-06-02T16:47:03+00:00\",\"dateModified\":\"2026-03-18T11:11:56+00:00\",\"description\":\"Self-guided Walking Tour based in Tavira, East Algarve, designed to explore the natural wonders of the Ria Formosa Nature Park and the peaceful countryside.\",\"breadcrumb\":{\"@id\":\"https:\\\/\\\/self-drive.booking-portugal.com\\\/product\\\/albufeira-the-charming-central-algarve-55001sc\\\/#breadcrumb\"},\"inLanguage\":\"de\",\"potentialAction\":[{\"@type\":\"ReadAction\",\"target\":[\"https:\\\/\\\/self-drive.booking-portugal.com\\\/product\\\/albufeira-the-charming-central-algarve-55001sc\\\/\"]}]},{\"@type\":\"ImageObject\",\"inLanguage\":\"de\",\"@id\":\"https:\\\/\\\/self-drive.booking-portugal.com\\\/product\\\/albufeira-the-charming-central-algarve-55001sc\\\/#primaryimage\",\"url\":\"https:\\\/\\\/self-drive.booking-portugal.com\\\/wp-content\\\/uploads\\\/sites\\\/8\\\/2021\\\/01\\\/Albufeira_lovely_beaches.jpg\",\"contentUrl\":\"https:\\\/\\\/self-drive.booking-portugal.com\\\/wp-content\\\/uploads\\\/sites\\\/8\\\/2021\\\/01\\\/Albufeira_lovely_beaches.jpg\",\"width\":1600,\"height\":1067,\"caption\":\"Albufeira lovely beaches\"},{\"@type\":\"BreadcrumbList\",\"@id\":\"https:\\\/\\\/self-drive.booking-portugal.com\\\/product\\\/albufeira-the-charming-central-algarve-55001sc\\\/#breadcrumb\",\"itemListElement\":[{\"@type\":\"ListItem\",\"position\":1,\"name\":\"Home\",\"item\":\"https:\\\/\\\/self-drive.booking-portugal.com\\\/\"},{\"@type\":\"ListItem\",\"position\":2,\"name\":\"Shop\",\"item\":\"https:\\\/\\\/self-drive.booking-portugal.com\\\/?page_id=5874\"},{\"@type\":\"ListItem\",\"position\":3,\"name\":\"Albufeira\",\"item\":\"https:\\\/\\\/self-drive.booking-portugal.com\\\/product-tag\\\/albufeira\\\/\"},{\"@type\":\"ListItem\",\"position\":4,\"name\":\"The Algarve is so much more than sun and sea. In the little-visited East Algarve, it looks like time has stood still, and you\u2019ll feel how good it is to slow down and live the good life with this carefully crafted Self-Guided Walking Tour. Each day\u2019s walk highlights the contrasting landscape and wildlife of the region. This tour was put together for the enjoyment of those who have a special interest in rambling and nature.\"}]},{\"@type\":\"WebSite\",\"@id\":\"https:\\\/\\\/self-drive.booking-portugal.com\\\/#website\",\"url\":\"https:\\\/\\\/self-drive.booking-portugal.com\\\/\",\"name\":\"Self Drive Booking Portugal\",\"description\":\"Self Drive Holidays in Portugal\",\"publisher\":{\"@id\":\"https:\\\/\\\/self-drive.booking-portugal.com\\\/#organization\"},\"potentialAction\":[{\"@type\":\"SearchAction\",\"target\":{\"@type\":\"EntryPoint\",\"urlTemplate\":\"https:\\\/\\\/self-drive.booking-portugal.com\\\/?s={search_term_string}\"},\"query-input\":{\"@type\":\"PropertyValueSpecification\",\"valueRequired\":true,\"valueName\":\"search_term_string\"}}],\"inLanguage\":\"de\"},{\"@type\":\"Organization\",\"@id\":\"https:\\\/\\\/self-drive.booking-portugal.com\\\/#organization\",\"name\":\"Self Drive Booking Portugal\",\"url\":\"https:\\\/\\\/self-drive.booking-portugal.com\\\/\",\"logo\":{\"@type\":\"ImageObject\",\"inLanguage\":\"de\",\"@id\":\"https:\\\/\\\/self-drive.booking-portugal.com\\\/#\\\/schema\\\/logo\\\/image\\\/\",\"url\":\"https:\\\/\\\/self-drive.booking-portugal.com\\\/wp-content\\\/uploads\\\/sites\\\/8\\\/2020\\\/03\\\/Logo_BeCool.jpg\",\"contentUrl\":\"https:\\\/\\\/self-drive.booking-portugal.com\\\/wp-content\\\/uploads\\\/sites\\\/8\\\/2020\\\/03\\\/Logo_BeCool.jpg\",\"width\":534,\"height\":534,\"caption\":\"Self Drive Booking Portugal\"},\"image\":{\"@id\":\"https:\\\/\\\/self-drive.booking-portugal.com\\\/#\\\/schema\\\/logo\\\/image\\\/\"},\"sameAs\":[\"https:\\\/\\\/www.facebook.com\\\/becooltravelagency\\\/\",\"https:\\\/\\\/x.com\\\/becool_travel\",\"https:\\\/\\\/www.instagram.com\\\/becooltravel_com\\\/\",\"https:\\\/\\\/www.linkedin.com\\\/company\\\/becool-travel\\\/\",\"https:\\\/\\\/www.youtube.com\\\/channel\\\/UCE7zRU3EVG1PgfXwQo-5uJw\"]}]}<\/script>\n<!-- \/ Yoast SEO Premium plugin. -->","yoast_head_json":{"title":"Selbstfahrerurlaub in Albufeira, Zentralalgarve - Self Drive Booking Portugal","description":"Self-guided Walking Tour based in Tavira, East Algarve, designed to explore the natural wonders of the Ria Formosa Nature Park and the peaceful countryside.","robots":{"index":"index","follow":"follow","max-snippet":"max-snippet:-1","max-image-preview":"max-image-preview:large","max-video-preview":"max-video-preview:-1"},"canonical":"https:\/\/self-drive.booking-portugal.com\/de\/produkt\/albufeira-the-charming-central-algarve-55001sc\/","og_locale":"de_DE","og_type":"article","og_title":"Albufeira: The Charming Central Algarve","og_description":"From the cosmopolitan Albufeira built by the Arabs, you\u2019ll travel to Ferreiras, just a few miles away. The difference is striking. Here the houses still have the typical chimneys, parapets hiding terraces where figs are dried, and you find windmills and waterwheels.In Vilamoura, past the golf courses and elegant houses, there\u2019s an Environmental Park that represents, cherishes and protects the local fauna and flora.We\u2019ll take you to Rocha da Pena, a haven of life for birds and plants, with stunning views over the ocean. We\u2019ll show you Queren\u00e7a, the way we know it. Its name means affection, love, goodwill.","og_url":"https:\/\/self-drive.booking-portugal.com\/de\/produkt\/albufeira-the-charming-central-algarve-55001sc\/","og_site_name":"Self Drive Booking Portugal","article_publisher":"https:\/\/www.facebook.com\/becooltravelagency\/","article_modified_time":"2026-03-18T11:11:56+00:00","og_image":[{"width":1280,"height":854,"url":"https:\/\/self-drive.booking-portugal.com\/wp-content\/uploads\/sites\/8\/2020\/05\/albufeira.jpeg","type":"image\/jpeg"}],"twitter_card":"summary_large_image","twitter_title":"Albufeira: The Charming Central Algarve","twitter_description":"Based in the heart of the most famous resort of Portugal, Albufeira, you\u2019ll go way beyond the lovely beaches and the bustling nightlife.Your road trip will introduce you to lovely villages along the seashore and through the ways of the less-known countryside.","twitter_image":"https:\/\/self-drive.booking-portugal.com\/wp-content\/uploads\/sites\/8\/2020\/05\/Olhos_Agua_Albufeira.jpg","twitter_site":"@becool_travel","twitter_misc":{"Gesch\u00e4tzte Lesezeit":"2\u00a0Minuten"},"schema":{"@context":"https:\/\/schema.org","@graph":[{"@type":"WebPage","@id":"https:\/\/self-drive.booking-portugal.com\/product\/albufeira-the-charming-central-algarve-55001sc\/","url":"https:\/\/self-drive.booking-portugal.com\/product\/albufeira-the-charming-central-algarve-55001sc\/","name":"Selbstfahrerurlaub in Albufeira, Zentralalgarve - Self Drive Booking Portugal","isPartOf":{"@id":"https:\/\/self-drive.booking-portugal.com\/#website"},"primaryImageOfPage":{"@id":"https:\/\/self-drive.booking-portugal.com\/product\/albufeira-the-charming-central-algarve-55001sc\/#primaryimage"},"image":{"@id":"https:\/\/self-drive.booking-portugal.com\/product\/albufeira-the-charming-central-algarve-55001sc\/#primaryimage"},"thumbnailUrl":"https:\/\/self-drive.booking-portugal.com\/wp-content\/uploads\/sites\/8\/2021\/01\/Albufeira_lovely_beaches.jpg","datePublished":"2020-06-02T16:47:03+00:00","dateModified":"2026-03-18T11:11:56+00:00","description":"Self-guided Walking Tour based in Tavira, East Algarve, designed to explore the natural wonders of the Ria Formosa Nature Park and the peaceful countryside.","breadcrumb":{"@id":"https:\/\/self-drive.booking-portugal.com\/product\/albufeira-the-charming-central-algarve-55001sc\/#breadcrumb"},"inLanguage":"de","potentialAction":[{"@type":"ReadAction","target":["https:\/\/self-drive.booking-portugal.com\/product\/albufeira-the-charming-central-algarve-55001sc\/"]}]},{"@type":"ImageObject","inLanguage":"de","@id":"https:\/\/self-drive.booking-portugal.com\/product\/albufeira-the-charming-central-algarve-55001sc\/#primaryimage","url":"https:\/\/self-drive.booking-portugal.com\/wp-content\/uploads\/sites\/8\/2021\/01\/Albufeira_lovely_beaches.jpg","contentUrl":"https:\/\/self-drive.booking-portugal.com\/wp-content\/uploads\/sites\/8\/2021\/01\/Albufeira_lovely_beaches.jpg","width":1600,"height":1067,"caption":"Albufeira lovely beaches"},{"@type":"BreadcrumbList","@id":"https:\/\/self-drive.booking-portugal.com\/product\/albufeira-the-charming-central-algarve-55001sc\/#breadcrumb","itemListElement":[{"@type":"ListItem","position":1,"name":"Home","item":"https:\/\/self-drive.booking-portugal.com\/"},{"@type":"ListItem","position":2,"name":"Shop","item":"https:\/\/self-drive.booking-portugal.com\/?page_id=5874"},{"@type":"ListItem","position":3,"name":"Albufeira","item":"https:\/\/self-drive.booking-portugal.com\/product-tag\/albufeira\/"},{"@type":"ListItem","position":4,"name":"The Algarve is so much more than sun and sea. In the little-visited East Algarve, it looks like time has stood still, and you\u2019ll feel how good it is to slow down and live the good life with this carefully crafted Self-Guided Walking Tour. Each day\u2019s walk highlights the contrasting landscape and wildlife of the region. This tour was put together for the enjoyment of those who have a special interest in rambling and nature."}]},{"@type":"WebSite","@id":"https:\/\/self-drive.booking-portugal.com\/#website","url":"https:\/\/self-drive.booking-portugal.com\/","name":"Selbstfahrerbuchung Portugal","description":"Selbstfahrer-Urlaub in Portugal","publisher":{"@id":"https:\/\/self-drive.booking-portugal.com\/#organization"},"potentialAction":[{"@type":"SearchAction","target":{"@type":"EntryPoint","urlTemplate":"https:\/\/self-drive.booking-portugal.com\/?s={search_term_string}"},"query-input":{"@type":"PropertyValueSpecification","valueRequired":true,"valueName":"search_term_string"}}],"inLanguage":"de"},{"@type":"Organization","@id":"https:\/\/self-drive.booking-portugal.com\/#organization","name":"Selbstfahrerbuchung Portugal","url":"https:\/\/self-drive.booking-portugal.com\/","logo":{"@type":"ImageObject","inLanguage":"de","@id":"https:\/\/self-drive.booking-portugal.com\/#\/schema\/logo\/image\/","url":"https:\/\/self-drive.booking-portugal.com\/wp-content\/uploads\/sites\/8\/2020\/03\/Logo_BeCool.jpg","contentUrl":"https:\/\/self-drive.booking-portugal.com\/wp-content\/uploads\/sites\/8\/2020\/03\/Logo_BeCool.jpg","width":534,"height":534,"caption":"Self Drive Booking Portugal"},"image":{"@id":"https:\/\/self-drive.booking-portugal.com\/#\/schema\/logo\/image\/"},"sameAs":["https:\/\/www.facebook.com\/becooltravelagency\/","https:\/\/x.com\/becool_travel","https:\/\/www.instagram.com\/becooltravel_com\/","https:\/\/www.linkedin.com\/company\/becool-travel\/","https:\/\/www.youtube.com\/channel\/UCE7zRU3EVG1PgfXwQo-5uJw"]}]}},"_links":{"self":[{"href":"https:\/\/self-drive.booking-portugal.com\/de\/wp-json\/wp\/v2\/product\/5081","targetHints":{"allow":["GET"]}}],"collection":[{"href":"https:\/\/self-drive.booking-portugal.com\/de\/wp-json\/wp\/v2\/product"}],"about":[{"href":"https:\/\/self-drive.booking-portugal.com\/de\/wp-json\/wp\/v2\/types\/product"}],"replies":[{"embeddable":true,"href":"https:\/\/self-drive.booking-portugal.com\/de\/wp-json\/wp\/v2\/comments?post=5081"}],"wp:featuredmedia":[{"embeddable":true,"href":"https:\/\/self-drive.booking-portugal.com\/de\/wp-json\/wp\/v2\/media\/6399"}],"wp:attachment":[{"href":"https:\/\/self-drive.booking-portugal.com\/de\/wp-json\/wp\/v2\/media?parent=5081"}],"wp:term":[{"taxonomy":"product_brand","embeddable":true,"href":"https:\/\/self-drive.booking-portugal.com\/de\/wp-json\/wp\/v2\/product_brand?post=5081"},{"taxonomy":"product_cat","embeddable":true,"href":"https:\/\/self-drive.booking-portugal.com\/de\/wp-json\/wp\/v2\/product_cat?post=5081"},{"taxonomy":"product_tag","embeddable":true,"href":"https:\/\/self-drive.booking-portugal.com\/de\/wp-json\/wp\/v2\/product_tag?post=5081"}],"curies":[{"name":"wp","href":"https:\/\/api.w.org\/{rel}","templated":true}]}}