{"id":5075,"date":"2020-06-02T14:30:26","date_gmt":"2020-06-02T14:30:26","guid":{"rendered":"https:\/\/becooltravel.com\/product\/tavira-experience-the-east-algarve-54001sc\/"},"modified":"2022-01-02T23:03:52","modified_gmt":"2022-01-02T23:03:52","slug":"tavira-experience-the-east-algarve-54001sc","status":"publish","type":"product","link":"https:\/\/self-drive.booking-portugal.com\/de\/produkt\/tavira-experience-the-east-algarve-54001sc\/","title":{"rendered":"Tavira Selbstfahrer-Roadtrip: Erleben Sie die Ostalgarve"},"content":{"rendered":"<p>Tavira, der Ausgangspunkt f\u00fcr diesen Selbstfahrer-Roadtrip, ist eine friedliche K\u00fcstenstadt an der Ostalgarve.<\/p>\n<p>Von hier aus entdecken Sie herrliche K\u00fcstenlandschaften, unerwartete Landschaften und Lebensweisen im Landesinneren sowie bezaubernde historische St\u00e4dte.<\/p>\n<p>Diese von Einheimischen ma\u00dfgeschneiderte Tour bietet ein einzigartiges Erlebnis des nat\u00fcrlichen, menschlichen und kulturellen Erbes dieser Region.<\/p>\n<div id=\"attachment_1776\" style=\"width: 1034px\" class=\"wp-caption alignnone\"><img decoding=\"async\" aria-describedby=\"caption-attachment-1776\" class=\"wp-image-1776 size-large\" src=\"https:\/\/legendatours.net\/wp-content\/uploads\/2020\/03\/Anchor-cemetery-in-Barril-Beach-1024x687.jpg\" alt=\"Anchor cemetery in Barril Beach Tavira\" width=\"1024\" height=\"687\" \/><p id=\"caption-attachment-1776\" class=\"wp-caption-text\">Ankerfriedhof in Barril Beach Tavira. Diese seltsame Ankeranordnung ist in der Tat eine Art Denkmal f\u00fcr die verlorene Thunfischfischerei, die hier einst florierte.<\/p><\/div>\n<p>Das blaue Wasser des Atlantiks, die goldenen Sandstr\u00e4nde, die Ria Formosa, die exquisite Gastronomie, die freundlichen Menschen \u2013 all diese Merkmale der Algarve sind weithin bekannt.<\/p>\n<p>Aber es gibt immer noch geheime Orte, Landschaften, die es zu entdecken gilt, und Br\u00e4uche und Traditionen, die vielen unbekannt sind.<\/p>\n<p>Tavira, an den S\u00fcdh\u00e4ngen der Serra do Caldeir\u00e3o, ist eine malerische und malerische Stadt, umgeben von einer Landschaft voller Oliven-, Mandel-, Feigen-, Johannisbrot- und Palmenb\u00e4ume.<\/p>\n<p>Tavira ist von seiner historischen Vergangenheit gepr\u00e4gt und verf\u00fcgt \u00fcber ein attraktives Flussufer und eine ruhige Atmosph\u00e4re. Der Fluss Gil\u00e3o m\u00fcndet in die Ria Formosa, ein Lagunensystem von gro\u00dfer nat\u00fcrlicher Sch\u00f6nheit.<\/p>\n<p>Diese unabh\u00e4ngige Tour gibt Ihnen einen Einblick in die Bedeutung des traditionellen Fischfangs in der Ria Formosa und bietet Ihnen die M\u00f6glichkeit, mit Fachwissen und Einfachheit zubereitete Meeresspezialit\u00e4ten zu probieren.<\/p>\n<p>Unvergesslich sind die frischen Austern, die Oktopus-Eint\u00f6pfe, die Schwertmuscheln und die Thunfischgerichte mit Variationen, die es nur in dieser Region gibt, wo das Fangen und Kochen der Meeresfr\u00fcchte eine wahre Kunst ist.<\/p>\n<div id=\"attachment_928\" style=\"width: 1034px\" class=\"wp-caption alignnone\"><img decoding=\"async\" aria-describedby=\"caption-attachment-928\" class=\"wp-image-928 size-large\" src=\"https:\/\/legendatours.net\/wp-content\/uploads\/2020\/03\/Azure-lagoons-of-the-Ria-Formosa-Natural-Park-1-1024x685.jpg\" alt=\"Walking Ria Formosa Natural Park\" width=\"1024\" height=\"685\" \/><p id=\"caption-attachment-928\" class=\"wp-caption-text\">Azurblaue Lagunen des Naturparks Ria Formosa. Dies ist eine einzigartige K\u00fcstenlagune, die sich aufgrund der st\u00e4ndigen Bewegung von Winden, Str\u00f6mungen und Gezeiten st\u00e4ndig ver\u00e4ndert.<\/p><\/div>\n<p>Wenn Sie sich \u00f6stlich bewegen, besuchen Sie Cacela Velha, ein bezauberndes wei\u00df-blaues K\u00fcstendorf mit der einzigen Klippe an der Ostalgarve und der wohl sch\u00f6nsten Aussicht, die Sie auf dieser Tour sehen werden.<\/p>\n<p>Sie werfen einen genaueren Blick auf Vila Real de Santo Ant\u00f3nio, eine Stadt, die 1774 nach den Prinzipien der Aufkl\u00e4rung gegr\u00fcndet wurde. Es wurde als Nachbildung der Stra\u00dfenf\u00fchrung im Zentrum von Lissabon nach dem verheerenden Erdbeben von 1755 erbaut.<\/p>\n<p>Bei Ausfl\u00fcgen ins Landesinnere zu den H\u00fcgeln oberhalb von Tavira entdecken Sie den Reiz verschlafener D\u00f6rfer wie Cachopo mit wei\u00df get\u00fcnchten H\u00e4usern und markant verzierten Br\u00fcstungen in den Fassaden. Einige verbergen Terrassen (A\u00e7oteias), die zum Trocknen von Feigen und anderen Produkten genutzt werden, wobei uralte Konservierungstechniken zum Einsatz kommen. Andere sind rein dekorativ und ein Zeichen f\u00fcr den Reichtum und das Ansehen des Hausbesitzers.<\/p>\n<p>S. Bras de Alportel, ein weiterer Stopp auf unserer Reiseroute, ist ber\u00fchmt f\u00fcr die Korkproduktion, bei der die Baumrinde in ein nachhaltiges und \u00f6kologisches Produkt umgewandelt wird. Die Qualit\u00e4t des Korks aus dieser Region ist weltweit f\u00fcr unz\u00e4hlige Verwendungsm\u00f6glichkeiten bekannt.<\/p>\n<div id=\"attachment_1872\" style=\"width: 1034px\" class=\"wp-caption alignnone\"><img decoding=\"async\" aria-describedby=\"caption-attachment-1872\" class=\"wp-image-1872 size-large\" src=\"https:\/\/legendatours.net\/wp-content\/uploads\/2020\/03\/Alcoutim_Smuggler_statue-1024x768.jpg\" alt=\"Alcoutim Smuggler Statue\" width=\"1024\" height=\"768\" \/><p id=\"caption-attachment-1872\" class=\"wp-caption-text\">Alcoutims Schmugglerstatue, die die kollektive Erinnerung an die Geschichte dieses Landes und dieses Flusses wachruft: den Fischer, den Steuerbeamten und den Schmuggler.<\/p><\/div>\n<p>Anschlie\u00dfend folgen Sie den gr\u00fcnen H\u00fcgeln am Fluss Guadiana, um Alcoutim zu erreichen. San Lucar del Guadiana ist die spanische Stadt am gegen\u00fcberliegenden Ufer.<br \/>\nDas Schloss von Alcoutim wurde im 16. Jahrhundert erbaut und von den perfekt gepflegten G\u00e4rten aus haben Sie einen hervorragenden Aussichtspunkt. Es gibt unz\u00e4hlige Legenden rund um die Burg, die von tapferen Rittern und wundersch\u00f6nen maurischen Prinzessinnen erz\u00e4hlen, die in ihrer Liebe frustriert und verzaubert wurden.<\/p>\n<p>Dies ist eine sorgf\u00e4ltig ausgearbeitete Selbstfahrer-Tour, bei der die Vergangenheit mit der Gegenwart verschmilzt und jeder Moment zu einer bleibenden Erinnerung wird: Kommen Sie als Besucher an, aber gehen Sie als Einheimischer!<\/p>\n<div class=\"row\" style=\"display: flex;\">\n<div class=\"column\" style=\"flex: 45%;\"><\/div>\n<div class=\"column\" style=\"flex: 10%;\"><\/div>\n<div class=\"column\" style=\"flex: 45%;\"><\/div>\n<\/div>","protected":false},"excerpt":{"rendered":"<p>Tavira, der Ausgangspunkt f\u00fcr diesen Selbstfahrer-Roadtrip, ist eine friedliche K\u00fcstenstadt an der Ostalgarve.<\/p>\n<p>Von hier aus entdecken Sie herrliche K\u00fcstenlandschaften, unerwartete Landschaften und Lebensweisen im Landesinneren sowie bezaubernde historische St\u00e4dte.<\/p>\n<p>Diese von Einheimischen ma\u00dfgeschneiderte Tour bietet ein einzigartiges Erlebnis des nat\u00fcrlichen, menschlichen und kulturellen Erbes dieser Region.<\/p>","protected":false},"featured_media":6406,"comment_status":"closed","ping_status":"closed","template":"","meta":{"_acf_changed":false,"inline_featured_image":false},"product_brand":[],"product_cat":[996,1046,18],"product_tag":[326,488,997,177,707,648,721,460,500,473,339,373,708,185,187,188,709,710,711,712,713,714,715,342,716,196,998,201,640,346,205,717,210,363,615,87,587,605,497,718,480,999,719,164,703,505,218,1000,263,1001,686,253,720,354,1002,1003,858,230],"class_list":{"0":"post-5075","1":"product","2":"type-product","3":"status-publish","4":"has-post-thumbnail","6":"product_cat-self-drive-holidays-portugal","7":"product_cat-self-guided-sightseeing-holidays-in-portugal","8":"product_cat-self-guided-tours-portugal","9":"product_tag-alcoutim","10":"product_tag-algarve-city","11":"product_tag-alleine-reisen","12":"product_tag-almonds","13":"product_tag-barranco-do-velho","14":"product_tag-barril-beach","15":"product_tag-blue-waters","16":"product_tag-cacela-velha","17":"product_tag-cachopo","18":"product_tag-carob-trees","19":"product_tag-castro-marim","20":"product_tag-central-portugal","21":"product_tag-cork-trees","22":"product_tag-countryside","23":"product_tag-culture","24":"product_tag-delicious-food","25":"product_tag-eastern-algarve","26":"product_tag-ferragudo","27":"product_tag-figs","28":"product_tag-fishing-heritage","29":"product_tag-foz-de-odeleite","30":"product_tag-golden-sandy-beaches","31":"product_tag-gorges","32":"product_tag-guadiana-river","33":"product_tag-guerreiros-do-rio","34":"product_tag-history","35":"product_tag-individuelle-touren","36":"product_tag-lush-green-hills","37":"product_tag-monte-gordo","38":"product_tag-natural-park","39":"product_tag-olives","40":"product_tag-palm-trees","41":"product_tag-picturesque-landscapes","42":"product_tag-protected-area","43":"product_tag-quartzite-elevations","44":"product_tag-ria-formosa-natural-park","45":"product_tag-ria-formosa-natural-reserve","46":"product_tag-ria-formosa-nature-reserve","47":"product_tag-sagres","48":"product_tag-santa-rita","49":"product_tag-sao-bras-de-alportel","50":"product_tag-sejour-en-liberte","51":"product_tag-self-drive-holiday","52":"product_tag-self-guided","53":"product_tag-self-guided-holiday","54":"product_tag-serra-do-caldeirao","55":"product_tag-sightseeing","56":"product_tag-solo-reisen","57":"product_tag-tavira","58":"product_tag-tours-autoguidees","59":"product_tag-undulating-plains","60":"product_tag-valleys","61":"product_tag-vila-do-vispo","62":"product_tag-vila-real-de-santo-antonio","63":"product_tag-voyage-en-liberte","64":"product_tag-voyages-en-autonomie","65":"product_tag-walking-in-tavira","66":"product_tag-wines","67":"pa_duration-5-days-4-nights","68":"pa_grade-leisurely","70":"first","71":"instock","72":"virtual","73":"taxable","74":"product-type-simple"},"acf":[],"yoast_head":"<!-- This site is optimized with the Yoast SEO Premium plugin v26.8 (Yoast SEO v27.4) - https:\/\/yoast.com\/product\/yoast-seo-premium-wordpress\/ -->\n<title>Tavira Self-Drive Road Trip: Experience the East Algarve - Self Drive Booking Portugal<\/title>\n<meta name=\"description\" content=\"Self-drive road trip Tour based in Tavira, East Algarve, designed to explore the natural wonders of the Ria Formosa Nature Park and the peaceful countryside.\" \/>\n<meta name=\"robots\" content=\"index, follow, max-snippet:-1, max-image-preview:large, max-video-preview:-1\" \/>\n<link rel=\"canonical\" href=\"https:\/\/self-drive.booking-portugal.com\/de\/produkt\/tavira-experience-the-east-algarve-54001sc\/\" \/>\n<meta property=\"og:locale\" content=\"de_DE\" \/>\n<meta property=\"og:type\" content=\"article\" \/>\n<meta property=\"og:title\" content=\"Self-drive road trip Tour based in Tavira, East Algarve,\" \/>\n<meta property=\"og:description\" content=\"The inland excursions, to the hills above Tavira, will uncover the appeal of sleepy villages like Cachopo, with whitewashed houses with distinctively decorated parapets in the fa\u00e7ades. Some hide terraces (a\u00e7oteias) used to dry figs and other produce, with ancestral conservation techniques. Others are purely decorative and a sign of the house owner\u2019s wealth and prestige.S. Bras de Alportel, another stop on our itinerary, is famous for the cork production, where the tree bark is transformed into a sustainable and ecologically product. The quality of the cork from this region is known worldwide with countless uses.\" \/>\n<meta property=\"og:url\" content=\"https:\/\/self-drive.booking-portugal.com\/de\/produkt\/tavira-experience-the-east-algarve-54001sc\/\" \/>\n<meta property=\"og:site_name\" content=\"Self Drive Booking Portugal\" \/>\n<meta property=\"article:publisher\" content=\"https:\/\/www.facebook.com\/becooltravelagency\/\" \/>\n<meta property=\"article:modified_time\" content=\"2022-01-02T23:03:52+00:00\" \/>\n<meta property=\"og:image\" content=\"https:\/\/self-drive.booking-portugal.com\/wp-content\/uploads\/sites\/8\/2020\/05\/Details-of-a-church-in-tavira.jpg\" \/>\n\t<meta property=\"og:image:width\" content=\"800\" \/>\n\t<meta property=\"og:image:height\" content=\"1152\" \/>\n\t<meta property=\"og:image:type\" content=\"image\/jpeg\" \/>\n<meta name=\"twitter:card\" content=\"summary_large_image\" \/>\n<meta name=\"twitter:title\" content=\"Self-drive road trip Tour based in Tavira, East Algarve,\" \/>\n<meta name=\"twitter:description\" content=\"Tavira, on the south slopes of the Serra do Caldeir\u00e3o, is a quaint and picturesque town, surrounded by a landscape dotted with olive, almond, fig, carob, and palm trees.Shaped by its historical past, Tavira has an attractive riverfront and a tranquil atmosphere. The River Gil\u00e3o opens up to the Ria Formosa, a system of lagoons of great natural beauty.This independent tour will give you an insight view of the importance of traditional fishing in the Ria Formosa, and an opportunity to taste sea delicacies prepared with expertise and simplicity.\" \/>\n<meta name=\"twitter:image\" content=\"https:\/\/self-drive.booking-portugal.com\/wp-content\/uploads\/sites\/8\/2020\/05\/Colorful-tipical-houses-in-Tavira.jpg\" \/>\n<meta name=\"twitter:site\" content=\"@becool_travel\" \/>\n<meta name=\"twitter:label1\" content=\"Gesch\u00e4tzte Lesezeit\" \/>\n\t<meta name=\"twitter:data1\" content=\"3\u00a0Minuten\" \/>\n<script type=\"application\/ld+json\" class=\"yoast-schema-graph\">{\"@context\":\"https:\\\/\\\/schema.org\",\"@graph\":[{\"@type\":\"WebPage\",\"@id\":\"https:\\\/\\\/self-drive.booking-portugal.com\\\/product\\\/tavira-experience-the-east-algarve-54001sc\\\/\",\"url\":\"https:\\\/\\\/self-drive.booking-portugal.com\\\/product\\\/tavira-experience-the-east-algarve-54001sc\\\/\",\"name\":\"Tavira Self-Drive Road Trip: Experience the East Algarve - Self Drive Booking Portugal\",\"isPartOf\":{\"@id\":\"https:\\\/\\\/self-drive.booking-portugal.com\\\/#website\"},\"primaryImageOfPage\":{\"@id\":\"https:\\\/\\\/self-drive.booking-portugal.com\\\/product\\\/tavira-experience-the-east-algarve-54001sc\\\/#primaryimage\"},\"image\":{\"@id\":\"https:\\\/\\\/self-drive.booking-portugal.com\\\/product\\\/tavira-experience-the-east-algarve-54001sc\\\/#primaryimage\"},\"thumbnailUrl\":\"https:\\\/\\\/self-drive.booking-portugal.com\\\/wp-content\\\/uploads\\\/sites\\\/8\\\/2021\\\/01\\\/Roman-bridge-in-Tavira-Venice-of-Algarve-2.jpg\",\"datePublished\":\"2020-06-02T14:30:26+00:00\",\"dateModified\":\"2022-01-02T23:03:52+00:00\",\"description\":\"Self-drive road trip Tour based in Tavira, East Algarve, designed to explore the natural wonders of the Ria Formosa Nature Park and the peaceful countryside.\",\"breadcrumb\":{\"@id\":\"https:\\\/\\\/self-drive.booking-portugal.com\\\/product\\\/tavira-experience-the-east-algarve-54001sc\\\/#breadcrumb\"},\"inLanguage\":\"de\",\"potentialAction\":[{\"@type\":\"ReadAction\",\"target\":[\"https:\\\/\\\/self-drive.booking-portugal.com\\\/product\\\/tavira-experience-the-east-algarve-54001sc\\\/\"]}]},{\"@type\":\"ImageObject\",\"inLanguage\":\"de\",\"@id\":\"https:\\\/\\\/self-drive.booking-portugal.com\\\/product\\\/tavira-experience-the-east-algarve-54001sc\\\/#primaryimage\",\"url\":\"https:\\\/\\\/self-drive.booking-portugal.com\\\/wp-content\\\/uploads\\\/sites\\\/8\\\/2021\\\/01\\\/Roman-bridge-in-Tavira-Venice-of-Algarve-2.jpg\",\"contentUrl\":\"https:\\\/\\\/self-drive.booking-portugal.com\\\/wp-content\\\/uploads\\\/sites\\\/8\\\/2021\\\/01\\\/Roman-bridge-in-Tavira-Venice-of-Algarve-2.jpg\",\"width\":1200,\"height\":803,\"caption\":\"Roman bridge in Tavira Venice of Algarve\"},{\"@type\":\"BreadcrumbList\",\"@id\":\"https:\\\/\\\/self-drive.booking-portugal.com\\\/product\\\/tavira-experience-the-east-algarve-54001sc\\\/#breadcrumb\",\"itemListElement\":[{\"@type\":\"ListItem\",\"position\":1,\"name\":\"Home\",\"item\":\"https:\\\/\\\/self-drive.booking-portugal.com\\\/\"},{\"@type\":\"ListItem\",\"position\":2,\"name\":\"Shop\",\"item\":\"https:\\\/\\\/self-drive.booking-portugal.com\\\/?page_id=5874\"},{\"@type\":\"ListItem\",\"position\":3,\"name\":\"Alcoutim\",\"item\":\"http:\\\/\\\/self-drive.booking-portugal.com\\\/de\\\/produkt-schlagwort\\\/alcoutim\\\/\"},{\"@type\":\"ListItem\",\"position\":4,\"name\":\"Tavira Self-Drive Road Trip: Experience the East Algarve\"}]},{\"@type\":\"WebSite\",\"@id\":\"https:\\\/\\\/self-drive.booking-portugal.com\\\/#website\",\"url\":\"https:\\\/\\\/self-drive.booking-portugal.com\\\/\",\"name\":\"Self Drive Booking Portugal\",\"description\":\"Self Drive Holidays in Portugal\",\"publisher\":{\"@id\":\"https:\\\/\\\/self-drive.booking-portugal.com\\\/#organization\"},\"potentialAction\":[{\"@type\":\"SearchAction\",\"target\":{\"@type\":\"EntryPoint\",\"urlTemplate\":\"https:\\\/\\\/self-drive.booking-portugal.com\\\/?s={search_term_string}\"},\"query-input\":{\"@type\":\"PropertyValueSpecification\",\"valueRequired\":true,\"valueName\":\"search_term_string\"}}],\"inLanguage\":\"de\"},{\"@type\":\"Organization\",\"@id\":\"https:\\\/\\\/self-drive.booking-portugal.com\\\/#organization\",\"name\":\"Self Drive Booking Portugal\",\"url\":\"https:\\\/\\\/self-drive.booking-portugal.com\\\/\",\"logo\":{\"@type\":\"ImageObject\",\"inLanguage\":\"de\",\"@id\":\"https:\\\/\\\/self-drive.booking-portugal.com\\\/#\\\/schema\\\/logo\\\/image\\\/\",\"url\":\"https:\\\/\\\/self-drive.booking-portugal.com\\\/wp-content\\\/uploads\\\/sites\\\/8\\\/2020\\\/03\\\/Logo_BeCool.jpg\",\"contentUrl\":\"https:\\\/\\\/self-drive.booking-portugal.com\\\/wp-content\\\/uploads\\\/sites\\\/8\\\/2020\\\/03\\\/Logo_BeCool.jpg\",\"width\":534,\"height\":534,\"caption\":\"Self Drive Booking Portugal\"},\"image\":{\"@id\":\"https:\\\/\\\/self-drive.booking-portugal.com\\\/#\\\/schema\\\/logo\\\/image\\\/\"},\"sameAs\":[\"https:\\\/\\\/www.facebook.com\\\/becooltravelagency\\\/\",\"https:\\\/\\\/x.com\\\/becool_travel\",\"https:\\\/\\\/www.instagram.com\\\/becooltravel_com\\\/\",\"https:\\\/\\\/www.linkedin.com\\\/company\\\/becool-travel\\\/\",\"https:\\\/\\\/www.youtube.com\\\/channel\\\/UCE7zRU3EVG1PgfXwQo-5uJw\"]}]}<\/script>\n<!-- \/ Yoast SEO Premium plugin. -->","yoast_head_json":{"title":"Tavira Selbstfahrer-Roadtrip: Erleben Sie die Ostalgarve - Self Drive Booking Portugal","description":"Selbstfahrer-Roadtrip-Tour mit Ausgangspunkt in Tavira, Ostalgarve, zur Erkundung der Naturwunder des Naturparks Ria Formosa und der friedlichen Landschaft.","robots":{"index":"index","follow":"follow","max-snippet":"max-snippet:-1","max-image-preview":"max-image-preview:large","max-video-preview":"max-video-preview:-1"},"canonical":"https:\/\/self-drive.booking-portugal.com\/de\/produkt\/tavira-experience-the-east-algarve-54001sc\/","og_locale":"de_DE","og_type":"article","og_title":"Self-drive road trip Tour based in Tavira, East Algarve,","og_description":"The inland excursions, to the hills above Tavira, will uncover the appeal of sleepy villages like Cachopo, with whitewashed houses with distinctively decorated parapets in the fa\u00e7ades. Some hide terraces (a\u00e7oteias) used to dry figs and other produce, with ancestral conservation techniques. Others are purely decorative and a sign of the house owner\u2019s wealth and prestige.S. Bras de Alportel, another stop on our itinerary, is famous for the cork production, where the tree bark is transformed into a sustainable and ecologically product. The quality of the cork from this region is known worldwide with countless uses.","og_url":"https:\/\/self-drive.booking-portugal.com\/de\/produkt\/tavira-experience-the-east-algarve-54001sc\/","og_site_name":"Self Drive Booking Portugal","article_publisher":"https:\/\/www.facebook.com\/becooltravelagency\/","article_modified_time":"2022-01-02T23:03:52+00:00","og_image":[{"width":800,"height":1152,"url":"https:\/\/self-drive.booking-portugal.com\/wp-content\/uploads\/sites\/8\/2020\/05\/Details-of-a-church-in-tavira.jpg","type":"image\/jpeg"}],"twitter_card":"summary_large_image","twitter_title":"Self-drive road trip Tour based in Tavira, East Algarve,","twitter_description":"Tavira, on the south slopes of the Serra do Caldeir\u00e3o, is a quaint and picturesque town, surrounded by a landscape dotted with olive, almond, fig, carob, and palm trees.Shaped by its historical past, Tavira has an attractive riverfront and a tranquil atmosphere. The River Gil\u00e3o opens up to the Ria Formosa, a system of lagoons of great natural beauty.This independent tour will give you an insight view of the importance of traditional fishing in the Ria Formosa, and an opportunity to taste sea delicacies prepared with expertise and simplicity.","twitter_image":"https:\/\/self-drive.booking-portugal.com\/wp-content\/uploads\/sites\/8\/2020\/05\/Colorful-tipical-houses-in-Tavira.jpg","twitter_site":"@becool_travel","twitter_misc":{"Gesch\u00e4tzte Lesezeit":"3\u00a0Minuten"},"schema":{"@context":"https:\/\/schema.org","@graph":[{"@type":"WebPage","@id":"https:\/\/self-drive.booking-portugal.com\/product\/tavira-experience-the-east-algarve-54001sc\/","url":"https:\/\/self-drive.booking-portugal.com\/product\/tavira-experience-the-east-algarve-54001sc\/","name":"Tavira Selbstfahrer-Roadtrip: Erleben Sie die Ostalgarve - Self Drive Booking Portugal","isPartOf":{"@id":"https:\/\/self-drive.booking-portugal.com\/#website"},"primaryImageOfPage":{"@id":"https:\/\/self-drive.booking-portugal.com\/product\/tavira-experience-the-east-algarve-54001sc\/#primaryimage"},"image":{"@id":"https:\/\/self-drive.booking-portugal.com\/product\/tavira-experience-the-east-algarve-54001sc\/#primaryimage"},"thumbnailUrl":"https:\/\/self-drive.booking-portugal.com\/wp-content\/uploads\/sites\/8\/2021\/01\/Roman-bridge-in-Tavira-Venice-of-Algarve-2.jpg","datePublished":"2020-06-02T14:30:26+00:00","dateModified":"2022-01-02T23:03:52+00:00","description":"Selbstfahrer-Roadtrip-Tour mit Ausgangspunkt in Tavira, Ostalgarve, zur Erkundung der Naturwunder des Naturparks Ria Formosa und der friedlichen Landschaft.","breadcrumb":{"@id":"https:\/\/self-drive.booking-portugal.com\/product\/tavira-experience-the-east-algarve-54001sc\/#breadcrumb"},"inLanguage":"de","potentialAction":[{"@type":"ReadAction","target":["https:\/\/self-drive.booking-portugal.com\/product\/tavira-experience-the-east-algarve-54001sc\/"]}]},{"@type":"ImageObject","inLanguage":"de","@id":"https:\/\/self-drive.booking-portugal.com\/product\/tavira-experience-the-east-algarve-54001sc\/#primaryimage","url":"https:\/\/self-drive.booking-portugal.com\/wp-content\/uploads\/sites\/8\/2021\/01\/Roman-bridge-in-Tavira-Venice-of-Algarve-2.jpg","contentUrl":"https:\/\/self-drive.booking-portugal.com\/wp-content\/uploads\/sites\/8\/2021\/01\/Roman-bridge-in-Tavira-Venice-of-Algarve-2.jpg","width":1200,"height":803,"caption":"Roman bridge in Tavira Venice of Algarve"},{"@type":"BreadcrumbList","@id":"https:\/\/self-drive.booking-portugal.com\/product\/tavira-experience-the-east-algarve-54001sc\/#breadcrumb","itemListElement":[{"@type":"ListItem","position":1,"name":"Home","item":"https:\/\/self-drive.booking-portugal.com\/"},{"@type":"ListItem","position":2,"name":"Shop","item":"https:\/\/self-drive.booking-portugal.com\/?page_id=5874"},{"@type":"ListItem","position":3,"name":"Alcoutim","item":"http:\/\/self-drive.booking-portugal.com\/de\/produkt-schlagwort\/alcoutim\/"},{"@type":"ListItem","position":4,"name":"Tavira Self-Drive Road Trip: Experience the East Algarve"}]},{"@type":"WebSite","@id":"https:\/\/self-drive.booking-portugal.com\/#website","url":"https:\/\/self-drive.booking-portugal.com\/","name":"Selbstfahrerbuchung Portugal","description":"Selbstfahrer-Urlaub in Portugal","publisher":{"@id":"https:\/\/self-drive.booking-portugal.com\/#organization"},"potentialAction":[{"@type":"SearchAction","target":{"@type":"EntryPoint","urlTemplate":"https:\/\/self-drive.booking-portugal.com\/?s={search_term_string}"},"query-input":{"@type":"PropertyValueSpecification","valueRequired":true,"valueName":"search_term_string"}}],"inLanguage":"de"},{"@type":"Organization","@id":"https:\/\/self-drive.booking-portugal.com\/#organization","name":"Selbstfahrerbuchung Portugal","url":"https:\/\/self-drive.booking-portugal.com\/","logo":{"@type":"ImageObject","inLanguage":"de","@id":"https:\/\/self-drive.booking-portugal.com\/#\/schema\/logo\/image\/","url":"https:\/\/self-drive.booking-portugal.com\/wp-content\/uploads\/sites\/8\/2020\/03\/Logo_BeCool.jpg","contentUrl":"https:\/\/self-drive.booking-portugal.com\/wp-content\/uploads\/sites\/8\/2020\/03\/Logo_BeCool.jpg","width":534,"height":534,"caption":"Self Drive Booking Portugal"},"image":{"@id":"https:\/\/self-drive.booking-portugal.com\/#\/schema\/logo\/image\/"},"sameAs":["https:\/\/www.facebook.com\/becooltravelagency\/","https:\/\/x.com\/becool_travel","https:\/\/www.instagram.com\/becooltravel_com\/","https:\/\/www.linkedin.com\/company\/becool-travel\/","https:\/\/www.youtube.com\/channel\/UCE7zRU3EVG1PgfXwQo-5uJw"]}]}},"_links":{"self":[{"href":"https:\/\/self-drive.booking-portugal.com\/de\/wp-json\/wp\/v2\/product\/5075","targetHints":{"allow":["GET"]}}],"collection":[{"href":"https:\/\/self-drive.booking-portugal.com\/de\/wp-json\/wp\/v2\/product"}],"about":[{"href":"https:\/\/self-drive.booking-portugal.com\/de\/wp-json\/wp\/v2\/types\/product"}],"replies":[{"embeddable":true,"href":"https:\/\/self-drive.booking-portugal.com\/de\/wp-json\/wp\/v2\/comments?post=5075"}],"wp:featuredmedia":[{"embeddable":true,"href":"https:\/\/self-drive.booking-portugal.com\/de\/wp-json\/wp\/v2\/media\/6406"}],"wp:attachment":[{"href":"https:\/\/self-drive.booking-portugal.com\/de\/wp-json\/wp\/v2\/media?parent=5075"}],"wp:term":[{"taxonomy":"product_brand","embeddable":true,"href":"https:\/\/self-drive.booking-portugal.com\/de\/wp-json\/wp\/v2\/product_brand?post=5075"},{"taxonomy":"product_cat","embeddable":true,"href":"https:\/\/self-drive.booking-portugal.com\/de\/wp-json\/wp\/v2\/product_cat?post=5075"},{"taxonomy":"product_tag","embeddable":true,"href":"https:\/\/self-drive.booking-portugal.com\/de\/wp-json\/wp\/v2\/product_tag?post=5075"}],"curies":[{"name":"wp","href":"https:\/\/api.w.org\/{rel}","templated":true}]}}