{"id":4966,"date":"2020-05-27T15:01:53","date_gmt":"2020-05-27T15:01:53","guid":{"rendered":"https:\/\/becooltravel.com\/product\/the-vicentina-route-and-the-untamed-atlantic-5200sc\/"},"modified":"2022-01-02T23:07:33","modified_gmt":"2022-01-02T23:07:33","slug":"the-vicentina-route-and-the-untamed-atlantic-5200sc","status":"publish","type":"product","link":"https:\/\/self-drive.booking-portugal.com\/de\/produkt\/the-vicentina-route-and-the-untamed-atlantic-5200sc\/","title":{"rendered":"Selbst\u00e4ndiges Wandern auf der Vicentina-Route"},"content":{"rendered":"<p>Die Vicentina-Route und der ungez\u00e4hmte Atlantik ist eine Selbstfahrer-Wanderung f\u00fcr begeisterte Wanderer, die daran interessiert sind, eine andere Seite Portugals zu erleben.<\/p>\n<p>Entlang einer der sch\u00f6nsten und am besten erhaltenen K\u00fcstenregionen Europas wandern Sie zwischen zerkl\u00fcfteten Klippen, einsamen Str\u00e4nden, endlosen Wildblumenfeldern, Waldwegen und historischen D\u00f6rfern.<\/p>\n<p>Die k\u00f6stliche regionale K\u00fcche und Weine stechen hervor, mit einem Highlight f\u00fcr Meeresfr\u00fcchte und frischen Fisch.<\/p>\n<p>Die Vicentina-Route ist Teil des europ\u00e4ischen Wanderwegenetzes und kombiniert Inland- (Historischer Weg) und K\u00fcstenwanderweg (Fischerweg) und umfasst 340 km Wanderwege zwischen der Stadt Santiago do Cac\u00e9m und dem Kap von St. Vincent.<\/p>\n<div id=\"attachment_2209\" style=\"width: 1034px\" class=\"wp-caption alignnone\"><img decoding=\"async\" aria-describedby=\"caption-attachment-2209\" class=\"wp-image-2209 size-large\" title=\"Vicentina Route, einer der sch\u00f6nsten Abschnitte der erhaltenen europ\u00e4ischen K\u00fcsten, das Gebiet ist die Heimat der ber\u00fchmten Rota Vicentina \u2013 ein 340 km langer Fernwanderweg.\" src=\"https:\/\/legendatours.net\/wp-content\/uploads\/2020\/05\/Vicentina_Coast04-1024x678.jpg\" alt=\"Vicentina Route, one of the finest stretches of preserved European coastlines, the area is home to the famous Rota Vicentina \u2013 a 340km long-distance path .\" width=\"1024\" height=\"678\" \/><p id=\"caption-attachment-2209\" class=\"wp-caption-text\">Vicentina Route, einer der sch\u00f6nsten Abschnitte der erhaltenen europ\u00e4ischen K\u00fcsten, das Gebiet ist die Heimat der ber\u00fchmten Rota Vicentina \u2013 ein 340 km langer Fernwanderweg.<\/p><\/div>\n<p>Die Rundwanderwege im Historischen Weg sind unvergessliche Routen voller Tradition. Sie werden seit Jahrhunderten verwendet, um die nahe gelegenen D\u00f6rfer und das Ackerland leicht zu erreichen, und sind eine reizvolle M\u00f6glichkeit, das echte Alentejo und eine weitgehend unbekannte Algarve zu erkunden.<\/p>\n<p>Sie werden eine gr\u00fcne Landschaft mit ausgedehnten Korkeichenw\u00e4ldern, sanften H\u00fcgeln, T\u00e4lern und sich schl\u00e4ngelnden Fl\u00fcssen und B\u00e4chen vorfinden. Eine wahre Reise durch die Zeit, die lokale Kultur und die Natur.<\/p>\n<p>Der Fischerweg, ausschlie\u00dflich Fu\u00dfg\u00e4nger, wurde traditionell von Fischern benutzt, um geheime Angelpl\u00e4tze zu erreichen. Sie k\u00f6nnen sie noch heute sehen, unm\u00f6glich hoch oben auf den felsigen Klippen.<\/p>\n<p>Ausgangspunkt der Tour ist ein kleines und zentral gelegenes Dorf, von wo aus sich die Region und die Strecken dieser Route gut erkunden lassen.<\/p>\n<p>Es beinhaltet ma\u00dfgeschneiderte Wanderungen, um Ihnen die besten Abschnitte der Vicentina und alle Wunder dieser Region zu zeigen.<\/p>\n<div id=\"attachment_2205\" style=\"width: 1034px\" class=\"wp-caption alignnone\"><img decoding=\"async\" aria-describedby=\"caption-attachment-2205\" class=\"wp-image-2205 size-large\" title=\"Vicentina-Route - Landschaft, entlang der pastoralen Landschaft und der landwirtschaftlichen Gebiete, die die kleinen H\u00e4usergruppen verbinden, die in diesem riesigen Gebiet verstreut sind.\" src=\"https:\/\/legendatours.net\/wp-content\/uploads\/2020\/05\/Odemira_countryside-1024x768.jpg\" alt=\"Vicentina Route - countryside, along the pastoral landscape and farming terrains that connect the small house clusters scattered in this vast area.\" width=\"1024\" height=\"768\" \/><p id=\"caption-attachment-2205\" class=\"wp-caption-text\">Vicentina-Route \u2013 Landschaft, entlang der pastoralen Landschaft und der landwirtschaftlichen Gebiete, die die kleinen H\u00e4usergruppen verbinden, die in diesem riesigen Gebiet verstreut sind.<\/p><\/div>\n<p>Von den wilden und durchsichtigen blauen Gew\u00e4ssern von Porto Covo, den atemberaubenden Ausblicken \u00fcber den Strand von Odeceixe bis hin zu den verlassenen Hochebenen rund um die Carrapateira.<\/p>\n<p>Die \u00dcberraschungen, die die Natur zu bieten hat, wie die bunten Blumenteppiche, der Duft von Kr\u00e4utern in der N\u00e4he der B\u00e4che und die Nester der St\u00f6rche auf den K\u00fcstenklippen, wie nirgendwo sonst auf der Welt!<\/p>\n<p>Finden Sie friedliche Str\u00e4nde, einige verlassene, wo Sie sich von Ihren Wanderanstrengungen erholen k\u00f6nnen. Genie\u00dfen Sie auf dem Land die B\u00e4che und Fl\u00fcsse, eine willkommene Abwechslung von der Hitze an hei\u00dfen Tagen.<\/p>\n<p>Au\u00dferdem haben Sie die M\u00f6glichkeit, die Authentizit\u00e4t, die Kultur, das Erbe und die Lebensweise der Menschen in kleinen D\u00f6rfern und St\u00e4dten wie Aljezur, Vila do Bispo und Sagres zu erleben.<\/p>\n<p>Das ganzj\u00e4hrig milde Wetter und die wunderbaren traditionellen Speisen und Weine runden dieses erstaunliche Urlaubsabenteuer ab, das perfekt f\u00fcr unabh\u00e4ngige Reisende ist.<\/p>\n<div class=\"row\" style=\"display: flex;\">\n<div class=\"column\" style=\"flex: 45%;\">\n<p><iframe title=\"Verlieben Sie sich in dieses Land \/\/ Amor a esta Terra - Rota Vicentina\" width=\"1080\" height=\"608\" src=\"https:\/\/www.youtube.com\/embed\/xnabsip_w88?feature=oembed\" frameborder=\"0\" allow=\"accelerometer; autoplay; clipboard-write; encrypted-media; gyroscope; picture-in-picture\" allowfullscreen><\/iframe><\/p>\n<\/div>\n<div class=\"column\" style=\"flex: 10%;\"><\/div>\n<div class=\"column\" style=\"flex: 45%;\">\n<p><iframe title=\"Alentejo wie nie zuvor\" width=\"1080\" height=\"608\" src=\"https:\/\/www.youtube.com\/embed\/sK3NutFlvQ4?feature=oembed\" frameborder=\"0\" allow=\"accelerometer; autoplay; clipboard-write; encrypted-media; gyroscope; picture-in-picture\" allowfullscreen><\/iframe><\/p>\n<\/div>\n<\/div>","protected":false},"excerpt":{"rendered":"<p>Die Vicentina-Route und der ungez\u00e4hmte Atlantik ist eine Selbstfahrer-Wanderung f\u00fcr begeisterte Wanderer, die daran interessiert sind, eine andere Seite Portugals zu erleben.<\/p>\n<p>Entlang einer der sch\u00f6nsten und am besten erhaltenen K\u00fcstenregionen Europas wandern Sie zwischen zerkl\u00fcfteten Klippen, einsamen Str\u00e4nden, endlosen Wildblumenfeldern, Waldwegen und historischen D\u00f6rfern.<\/p>\n<p>Die k\u00f6stliche regionale K\u00fcche und Weine stechen hervor, mit einem Highlight f\u00fcr Meeresfr\u00fcchte und frischen Fisch.<\/p>","protected":false},"featured_media":6240,"comment_status":"closed","ping_status":"closed","template":"","meta":{"_acf_changed":false,"inline_featured_image":false},"product_brand":[],"product_cat":[996,18,1047],"product_tag":[175,997,689,75,690,182,183,184,691,185,187,188,692,693,193,194,195,196,1048,998,1049,1050,1051,1052,694,201,695,202,161,696,205,206,207,840,208,210,697,1053,1054,1055,1056,1057,842,999,1068,719,164,703,166,607,217,218,1000,1058,698,352,1001,222,1059,1060,1061,763,1002,1062,1003,51,225,226,227,228,230,699],"class_list":{"0":"post-4966","1":"product","2":"type-product","3":"status-publish","4":"has-post-thumbnail","6":"product_cat-self-drive-holidays-portugal","7":"product_cat-self-guided-tours-portugal","8":"product_cat-self-guided-walking-holidays","9":"product_tag-algarve-secluded-beaches","10":"product_tag-alleine-reisen","11":"product_tag-alzejur","12":"product_tag-bird-watching","13":"product_tag-carrapateira","14":"product_tag-caves","15":"product_tag-cliff-top","16":"product_tag-cliffs","17":"product_tag-costa-vicentina","18":"product_tag-countryside","19":"product_tag-culture","20":"product_tag-delicious-food","21":"product_tag-dramatic-cliffs","22":"product_tag-fishermans-trail","23":"product_tag-golden-beaches","24":"product_tag-grottoes","25":"product_tag-hiking","26":"product_tag-history","27":"product_tag-individual-hiking","28":"product_tag-individuelle-touren","29":"product_tag-individuelle-trekkingreisen","30":"product_tag-individuelle-wandern","31":"product_tag-individuelle-wanderreisen","32":"product_tag-individuelle-wandertouren","33":"product_tag-inland-alentejo","34":"product_tag-lush-green-hills","35":"product_tag-markets","36":"product_tag-nature-hikes","37":"product_tag-nature-walks","38":"product_tag-odemira","39":"product_tag-olives","40":"product_tag-oranges","41":"product_tag-orchards","42":"product_tag-parque-natural-de-costa-vicentina","43":"product_tag-paths","44":"product_tag-picturesque-landscapes","45":"product_tag-porto-covo","46":"product_tag-rando-autoguidee","47":"product_tag-rando-liberte","48":"product_tag-randonnee-autoguidee","49":"product_tag-randonnee-en-liberte","50":"product_tag-randonnee-liberte","51":"product_tag-rota-vicentina","52":"product_tag-sejour-en-liberte","53":"product_tag-selected-walks","54":"product_tag-self-drive-holiday","55":"product_tag-self-guided","56":"product_tag-self-guided-holiday","57":"product_tag-self-guided-walking-holiday","58":"product_tag-self-guided-walking-holidays","59":"product_tag-self-guided-walking-tour","60":"product_tag-sightseeing","61":"product_tag-solo-reisen","62":"product_tag-solo-wandern","63":"product_tag-southwestern-portugal","64":"product_tag-sunny-winters","65":"product_tag-tours-autoguidees","66":"product_tag-trails","67":"product_tag-trek-en-liberte","68":"product_tag-trek-solo","69":"product_tag-trekking-solo","70":"product_tag-vicentina-route","71":"product_tag-voyage-en-liberte","72":"product_tag-voyages-a-pied-en-liberte","73":"product_tag-voyages-en-autonomie","74":"product_tag-walking","75":"product_tag-walking-holiday","76":"product_tag-walking-tour","77":"product_tag-walking-trails","78":"product_tag-walks","79":"product_tag-wines","80":"product_tag-zambujeira-do-mar","82":"first","83":"instock","84":"virtual","85":"taxable","86":"product-type-simple"},"acf":[],"yoast_head":"<!-- This site is optimized with the Yoast SEO Premium plugin v26.8 (Yoast SEO v27.4) - https:\/\/yoast.com\/product\/yoast-seo-premium-wordpress\/ -->\n<title>Self-Drive Walking Independent in The Vicentina Route - Self Drive Booking Portugal<\/title>\n<meta name=\"description\" content=\"Vicentina Route and the Untamed Atlantic is a Self-Drive Walking tour , Vicentina Route is part of the European footpath network and combines inland (Historical Way) and coastal walking (Fishermen\u2019s Trail), covering 340km of tracks between the city of Santiago do Cac\u00e9m and the Cape of St. Vincent.\" \/>\n<meta name=\"robots\" content=\"index, follow, max-snippet:-1, max-image-preview:large, max-video-preview:-1\" \/>\n<link rel=\"canonical\" href=\"https:\/\/self-drive.booking-portugal.com\/de\/produkt\/the-vicentina-route-and-the-untamed-atlantic-5200sc\/\" \/>\n<meta property=\"og:locale\" content=\"de_DE\" \/>\n<meta property=\"og:type\" content=\"article\" \/>\n<meta property=\"og:title\" content=\"Vicentina Route and the Untamed Atlantic is a Self-Drive Walking holiday\" \/>\n<meta property=\"og:description\" content=\"wild and see-through blue waters of Porto Covo, the amazing views over the beach of Odeceixe, to the deserted plateaus around the Carrapateira.The surprises nature has to offer, such as the colourful carpets of flowers, the aroma of herbs near the creeks, and the storks\u2019 nests on the coastal cliffs, like nowhere else in the world!Find peaceful beaches, some deserted, where you can relax from your hiking efforts. In the countryside, enjoy the streams and rivers, a much welcome relief from the heat on hotter days.\" \/>\n<meta property=\"og:url\" content=\"https:\/\/self-drive.booking-portugal.com\/de\/produkt\/the-vicentina-route-and-the-untamed-atlantic-5200sc\/\" \/>\n<meta property=\"og:site_name\" content=\"Self Drive Booking Portugal\" \/>\n<meta property=\"article:publisher\" content=\"https:\/\/www.facebook.com\/becooltravelagency\/\" \/>\n<meta property=\"article:modified_time\" content=\"2022-01-02T23:07:33+00:00\" \/>\n<meta property=\"og:image\" content=\"https:\/\/self-drive.booking-portugal.com\/wp-content\/uploads\/sites\/8\/2020\/07\/Hike_countryside_vicentina.jpg\" \/>\n\t<meta property=\"og:image:width\" content=\"1024\" \/>\n\t<meta property=\"og:image:height\" content=\"768\" \/>\n\t<meta property=\"og:image:type\" content=\"image\/jpeg\" \/>\n<meta name=\"twitter:card\" content=\"summary_large_image\" \/>\n<meta name=\"twitter:title\" content=\"Vicentina Route and the Untamed Atlantic is a Self-Drive Walking holiday\" \/>\n<meta name=\"twitter:description\" content=\"The Fishermen\u2019s trail, exclusively pedestrian, was traditionally used by fishermen to access secretive fishing spots. You can still see them today, impossibly perched on top of the rocky cliffs.The tour base is a small and centrally located village, from where it\u2019s easy to explore the region and the tracks of this itinerary.It includes tailored walks to show you the best sections of the Vicentina and all the wonders of this region.\" \/>\n<meta name=\"twitter:image\" content=\"https:\/\/self-drive.booking-portugal.com\/wp-content\/uploads\/sites\/8\/2020\/05\/Walking_countryside.jpg\" \/>\n<meta name=\"twitter:site\" content=\"@becool_travel\" \/>\n<meta name=\"twitter:label1\" content=\"Gesch\u00e4tzte Lesezeit\" \/>\n\t<meta name=\"twitter:data1\" content=\"2\u00a0Minuten\" \/>\n<script type=\"application\/ld+json\" class=\"yoast-schema-graph\">{\"@context\":\"https:\\\/\\\/schema.org\",\"@graph\":[{\"@type\":\"WebPage\",\"@id\":\"https:\\\/\\\/self-drive.booking-portugal.com\\\/product\\\/the-vicentina-route-and-the-untamed-atlantic-5200sc\\\/\",\"url\":\"https:\\\/\\\/self-drive.booking-portugal.com\\\/product\\\/the-vicentina-route-and-the-untamed-atlantic-5200sc\\\/\",\"name\":\"Self-Drive Walking Independent in The Vicentina Route - Self Drive Booking Portugal\",\"isPartOf\":{\"@id\":\"https:\\\/\\\/self-drive.booking-portugal.com\\\/#website\"},\"primaryImageOfPage\":{\"@id\":\"https:\\\/\\\/self-drive.booking-portugal.com\\\/product\\\/the-vicentina-route-and-the-untamed-atlantic-5200sc\\\/#primaryimage\"},\"image\":{\"@id\":\"https:\\\/\\\/self-drive.booking-portugal.com\\\/product\\\/the-vicentina-route-and-the-untamed-atlantic-5200sc\\\/#primaryimage\"},\"thumbnailUrl\":\"https:\\\/\\\/self-drive.booking-portugal.com\\\/wp-content\\\/uploads\\\/sites\\\/8\\\/2020\\\/12\\\/costavicentina.jpg\",\"datePublished\":\"2020-05-27T15:01:53+00:00\",\"dateModified\":\"2022-01-02T23:07:33+00:00\",\"description\":\"Vicentina Route and the Untamed Atlantic is a Self-Drive Walking tour , Vicentina Route is part of the European footpath network and combines inland (Historical Way) and coastal walking (Fishermen\u2019s Trail), covering 340km of tracks between the city of Santiago do Cac\u00e9m and the Cape of St. Vincent.\",\"breadcrumb\":{\"@id\":\"https:\\\/\\\/self-drive.booking-portugal.com\\\/product\\\/the-vicentina-route-and-the-untamed-atlantic-5200sc\\\/#breadcrumb\"},\"inLanguage\":\"de\",\"potentialAction\":[{\"@type\":\"ReadAction\",\"target\":[\"https:\\\/\\\/self-drive.booking-portugal.com\\\/product\\\/the-vicentina-route-and-the-untamed-atlantic-5200sc\\\/\"]}]},{\"@type\":\"ImageObject\",\"inLanguage\":\"de\",\"@id\":\"https:\\\/\\\/self-drive.booking-portugal.com\\\/product\\\/the-vicentina-route-and-the-untamed-atlantic-5200sc\\\/#primaryimage\",\"url\":\"https:\\\/\\\/self-drive.booking-portugal.com\\\/wp-content\\\/uploads\\\/sites\\\/8\\\/2020\\\/12\\\/costavicentina.jpg\",\"contentUrl\":\"https:\\\/\\\/self-drive.booking-portugal.com\\\/wp-content\\\/uploads\\\/sites\\\/8\\\/2020\\\/12\\\/costavicentina.jpg\",\"width\":1200,\"height\":781,\"caption\":\"Stork nest - Vicentina Coast\"},{\"@type\":\"BreadcrumbList\",\"@id\":\"https:\\\/\\\/self-drive.booking-portugal.com\\\/product\\\/the-vicentina-route-and-the-untamed-atlantic-5200sc\\\/#breadcrumb\",\"itemListElement\":[{\"@type\":\"ListItem\",\"position\":1,\"name\":\"Home\",\"item\":\"https:\\\/\\\/self-drive.booking-portugal.com\\\/\"},{\"@type\":\"ListItem\",\"position\":2,\"name\":\"Shop\",\"item\":\"https:\\\/\\\/self-drive.booking-portugal.com\\\/?page_id=5874\"},{\"@type\":\"ListItem\",\"position\":3,\"name\":\"Algarve secluded beaches\",\"item\":\"http:\\\/\\\/self-drive.booking-portugal.com\\\/de\\\/produkt-schlagwort\\\/algarve-secluded-beaches\\\/\"},{\"@type\":\"ListItem\",\"position\":4,\"name\":\"Birdwatching and Wildlife Tour in the Ria Formosa is a Self-Guided Tour with Car designed by keen local birders. Rightly famed for its golden beaches, golf courses, and wonderful year-round climate, the Algarve is also a secret destination for great birding. At almost any time of the year, there is something of interest to see!\"}]},{\"@type\":\"WebSite\",\"@id\":\"https:\\\/\\\/self-drive.booking-portugal.com\\\/#website\",\"url\":\"https:\\\/\\\/self-drive.booking-portugal.com\\\/\",\"name\":\"Self Drive Booking Portugal\",\"description\":\"Self Drive Holidays in Portugal\",\"publisher\":{\"@id\":\"https:\\\/\\\/self-drive.booking-portugal.com\\\/#organization\"},\"potentialAction\":[{\"@type\":\"SearchAction\",\"target\":{\"@type\":\"EntryPoint\",\"urlTemplate\":\"https:\\\/\\\/self-drive.booking-portugal.com\\\/?s={search_term_string}\"},\"query-input\":{\"@type\":\"PropertyValueSpecification\",\"valueRequired\":true,\"valueName\":\"search_term_string\"}}],\"inLanguage\":\"de\"},{\"@type\":\"Organization\",\"@id\":\"https:\\\/\\\/self-drive.booking-portugal.com\\\/#organization\",\"name\":\"Self Drive Booking Portugal\",\"url\":\"https:\\\/\\\/self-drive.booking-portugal.com\\\/\",\"logo\":{\"@type\":\"ImageObject\",\"inLanguage\":\"de\",\"@id\":\"https:\\\/\\\/self-drive.booking-portugal.com\\\/#\\\/schema\\\/logo\\\/image\\\/\",\"url\":\"https:\\\/\\\/self-drive.booking-portugal.com\\\/wp-content\\\/uploads\\\/sites\\\/8\\\/2020\\\/03\\\/Logo_BeCool.jpg\",\"contentUrl\":\"https:\\\/\\\/self-drive.booking-portugal.com\\\/wp-content\\\/uploads\\\/sites\\\/8\\\/2020\\\/03\\\/Logo_BeCool.jpg\",\"width\":534,\"height\":534,\"caption\":\"Self Drive Booking Portugal\"},\"image\":{\"@id\":\"https:\\\/\\\/self-drive.booking-portugal.com\\\/#\\\/schema\\\/logo\\\/image\\\/\"},\"sameAs\":[\"https:\\\/\\\/www.facebook.com\\\/becooltravelagency\\\/\",\"https:\\\/\\\/x.com\\\/becool_travel\",\"https:\\\/\\\/www.instagram.com\\\/becooltravel_com\\\/\",\"https:\\\/\\\/www.linkedin.com\\\/company\\\/becool-travel\\\/\",\"https:\\\/\\\/www.youtube.com\\\/channel\\\/UCE7zRU3EVG1PgfXwQo-5uJw\"]}]}<\/script>\n<!-- \/ Yoast SEO Premium plugin. -->","yoast_head_json":{"title":"Selbstfahrer-Wandern auf der Vicentina-Route - Selbstfahrer-Buchung Portugal","description":"Die Vicentina-Route und der ungez\u00e4hmte Atlantik ist eine Selbstfahrer-Wandertour. Die Vicentina-Route ist Teil des europ\u00e4ischen Wanderwegenetzes und kombiniert das Inland (Historischer Weg) und das K\u00fcstenwandern (Fischerpfad) und umfasst 340 km Wege zwischen der Stadt Santiago do Cac\u00e9m und dem Kap St. Vincent.","robots":{"index":"index","follow":"follow","max-snippet":"max-snippet:-1","max-image-preview":"max-image-preview:large","max-video-preview":"max-video-preview:-1"},"canonical":"https:\/\/self-drive.booking-portugal.com\/de\/produkt\/the-vicentina-route-and-the-untamed-atlantic-5200sc\/","og_locale":"de_DE","og_type":"article","og_title":"Vicentina Route and the Untamed Atlantic is a Self-Drive Walking holiday","og_description":"wild and see-through blue waters of Porto Covo, the amazing views over the beach of Odeceixe, to the deserted plateaus around the Carrapateira.The surprises nature has to offer, such as the colourful carpets of flowers, the aroma of herbs near the creeks, and the storks\u2019 nests on the coastal cliffs, like nowhere else in the world!Find peaceful beaches, some deserted, where you can relax from your hiking efforts. In the countryside, enjoy the streams and rivers, a much welcome relief from the heat on hotter days.","og_url":"https:\/\/self-drive.booking-portugal.com\/de\/produkt\/the-vicentina-route-and-the-untamed-atlantic-5200sc\/","og_site_name":"Self Drive Booking Portugal","article_publisher":"https:\/\/www.facebook.com\/becooltravelagency\/","article_modified_time":"2022-01-02T23:07:33+00:00","og_image":[{"width":1024,"height":768,"url":"https:\/\/self-drive.booking-portugal.com\/wp-content\/uploads\/sites\/8\/2020\/07\/Hike_countryside_vicentina.jpg","type":"image\/jpeg"}],"twitter_card":"summary_large_image","twitter_title":"Vicentina Route and the Untamed Atlantic is a Self-Drive Walking holiday","twitter_description":"The Fishermen\u2019s trail, exclusively pedestrian, was traditionally used by fishermen to access secretive fishing spots. You can still see them today, impossibly perched on top of the rocky cliffs.The tour base is a small and centrally located village, from where it\u2019s easy to explore the region and the tracks of this itinerary.It includes tailored walks to show you the best sections of the Vicentina and all the wonders of this region.","twitter_image":"https:\/\/self-drive.booking-portugal.com\/wp-content\/uploads\/sites\/8\/2020\/05\/Walking_countryside.jpg","twitter_site":"@becool_travel","twitter_misc":{"Gesch\u00e4tzte Lesezeit":"2\u00a0Minuten"},"schema":{"@context":"https:\/\/schema.org","@graph":[{"@type":"WebPage","@id":"https:\/\/self-drive.booking-portugal.com\/product\/the-vicentina-route-and-the-untamed-atlantic-5200sc\/","url":"https:\/\/self-drive.booking-portugal.com\/product\/the-vicentina-route-and-the-untamed-atlantic-5200sc\/","name":"Selbstfahrer-Wandern auf der Vicentina-Route - Selbstfahrer-Buchung Portugal","isPartOf":{"@id":"https:\/\/self-drive.booking-portugal.com\/#website"},"primaryImageOfPage":{"@id":"https:\/\/self-drive.booking-portugal.com\/product\/the-vicentina-route-and-the-untamed-atlantic-5200sc\/#primaryimage"},"image":{"@id":"https:\/\/self-drive.booking-portugal.com\/product\/the-vicentina-route-and-the-untamed-atlantic-5200sc\/#primaryimage"},"thumbnailUrl":"https:\/\/self-drive.booking-portugal.com\/wp-content\/uploads\/sites\/8\/2020\/12\/costavicentina.jpg","datePublished":"2020-05-27T15:01:53+00:00","dateModified":"2022-01-02T23:07:33+00:00","description":"Die Vicentina-Route und der ungez\u00e4hmte Atlantik ist eine Selbstfahrer-Wandertour. Die Vicentina-Route ist Teil des europ\u00e4ischen Wanderwegenetzes und kombiniert das Inland (Historischer Weg) und das K\u00fcstenwandern (Fischerpfad) und umfasst 340 km Wege zwischen der Stadt Santiago do Cac\u00e9m und dem Kap St. Vincent.","breadcrumb":{"@id":"https:\/\/self-drive.booking-portugal.com\/product\/the-vicentina-route-and-the-untamed-atlantic-5200sc\/#breadcrumb"},"inLanguage":"de","potentialAction":[{"@type":"ReadAction","target":["https:\/\/self-drive.booking-portugal.com\/product\/the-vicentina-route-and-the-untamed-atlantic-5200sc\/"]}]},{"@type":"ImageObject","inLanguage":"de","@id":"https:\/\/self-drive.booking-portugal.com\/product\/the-vicentina-route-and-the-untamed-atlantic-5200sc\/#primaryimage","url":"https:\/\/self-drive.booking-portugal.com\/wp-content\/uploads\/sites\/8\/2020\/12\/costavicentina.jpg","contentUrl":"https:\/\/self-drive.booking-portugal.com\/wp-content\/uploads\/sites\/8\/2020\/12\/costavicentina.jpg","width":1200,"height":781,"caption":"Stork nest - Vicentina Coast"},{"@type":"BreadcrumbList","@id":"https:\/\/self-drive.booking-portugal.com\/product\/the-vicentina-route-and-the-untamed-atlantic-5200sc\/#breadcrumb","itemListElement":[{"@type":"ListItem","position":1,"name":"Home","item":"https:\/\/self-drive.booking-portugal.com\/"},{"@type":"ListItem","position":2,"name":"Shop","item":"https:\/\/self-drive.booking-portugal.com\/?page_id=5874"},{"@type":"ListItem","position":3,"name":"Algarve secluded beaches","item":"http:\/\/self-drive.booking-portugal.com\/de\/produkt-schlagwort\/algarve-secluded-beaches\/"},{"@type":"ListItem","position":4,"name":"Birdwatching and Wildlife Tour in the Ria Formosa is a Self-Guided Tour with Car designed by keen local birders. Rightly famed for its golden beaches, golf courses, and wonderful year-round climate, the Algarve is also a secret destination for great birding. At almost any time of the year, there is something of interest to see!"}]},{"@type":"WebSite","@id":"https:\/\/self-drive.booking-portugal.com\/#website","url":"https:\/\/self-drive.booking-portugal.com\/","name":"Selbstfahrerbuchung Portugal","description":"Selbstfahrer-Urlaub in Portugal","publisher":{"@id":"https:\/\/self-drive.booking-portugal.com\/#organization"},"potentialAction":[{"@type":"SearchAction","target":{"@type":"EntryPoint","urlTemplate":"https:\/\/self-drive.booking-portugal.com\/?s={search_term_string}"},"query-input":{"@type":"PropertyValueSpecification","valueRequired":true,"valueName":"search_term_string"}}],"inLanguage":"de"},{"@type":"Organization","@id":"https:\/\/self-drive.booking-portugal.com\/#organization","name":"Selbstfahrerbuchung Portugal","url":"https:\/\/self-drive.booking-portugal.com\/","logo":{"@type":"ImageObject","inLanguage":"de","@id":"https:\/\/self-drive.booking-portugal.com\/#\/schema\/logo\/image\/","url":"https:\/\/self-drive.booking-portugal.com\/wp-content\/uploads\/sites\/8\/2020\/03\/Logo_BeCool.jpg","contentUrl":"https:\/\/self-drive.booking-portugal.com\/wp-content\/uploads\/sites\/8\/2020\/03\/Logo_BeCool.jpg","width":534,"height":534,"caption":"Self Drive Booking Portugal"},"image":{"@id":"https:\/\/self-drive.booking-portugal.com\/#\/schema\/logo\/image\/"},"sameAs":["https:\/\/www.facebook.com\/becooltravelagency\/","https:\/\/x.com\/becool_travel","https:\/\/www.instagram.com\/becooltravel_com\/","https:\/\/www.linkedin.com\/company\/becool-travel\/","https:\/\/www.youtube.com\/channel\/UCE7zRU3EVG1PgfXwQo-5uJw"]}]}},"_links":{"self":[{"href":"https:\/\/self-drive.booking-portugal.com\/de\/wp-json\/wp\/v2\/product\/4966","targetHints":{"allow":["GET"]}}],"collection":[{"href":"https:\/\/self-drive.booking-portugal.com\/de\/wp-json\/wp\/v2\/product"}],"about":[{"href":"https:\/\/self-drive.booking-portugal.com\/de\/wp-json\/wp\/v2\/types\/product"}],"replies":[{"embeddable":true,"href":"https:\/\/self-drive.booking-portugal.com\/de\/wp-json\/wp\/v2\/comments?post=4966"}],"wp:featuredmedia":[{"embeddable":true,"href":"https:\/\/self-drive.booking-portugal.com\/de\/wp-json\/wp\/v2\/media\/6240"}],"wp:attachment":[{"href":"https:\/\/self-drive.booking-portugal.com\/de\/wp-json\/wp\/v2\/media?parent=4966"}],"wp:term":[{"taxonomy":"product_brand","embeddable":true,"href":"https:\/\/self-drive.booking-portugal.com\/de\/wp-json\/wp\/v2\/product_brand?post=4966"},{"taxonomy":"product_cat","embeddable":true,"href":"https:\/\/self-drive.booking-portugal.com\/de\/wp-json\/wp\/v2\/product_cat?post=4966"},{"taxonomy":"product_tag","embeddable":true,"href":"https:\/\/self-drive.booking-portugal.com\/de\/wp-json\/wp\/v2\/product_tag?post=4966"}],"curies":[{"name":"wp","href":"https:\/\/api.w.org\/{rel}","templated":true}]}}