{"id":4940,"date":"2020-05-27T10:27:50","date_gmt":"2020-05-27T10:27:50","guid":{"rendered":"https:\/\/becooltravel.com\/?post_type=product&#038;p=4940"},"modified":"2022-01-02T22:36:32","modified_gmt":"2022-01-02T22:36:32","slug":"walking-in-the-wonderful-west-algarve-5300sc","status":"publish","type":"product","link":"https:\/\/self-drive.booking-portugal.com\/de\/produkt\/walking-in-the-wonderful-west-algarve-5300sc\/","title":{"rendered":"Wanderurlaub auf eigene Faust in Lagos, der wundersch\u00f6nen Westalgarve"},"content":{"rendered":"<p>Die Sch\u00f6nheit der Westk\u00fcste der Algarve ist kein Geheimnis. Es gibt jedoch einzigartige Orte und Erfahrungen, die den meisten unbekannt sind, die Sie bei dieser aufregenden Selbstfahrer-Wanderung entdecken k\u00f6nnen.<\/p>\n<p>Unsere Basis ist die kosmopolitische Stadt Lagos, nicht weit von einer F\u00fclle von einsamen Str\u00e4nden und unber\u00fchrten Feldwegen entfernt, perfekt f\u00fcr begeisterte Entdecker.<\/p>\n<p>Die Reiserouten zeigen vielf\u00e4ltige Landschaften an der K\u00fcste und im Landesinneren und sind das Ergebnis umfangreicher lokaler Kenntnisse.<\/p>\n<div id=\"attachment_1855\" style=\"width: 1034px\" class=\"wp-caption alignnone\"><img decoding=\"async\" aria-describedby=\"caption-attachment-1855\" class=\"wp-image-1855 size-large\" src=\"https:\/\/legendatours.net\/wp-content\/uploads\/2020\/03\/Lagos-waterfront-2-1024x686.jpg\" alt=\"Lagos waterfront attractive town that was an important Roman settlement\" width=\"1024\" height=\"686\" \/><p id=\"caption-attachment-1855\" class=\"wp-caption-text\">Attraktive Stadt am Wasser von Lagos, die eine wichtige r\u00f6mische Siedlung war<\/p><\/div>\n<p>Sie k\u00f6nnen unabh\u00e4ngig reisen, um die abwechslungsreichen Landschaften der Westalgarve zu entdecken, von vulkanischen H\u00fcgeln bis zu dramatischen Kalksteinfelsen, von verschlafenen D\u00f6rfern auf dem Land bis zu gesch\u00e4ftigen K\u00fcstenst\u00e4dten, von Fischerd\u00f6rfern bis zu gr\u00fcnen H\u00fcgeln, in denen niemand zu sehen ist.<\/p>\n<p>Die Stadt Lagos liegt gegen\u00fcber einer gro\u00dfen Bucht und dem feinen Sandstrand Meia Praia Beach. Von hier aus fuhren die Galeonen der Discoveries ab, und es war auch ein Zufluchtsort f\u00fcr Freibeuter wie Sir Francis Drake.<\/p>\n<p>Eine sch\u00f6ne Mauer grenzt an die Uferpromenade, und die Altstadt ist voll von kleinen Boutiquen, Restaurants und einer F\u00fclle von historischen und kulturellen St\u00e4tten.<br \/>\nSelbst in den Wintermonaten ist das Wetter mild, was diese Region zu einer sch\u00f6nen Region zum Wandern und f\u00fcr andere Naturaktivit\u00e4ten macht.<\/p>\n<div id=\"attachment_1906\" style=\"width: 1034px\" class=\"wp-caption alignnone\"><img decoding=\"async\" aria-describedby=\"caption-attachment-1906\" class=\"wp-image-1906 size-large\" src=\"https:\/\/legendatours.net\/wp-content\/uploads\/2020\/03\/Oranges-in-West-Algarve-orchard-1024x685.jpg\" alt=\"Oranges in West Algarve orchard\" width=\"1024\" height=\"685\" \/><p id=\"caption-attachment-1906\" class=\"wp-caption-text\">Orangen im Obstgarten der Westalgarve. Es gibt nichts Sch\u00f6neres als eine frisch gepfl\u00fcckte Orange fast direkt vom Baum.<\/p><\/div>\n<p>Im Landesinneren, oben in den sattgr\u00fcnen H\u00fcgeln, sehen Sie eine Lebensweise, die aus vielen europ\u00e4ischen L\u00e4ndern verschwunden ist und sich um die Jahreszeiten dreht. In den engen Kopfsteinpflasterstra\u00dfen charmanter Bergd\u00f6rfer mit wei\u00df get\u00fcnchten H\u00e4usern finden Sie verschlafene Caf\u00e9s und eine ruhige Lebensweise.<\/p>\n<div id=\"attachment_1853\" style=\"width: 1034px\" class=\"wp-caption alignnone\"><img decoding=\"async\" aria-describedby=\"caption-attachment-1853\" class=\"wp-image-1853 size-full\" src=\"https:\/\/legendatours.net\/wp-content\/uploads\/2020\/03\/Lagos-fortress-2-e1611677706222.jpg\" alt=\"Lagos Fortress\" width=\"1024\" height=\"683\" \/><p id=\"caption-attachment-1853\" class=\"wp-caption-text\">Die Festung von Lagos ist eine charmante alte Festung mit kleinen Wacht\u00fcrmen und einer alten h\u00f6lzernen Zugbr\u00fccke. Es liegt am Stadtstrand.<\/p><\/div>\n<p>Die K\u00fcste ist wild, der Gewalt des Atlantischen Ozeans ausgeliefert, aber mit einer Geschichte, die auch sehr eng mit der Natur verbunden ist.<\/p>\n<p>In der Alvor-M\u00fcndung k\u00f6nnen Sie bei Ebbe die Einheimischen bei der Seefahrt beobachten, begleitet von Reihern, L\u00f6fflern und anderen Vogelarten.<\/p>\n<p>Wohin auch immer Ihre Wanderpfade Sie an der Westalgarve f\u00fchren, Sie werden freundliche Menschen, ausgezeichnete lokale Weine und k\u00f6stliche Speisen finden, vom frischen Fang des Tages bis hin zu herzhaften, mit Kr\u00e4utern gew\u00fcrzten Gerichten.<\/p>\n<p>Genie\u00dfen Sie unsere ausgesuchten Wanderungen an der Westalgarve, da sie alle Zutaten f\u00fcr einen perfekten Wanderurlaub vereinen und gleichzeitig ein echtes Ortsgef\u00fchl vermitteln.<\/p>\n<div class=\"row\" style=\"display: flex;\">\n<div class=\"column\" style=\"flex: 45%;\"><\/div>\n<div class=\"column\" style=\"flex: 10%;\"><\/div>\n<div class=\"column\" style=\"flex: 45%;\"><\/div>\n<\/div>","protected":false},"excerpt":{"rendered":"<p>Die Sch\u00f6nheit der Westk\u00fcste der Algarve ist kein Geheimnis. Es gibt jedoch einzigartige Orte und Erfahrungen, die den meisten unbekannt sind, die Sie bei dieser aufregenden Selbstfahrer-Wanderung entdecken k\u00f6nnen.<\/p>\n<p>Unsere Basis ist die kosmopolitische Stadt Lagos, nicht weit von einer F\u00fclle von einsamen Str\u00e4nden und unber\u00fchrten Feldwegen entfernt, perfekt f\u00fcr begeisterte Entdecker.<\/p>","protected":false},"featured_media":6441,"comment_status":"closed","ping_status":"closed","template":"","meta":{"_acf_changed":false,"inline_featured_image":false},"product_brand":[],"product_cat":[996,18,1047],"product_tag":[172,175,997,450,405,181,1069,183,274,185,187,188,565,195,358,196,343,1070,1048,998,1049,1050,1051,1052,198,156,201,682,202,161,205,206,207,208,687,688,62,1053,1054,1055,1056,1057,999,164,533,571,218,769,1000,1058,352,1001,573,222,1059,1060,1061,353,1002,1062,1003,33,227,228,171,230],"class_list":{"0":"post-4940","1":"product","2":"type-product","3":"status-publish","4":"has-post-thumbnail","6":"product_cat-self-drive-holidays-portugal","7":"product_cat-self-guided-tours-portugal","8":"product_cat-self-guided-walking-holidays","9":"product_tag-algarve","10":"product_tag-algarve-secluded-beaches","11":"product_tag-alleine-reisen","12":"product_tag-almond-tree","13":"product_tag-birdwatching","14":"product_tag-carobs","15":"product_tag-cherry-picked-walks","16":"product_tag-cliff-top","17":"product_tag-coastal-walks","18":"product_tag-countryside","19":"product_tag-culture","20":"product_tag-delicious-food","21":"product_tag-fly-drive","22":"product_tag-hiking","23":"product_tag-historic-centre","24":"product_tag-history","25":"product_tag-holidays","26":"product_tag-holidays-in-portugal","27":"product_tag-individual-hiking","28":"product_tag-individuelle-touren","29":"product_tag-individuelle-trekkingreisen","30":"product_tag-individuelle-wandern","31":"product_tag-individuelle-wanderreisen","32":"product_tag-individuelle-wandertouren","33":"product_tag-inland-algarve","34":"product_tag-lagos","35":"product_tag-lush-green-hills","36":"product_tag-mining","37":"product_tag-nature-hikes","38":"product_tag-nature-walks","39":"product_tag-olives","40":"product_tag-oranges","41":"product_tag-orchards","42":"product_tag-paths","43":"product_tag-pinturesque-landscape","44":"product_tag-ponta-da-piedade","45":"product_tag-portugal","46":"product_tag-rando-autoguidee","47":"product_tag-rando-liberte","48":"product_tag-randonnee-autoguidee","49":"product_tag-randonnee-en-liberte","50":"product_tag-randonnee-liberte","51":"product_tag-sejour-en-liberte","52":"product_tag-self-guided","53":"product_tag-self-guided-holidays","54":"product_tag-self-guided-tours","55":"product_tag-sightseeing","56":"product_tag-slave-market-lagos","57":"product_tag-solo-reisen","58":"product_tag-solo-wandern","59":"product_tag-sunny-winters","60":"product_tag-tours-autoguidees","61":"product_tag-tours-in-portugal","62":"product_tag-trails","63":"product_tag-trek-en-liberte","64":"product_tag-trek-solo","65":"product_tag-trekking-solo","66":"product_tag-vacations","67":"product_tag-voyage-en-liberte","68":"product_tag-voyages-a-pied-en-liberte","69":"product_tag-voyages-en-autonomie","70":"product_tag-walking-tours","71":"product_tag-walking-trails","72":"product_tag-walks","73":"product_tag-west-algarve","74":"product_tag-wines","76":"first","77":"instock","78":"virtual","79":"taxable","80":"product-type-simple"},"acf":[],"yoast_head":"<!-- This site is optimized with the Yoast SEO Premium plugin v26.8 (Yoast SEO v27.4) - https:\/\/yoast.com\/product\/yoast-seo-premium-wordpress\/ -->\n<title>Self-Drive Walking Holidays in Lagos the Wonderful West Algarve - Self Drive Booking Portugal<\/title>\n<meta name=\"description\" content=\"Algarve\u2019s west coast is not a secret. There are, however, unique places and experiences unknown by the most, that you\u2019ll have the opportunity to discover with this exciting Self-drive walking tour.\" \/>\n<meta name=\"robots\" content=\"index, follow, max-snippet:-1, max-image-preview:large, max-video-preview:-1\" \/>\n<link rel=\"canonical\" href=\"https:\/\/self-drive.booking-portugal.com\/de\/produkt\/walking-in-the-wonderful-west-algarve-5300sc\/\" \/>\n<meta property=\"og:locale\" content=\"de_DE\" \/>\n<meta property=\"og:type\" content=\"article\" \/>\n<meta property=\"og:title\" content=\"Walking in the Wonderful West Algarve\" \/>\n<meta property=\"og:description\" content=\"Our base is the cosmopolitan city of Lagos, a short distance away from a wealth of secluded beaches and unspoiled dirt tracks, perfect for keen explorers.\" \/>\n<meta property=\"og:url\" content=\"https:\/\/self-drive.booking-portugal.com\/de\/produkt\/walking-in-the-wonderful-west-algarve-5300sc\/\" \/>\n<meta property=\"og:site_name\" content=\"Self Drive Booking Portugal\" \/>\n<meta property=\"article:publisher\" content=\"https:\/\/www.facebook.com\/becooltravelagency\/\" \/>\n<meta property=\"article:modified_time\" content=\"2022-01-02T22:36:32+00:00\" \/>\n<meta property=\"og:image\" content=\"https:\/\/self-drive.booking-portugal.com\/wp-content\/uploads\/sites\/8\/2020\/05\/west_algarve.jpg\" \/>\n\t<meta property=\"og:image:width\" content=\"1064\" \/>\n\t<meta property=\"og:image:height\" content=\"800\" \/>\n\t<meta property=\"og:image:type\" content=\"image\/jpeg\" \/>\n<meta name=\"twitter:card\" content=\"summary_large_image\" \/>\n<meta name=\"twitter:title\" content=\"Walking in the Wonderful West Algarve\" \/>\n<meta name=\"twitter:description\" content=\"The beauty of the Algarve\u2019s west coast is not a secret. There are, however, unique places and experiences unknown by the most, that you\u2019ll have the opportunity to discover with this exciting Self-drive walking tour.\" \/>\n<meta name=\"twitter:image\" content=\"https:\/\/self-drive.booking-portugal.com\/wp-content\/uploads\/sites\/8\/2020\/05\/Countryside_WestAlgarve.jpg\" \/>\n<meta name=\"twitter:site\" content=\"@becool_travel\" \/>\n<meta name=\"twitter:label1\" content=\"Gesch\u00e4tzte Lesezeit\" \/>\n\t<meta name=\"twitter:data1\" content=\"2\u00a0Minuten\" \/>\n<script type=\"application\/ld+json\" class=\"yoast-schema-graph\">{\"@context\":\"https:\\\/\\\/schema.org\",\"@graph\":[{\"@type\":\"WebPage\",\"@id\":\"https:\\\/\\\/self-drive.booking-portugal.com\\\/product\\\/walking-in-the-wonderful-west-algarve-5300sc\\\/\",\"url\":\"https:\\\/\\\/self-drive.booking-portugal.com\\\/product\\\/walking-in-the-wonderful-west-algarve-5300sc\\\/\",\"name\":\"Self-Drive Walking Holidays in Lagos the Wonderful West Algarve - Self Drive Booking Portugal\",\"isPartOf\":{\"@id\":\"https:\\\/\\\/self-drive.booking-portugal.com\\\/#website\"},\"primaryImageOfPage\":{\"@id\":\"https:\\\/\\\/self-drive.booking-portugal.com\\\/product\\\/walking-in-the-wonderful-west-algarve-5300sc\\\/#primaryimage\"},\"image\":{\"@id\":\"https:\\\/\\\/self-drive.booking-portugal.com\\\/product\\\/walking-in-the-wonderful-west-algarve-5300sc\\\/#primaryimage\"},\"thumbnailUrl\":\"https:\\\/\\\/self-drive.booking-portugal.com\\\/wp-content\\\/uploads\\\/sites\\\/8\\\/2021\\\/01\\\/Walk_west_algarve.jpg\",\"datePublished\":\"2020-05-27T10:27:50+00:00\",\"dateModified\":\"2022-01-02T22:36:32+00:00\",\"description\":\"Algarve\u2019s west coast is not a secret. There are, however, unique places and experiences unknown by the most, that you\u2019ll have the opportunity to discover with this exciting Self-drive walking tour.\",\"breadcrumb\":{\"@id\":\"https:\\\/\\\/self-drive.booking-portugal.com\\\/product\\\/walking-in-the-wonderful-west-algarve-5300sc\\\/#breadcrumb\"},\"inLanguage\":\"de\",\"potentialAction\":[{\"@type\":\"ReadAction\",\"target\":[\"https:\\\/\\\/self-drive.booking-portugal.com\\\/product\\\/walking-in-the-wonderful-west-algarve-5300sc\\\/\"]}]},{\"@type\":\"ImageObject\",\"inLanguage\":\"de\",\"@id\":\"https:\\\/\\\/self-drive.booking-portugal.com\\\/product\\\/walking-in-the-wonderful-west-algarve-5300sc\\\/#primaryimage\",\"url\":\"https:\\\/\\\/self-drive.booking-portugal.com\\\/wp-content\\\/uploads\\\/sites\\\/8\\\/2021\\\/01\\\/Walk_west_algarve.jpg\",\"contentUrl\":\"https:\\\/\\\/self-drive.booking-portugal.com\\\/wp-content\\\/uploads\\\/sites\\\/8\\\/2021\\\/01\\\/Walk_west_algarve.jpg\",\"width\":1080,\"height\":768,\"caption\":\"Walk West Algarve\"},{\"@type\":\"BreadcrumbList\",\"@id\":\"https:\\\/\\\/self-drive.booking-portugal.com\\\/product\\\/walking-in-the-wonderful-west-algarve-5300sc\\\/#breadcrumb\",\"itemListElement\":[{\"@type\":\"ListItem\",\"position\":1,\"name\":\"Home\",\"item\":\"https:\\\/\\\/self-drive.booking-portugal.com\\\/\"},{\"@type\":\"ListItem\",\"position\":2,\"name\":\"Shop\",\"item\":\"https:\\\/\\\/self-drive.booking-portugal.com\\\/?page_id=5874\"},{\"@type\":\"ListItem\",\"position\":3,\"name\":\"Algarve\",\"item\":\"https:\\\/\\\/self-drive.booking-portugal.com\\\/de\\\/produkt-schlagwort\\\/algarve\\\/\"},{\"@type\":\"ListItem\",\"position\":4,\"name\":\"Birdwatching and Wildlife Tour in the Ria Formosa is a Self-Guided Tour with Car designed by keen local birders. Rightly famed for its golden beaches, golf courses, and wonderful year-round climate, the Algarve is also a secret destination for great birding. At almost any time of the year, there is something of interest to see!\"}]},{\"@type\":\"WebSite\",\"@id\":\"https:\\\/\\\/self-drive.booking-portugal.com\\\/#website\",\"url\":\"https:\\\/\\\/self-drive.booking-portugal.com\\\/\",\"name\":\"Self Drive Booking Portugal\",\"description\":\"Self Drive Holidays in Portugal\",\"publisher\":{\"@id\":\"https:\\\/\\\/self-drive.booking-portugal.com\\\/#organization\"},\"potentialAction\":[{\"@type\":\"SearchAction\",\"target\":{\"@type\":\"EntryPoint\",\"urlTemplate\":\"https:\\\/\\\/self-drive.booking-portugal.com\\\/?s={search_term_string}\"},\"query-input\":{\"@type\":\"PropertyValueSpecification\",\"valueRequired\":true,\"valueName\":\"search_term_string\"}}],\"inLanguage\":\"de\"},{\"@type\":\"Organization\",\"@id\":\"https:\\\/\\\/self-drive.booking-portugal.com\\\/#organization\",\"name\":\"Self Drive Booking Portugal\",\"url\":\"https:\\\/\\\/self-drive.booking-portugal.com\\\/\",\"logo\":{\"@type\":\"ImageObject\",\"inLanguage\":\"de\",\"@id\":\"https:\\\/\\\/self-drive.booking-portugal.com\\\/#\\\/schema\\\/logo\\\/image\\\/\",\"url\":\"https:\\\/\\\/self-drive.booking-portugal.com\\\/wp-content\\\/uploads\\\/sites\\\/8\\\/2020\\\/03\\\/Logo_BeCool.jpg\",\"contentUrl\":\"https:\\\/\\\/self-drive.booking-portugal.com\\\/wp-content\\\/uploads\\\/sites\\\/8\\\/2020\\\/03\\\/Logo_BeCool.jpg\",\"width\":534,\"height\":534,\"caption\":\"Self Drive Booking Portugal\"},\"image\":{\"@id\":\"https:\\\/\\\/self-drive.booking-portugal.com\\\/#\\\/schema\\\/logo\\\/image\\\/\"},\"sameAs\":[\"https:\\\/\\\/www.facebook.com\\\/becooltravelagency\\\/\",\"https:\\\/\\\/x.com\\\/becool_travel\",\"https:\\\/\\\/www.instagram.com\\\/becooltravel_com\\\/\",\"https:\\\/\\\/www.linkedin.com\\\/company\\\/becool-travel\\\/\",\"https:\\\/\\\/www.youtube.com\\\/channel\\\/UCE7zRU3EVG1PgfXwQo-5uJw\"]}]}<\/script>\n<!-- \/ Yoast SEO Premium plugin. -->","yoast_head_json":{"title":"Selbstfahrer-Wanderurlaub in Lagos, der wundersch\u00f6nen Westalgarve - Self Drive Booking Portugal","description":"Die Westk\u00fcste der Algarve ist kein Geheimnis. Es gibt jedoch einzigartige Orte und Erlebnisse, die den meisten unbekannt sind und die Sie bei dieser aufregenden Selbstfahrer-Wanderung entdecken k\u00f6nnen.","robots":{"index":"index","follow":"follow","max-snippet":"max-snippet:-1","max-image-preview":"max-image-preview:large","max-video-preview":"max-video-preview:-1"},"canonical":"https:\/\/self-drive.booking-portugal.com\/de\/produkt\/walking-in-the-wonderful-west-algarve-5300sc\/","og_locale":"de_DE","og_type":"article","og_title":"Walking in the Wonderful West Algarve","og_description":"Our base is the cosmopolitan city of Lagos, a short distance away from a wealth of secluded beaches and unspoiled dirt tracks, perfect for keen explorers.","og_url":"https:\/\/self-drive.booking-portugal.com\/de\/produkt\/walking-in-the-wonderful-west-algarve-5300sc\/","og_site_name":"Self Drive Booking Portugal","article_publisher":"https:\/\/www.facebook.com\/becooltravelagency\/","article_modified_time":"2022-01-02T22:36:32+00:00","og_image":[{"width":1064,"height":800,"url":"https:\/\/self-drive.booking-portugal.com\/wp-content\/uploads\/sites\/8\/2020\/05\/west_algarve.jpg","type":"image\/jpeg"}],"twitter_card":"summary_large_image","twitter_title":"Walking in the Wonderful West Algarve","twitter_description":"The beauty of the Algarve\u2019s west coast is not a secret. There are, however, unique places and experiences unknown by the most, that you\u2019ll have the opportunity to discover with this exciting Self-drive walking tour.","twitter_image":"https:\/\/self-drive.booking-portugal.com\/wp-content\/uploads\/sites\/8\/2020\/05\/Countryside_WestAlgarve.jpg","twitter_site":"@becool_travel","twitter_misc":{"Gesch\u00e4tzte Lesezeit":"2\u00a0Minuten"},"schema":{"@context":"https:\/\/schema.org","@graph":[{"@type":"WebPage","@id":"https:\/\/self-drive.booking-portugal.com\/product\/walking-in-the-wonderful-west-algarve-5300sc\/","url":"https:\/\/self-drive.booking-portugal.com\/product\/walking-in-the-wonderful-west-algarve-5300sc\/","name":"Selbstfahrer-Wanderurlaub in Lagos, der wundersch\u00f6nen Westalgarve - Self Drive Booking Portugal","isPartOf":{"@id":"https:\/\/self-drive.booking-portugal.com\/#website"},"primaryImageOfPage":{"@id":"https:\/\/self-drive.booking-portugal.com\/product\/walking-in-the-wonderful-west-algarve-5300sc\/#primaryimage"},"image":{"@id":"https:\/\/self-drive.booking-portugal.com\/product\/walking-in-the-wonderful-west-algarve-5300sc\/#primaryimage"},"thumbnailUrl":"https:\/\/self-drive.booking-portugal.com\/wp-content\/uploads\/sites\/8\/2021\/01\/Walk_west_algarve.jpg","datePublished":"2020-05-27T10:27:50+00:00","dateModified":"2022-01-02T22:36:32+00:00","description":"Die Westk\u00fcste der Algarve ist kein Geheimnis. Es gibt jedoch einzigartige Orte und Erlebnisse, die den meisten unbekannt sind und die Sie bei dieser aufregenden Selbstfahrer-Wanderung entdecken k\u00f6nnen.","breadcrumb":{"@id":"https:\/\/self-drive.booking-portugal.com\/product\/walking-in-the-wonderful-west-algarve-5300sc\/#breadcrumb"},"inLanguage":"de","potentialAction":[{"@type":"ReadAction","target":["https:\/\/self-drive.booking-portugal.com\/product\/walking-in-the-wonderful-west-algarve-5300sc\/"]}]},{"@type":"ImageObject","inLanguage":"de","@id":"https:\/\/self-drive.booking-portugal.com\/product\/walking-in-the-wonderful-west-algarve-5300sc\/#primaryimage","url":"https:\/\/self-drive.booking-portugal.com\/wp-content\/uploads\/sites\/8\/2021\/01\/Walk_west_algarve.jpg","contentUrl":"https:\/\/self-drive.booking-portugal.com\/wp-content\/uploads\/sites\/8\/2021\/01\/Walk_west_algarve.jpg","width":1080,"height":768,"caption":"Walk West Algarve"},{"@type":"BreadcrumbList","@id":"https:\/\/self-drive.booking-portugal.com\/product\/walking-in-the-wonderful-west-algarve-5300sc\/#breadcrumb","itemListElement":[{"@type":"ListItem","position":1,"name":"Home","item":"https:\/\/self-drive.booking-portugal.com\/"},{"@type":"ListItem","position":2,"name":"Shop","item":"https:\/\/self-drive.booking-portugal.com\/?page_id=5874"},{"@type":"ListItem","position":3,"name":"Algarve","item":"https:\/\/self-drive.booking-portugal.com\/de\/produkt-schlagwort\/algarve\/"},{"@type":"ListItem","position":4,"name":"Birdwatching and Wildlife Tour in the Ria Formosa is a Self-Guided Tour with Car designed by keen local birders. Rightly famed for its golden beaches, golf courses, and wonderful year-round climate, the Algarve is also a secret destination for great birding. At almost any time of the year, there is something of interest to see!"}]},{"@type":"WebSite","@id":"https:\/\/self-drive.booking-portugal.com\/#website","url":"https:\/\/self-drive.booking-portugal.com\/","name":"Selbstfahrerbuchung Portugal","description":"Selbstfahrer-Urlaub in Portugal","publisher":{"@id":"https:\/\/self-drive.booking-portugal.com\/#organization"},"potentialAction":[{"@type":"SearchAction","target":{"@type":"EntryPoint","urlTemplate":"https:\/\/self-drive.booking-portugal.com\/?s={search_term_string}"},"query-input":{"@type":"PropertyValueSpecification","valueRequired":true,"valueName":"search_term_string"}}],"inLanguage":"de"},{"@type":"Organization","@id":"https:\/\/self-drive.booking-portugal.com\/#organization","name":"Selbstfahrerbuchung Portugal","url":"https:\/\/self-drive.booking-portugal.com\/","logo":{"@type":"ImageObject","inLanguage":"de","@id":"https:\/\/self-drive.booking-portugal.com\/#\/schema\/logo\/image\/","url":"https:\/\/self-drive.booking-portugal.com\/wp-content\/uploads\/sites\/8\/2020\/03\/Logo_BeCool.jpg","contentUrl":"https:\/\/self-drive.booking-portugal.com\/wp-content\/uploads\/sites\/8\/2020\/03\/Logo_BeCool.jpg","width":534,"height":534,"caption":"Self Drive Booking Portugal"},"image":{"@id":"https:\/\/self-drive.booking-portugal.com\/#\/schema\/logo\/image\/"},"sameAs":["https:\/\/www.facebook.com\/becooltravelagency\/","https:\/\/x.com\/becool_travel","https:\/\/www.instagram.com\/becooltravel_com\/","https:\/\/www.linkedin.com\/company\/becool-travel\/","https:\/\/www.youtube.com\/channel\/UCE7zRU3EVG1PgfXwQo-5uJw"]}]}},"_links":{"self":[{"href":"https:\/\/self-drive.booking-portugal.com\/de\/wp-json\/wp\/v2\/product\/4940","targetHints":{"allow":["GET"]}}],"collection":[{"href":"https:\/\/self-drive.booking-portugal.com\/de\/wp-json\/wp\/v2\/product"}],"about":[{"href":"https:\/\/self-drive.booking-portugal.com\/de\/wp-json\/wp\/v2\/types\/product"}],"replies":[{"embeddable":true,"href":"https:\/\/self-drive.booking-portugal.com\/de\/wp-json\/wp\/v2\/comments?post=4940"}],"wp:featuredmedia":[{"embeddable":true,"href":"https:\/\/self-drive.booking-portugal.com\/de\/wp-json\/wp\/v2\/media\/6441"}],"wp:attachment":[{"href":"https:\/\/self-drive.booking-portugal.com\/de\/wp-json\/wp\/v2\/media?parent=4940"}],"wp:term":[{"taxonomy":"product_brand","embeddable":true,"href":"https:\/\/self-drive.booking-portugal.com\/de\/wp-json\/wp\/v2\/product_brand?post=4940"},{"taxonomy":"product_cat","embeddable":true,"href":"https:\/\/self-drive.booking-portugal.com\/de\/wp-json\/wp\/v2\/product_cat?post=4940"},{"taxonomy":"product_tag","embeddable":true,"href":"https:\/\/self-drive.booking-portugal.com\/de\/wp-json\/wp\/v2\/product_tag?post=4940"}],"curies":[{"name":"wp","href":"https:\/\/api.w.org\/{rel}","templated":true}]}}