{"id":3757,"date":"2020-03-06T15:01:29","date_gmt":"2020-03-06T15:01:29","guid":{"rendered":"https:\/\/becooltravel.com\/product\/birdwatching-and-wildlife-tour-in-the-ria-formosa-fly-drive-3100s\/"},"modified":"2025-03-03T17:18:34","modified_gmt":"2025-03-03T17:18:34","slug":"birdwatching-and-wildlife-tour-in-the-ria-formosa-fly-drive-3100s","status":"publish","type":"product","link":"https:\/\/self-drive.booking-portugal.com\/de\/produkt\/birdwatching-and-wildlife-tour-in-the-ria-formosa-fly-drive-3100s\/","title":{"rendered":"Vogelbeobachtung und Wildtierurlaub in der Ria Formosa"},"content":{"rendered":"<p>Die Vogelbeobachtungs- und Wildtiertour in der Ria Formosa ist eine Vogelbeobachtungstour f\u00fcr Selbstfahrer, die von begeisterten lokalen Vogelbeobachtern entworfen wurde.<\/p>\n<p>Die Algarve ist zu Recht ber\u00fchmt f\u00fcr ihre goldenen Str\u00e4nde, Golfpl\u00e4tze und das wunderbare Klima das ganze Jahr \u00fcber und ist auch ein geheimes Ziel f\u00fcr gro\u00dfartige Vogelbeobachtungen. Zu fast jeder Jahreszeit gibt es etwas Interessantes zu sehen!<\/p>\n<div id=\"attachment_1692\" style=\"width: 1034px\" class=\"wp-caption alignnone\"><img decoding=\"async\" aria-describedby=\"caption-attachment-1692\" class=\"wp-image-1692 size-large\" title=\"Vogelbeobachtung Algarve Schwarzkopfweber\" src=\"https:\/\/legendatours.net\/wp-content\/uploads\/2020\/05\/Birdwatching-Algarve-Black-headed-Weaver-1024x683.jpg\" alt=\"Birdwatching Algarve Black-headed Weaver\" width=\"1024\" height=\"683\" \/><p id=\"caption-attachment-1692\" class=\"wp-caption-text\">Vogelbeobachtung Algarve Schwarzkopfweber \u2013 Foto Peter Dedicoat<\/p><\/div>\n<p>Ob Sie ein erfahrener Vogelbeobachter oder ein Anf\u00e4nger sind, Vogelbeobachtung ist immer ein Vergn\u00fcgen. Sie sind so faszinierende Gesch\u00f6pfe, und es gibt immer etwas Neues zu entdecken oder zu schmunzeln! Diese Tour ist so konzipiert, dass sie Spa\u00df macht, unabh\u00e4ngig von Ihren Vogelbeobachtungsf\u00e4higkeiten und -kenntnissen.<\/p>\n<p>Mitten im Naturpark Ria Formosa, einem Komplex aus Salzwasserlagunen und vorgelagerten Inseln mit Wattfl\u00e4chen, Sandb\u00e4nken, D\u00fcnensystemen und Salzwiesen, erstreckt sich die Tour zu einem weiteren Feuchtgebiet im Naturschutzgebiet Castro Marim.<\/p>\n<p>Die Ria ist ein besonderes Schutzgebiet nach der Ramsar-Konvention und von gro\u00dfer Bedeutung f\u00fcr zahlreiche Arten von br\u00fctenden, \u00fcberwinternden und rastenden Wasserv\u00f6geln.<\/p>\n<div id=\"attachment_1694\" style=\"width: 1034px\" class=\"wp-caption alignnone\"><img decoding=\"async\" aria-describedby=\"caption-attachment-1694\" class=\"wp-image-1694 size-large\" title=\"Vogelbeobachtung Algarve Halsbandbrachschwalbe\" src=\"https:\/\/legendatours.net\/wp-content\/uploads\/2020\/05\/Birdwatching-Algarve-Collared-Pratincole-1024x683.jpg\" alt=\"Birdwatching Algarve Collared Pratincole\" width=\"1024\" height=\"683\" \/><p id=\"caption-attachment-1694\" class=\"wp-caption-text\"><a href=\"..\/..\/?s=Collared+Pratincole\" target=\"_blank\" rel=\"noopener noreferrer\">Vogelbeobachtung Algarve Halsbandbrachschwalbe<\/a> \u2013 Foto Peter Dedicoat<\/p><\/div>\n<p>Es ist ein Ort von erstaunlicher Sch\u00f6nheit und nat\u00fcrlichem Interesse, an dem es nicht ungew\u00f6hnlich ist, in nur wenigen Stunden 40 oder mehr Vogelarten zu beobachten. Zur richtigen Jahreszeit bekommt man Hunderte von ihnen zu sehen! Unsere lokalen Vogelbeobachter wissen, wo sie nisten und fressen, und geben Ihnen wertvolle Tipps, um das Beste aus Ihrem Vogelbeobachtungsurlaub zu machen.<\/p>\n<p>Zwischen ganzj\u00e4hrigen Bewohnern und \u00fcberwinternden Arten finden wir Uferschnepfen, Flussregenpfeifer, Zwerghagel, Zwergdommel, Purpurhuhn, Purpurreiher, Kolbenente, Halsbandbr\u00f6tchen, Seeregenpfeifer, Bienenfresser, Rothalsnachtschwalbe, Rotkehlchen, S\u00fcdlicher Grauw\u00fcrger, Zwergseeschwalbe und Rohrweihe. Zwergadler sind im Winter ein regelm\u00e4\u00dfiger Anblick.<\/p>\n<div id=\"attachment_1698\" style=\"width: 1034px\" class=\"wp-caption alignnone\"><img decoding=\"async\" aria-describedby=\"caption-attachment-1698\" class=\"wp-image-1698 size-large\" title=\"Vogelbeobachtung Algarve Ria Formosa Gro\u00dfer Flamingo\" src=\"https:\/\/legendatours.net\/wp-content\/uploads\/2020\/05\/Birdwatching-Algarve-Ria-Formosa-Greater-Flamingo-1024x683.jpg\" alt=\"Birdwatching Algarve Ria Formosa Greater Flamingo\" width=\"1024\" height=\"683\" \/><p id=\"caption-attachment-1698\" class=\"wp-caption-text\">Vogelbeobachtung Algarve Ria Formosa Gro\u00dfer Flamingo \u2013 Foto Peter Dedicoat<\/p><\/div>\n<p>Im gr\u00f6\u00dften Schilfgebiet der Algarve k\u00f6nnen Sie in der Saison Moorenten, Purpurreiher, Schwarzfl\u00fcgelmilane, Beutelmeisen und Schwarzkopfweber beobachten.<\/p>\n<p>Diese selbst gef\u00fchrte Tour enth\u00e4lt einfache und benutzerfreundliche Routenhinweise, und Sie k\u00f6nnen sie in Ihrem eigenen Tempo und Willen durchf\u00fchren. Zu jeder Route gibt es Karten, Beschreibungen und Hinweise zu den interessantesten Arten mit wertvollen Tipps.<\/p>\n<p>Wir sorgen daf\u00fcr, dass Sie ein unvergessliches Erlebnis haben: Verschwenden Sie keine Zeit mit der Suche nach Unterk\u00fcnften, der Organisation von Transporten oder der Suche nach den besten Vogelbeobachtungspl\u00e4tzen!<\/p>\n<p>Unsere Tour ist komplett, inklusive aller Leistungen und vor allem perfekt durchdacht und organisiert!<\/p>\n<div class=\"row\">\n<div class=\"column\" style=\"flex: 45%\">\n<p><iframe title=\"V\u00f6gel S\u00fcdportugals\" width=\"1080\" height=\"608\" src=\"https:\/\/www.youtube.com\/embed\/q4ezd_AIbYM?feature=oembed\" frameborder=\"0\" allow=\"accelerometer; autoplay; clipboard-write; encrypted-media; gyroscope; picture-in-picture\" allowfullscreen><\/iframe><\/p>\n<\/div>\n<div class=\"column\" style=\"flex: 10%\"><\/div>\n<div class=\"column\" style=\"flex: 45%\">\n<p><iframe title=\"Castro Marim\" width=\"1080\" height=\"608\" src=\"https:\/\/www.youtube.com\/embed\/sbJjXvbNWho?list=PL_6Umd8jb1qvBUfpmdNirAfZNGPDknjjw\" frameborder=\"0\" allow=\"accelerometer; autoplay; clipboard-write; encrypted-media; gyroscope; picture-in-picture\" allowfullscreen><\/iframe><\/p>\n<\/div>\n<\/div>","protected":false},"excerpt":{"rendered":"<p>Die Vogelbeobachtungs- und Wildtiertour in der Ria Formosa ist eine Vogelbeobachtungstour f\u00fcr Selbstfahrer, die von begeisterten lokalen Vogelbeobachtern entworfen wurde. Die Algarve ist zu Recht ber\u00fchmt f\u00fcr ihre goldenen Str\u00e4nde, Golfpl\u00e4tze und das wunderbare Klima das ganze Jahr \u00fcber und ist auch ein geheimes Ziel f\u00fcr gro\u00dfartige Vogelbeobachtungen. Zu fast jeder Jahreszeit gibt es etwas Interessantes zu sehen!<\/p>","protected":false},"featured_media":6364,"comment_status":"closed","ping_status":"closed","template":"","meta":{"_acf_changed":false,"inline_featured_image":false},"product_brand":[],"product_cat":[996,1004,18],"product_tag":[172,997,541,1073,75,561,1075,1074,405,562,543,544,545,563,564,546,565,343,998,550,551,566,552,553,554,161,555,62,556,557,567,568,558,1079,435,87,569,999,164,570,533,571,1000,572,352,91,1001,573,353,1002,1003,574,560],"class_list":{"0":"post-3757","1":"product","2":"type-product","3":"status-publish","4":"has-post-thumbnail","6":"product_cat-self-drive-holidays-portugal","7":"product_cat-portugal-self-guided-birdwatching-holidays","8":"product_cat-self-guided-tours-portugal","9":"product_tag-algarve","10":"product_tag-alleine-reisen","11":"product_tag-best-birding-spots","12":"product_tag-best-of-the-algarvian-bird-life","13":"product_tag-bird-watching","14":"product_tag-birding","15":"product_tag-birding-algarve","16":"product_tag-birdwatchers-paradise","17":"product_tag-birdwatching","18":"product_tag-black-tailed-godwits","19":"product_tag-black-winged-kite","20":"product_tag-blackheaded-weaver","21":"product_tag-booted-eagles","22":"product_tag-collared-pratincole","23":"product_tag-european-bee-eater","24":"product_tag-ferruginous-duck","25":"product_tag-fly-drive","26":"product_tag-holidays","27":"product_tag-individuelle-touren","28":"product_tag-kentish-plover","29":"product_tag-little-bittern","30":"product_tag-little-stints","31":"product_tag-little-tern","32":"product_tag-marsh-harriers","33":"product_tag-nature-observation","34":"product_tag-nature-walks","35":"product_tag-penduline-tits","36":"product_tag-portugal","37":"product_tag-purple-heron","38":"product_tag-purple-swamp-hen","39":"product_tag-ramsar","40":"product_tag-red-crested-pochard","41":"product_tag-red-necked-nightjar","42":"product_tag-resident-and-migrant-birds","43":"product_tag-ria-formosa","44":"product_tag-ria-formosa-natural-park","45":"product_tag-ringed-plovers","46":"product_tag-sejour-en-liberte","47":"product_tag-self-guided","48":"product_tag-self-guided-birdwatching","49":"product_tag-self-guided-holidays","50":"product_tag-self-guided-tours","51":"product_tag-solo-reisen","52":"product_tag-southern-grey-shrikes","53":"product_tag-sunny-winters","54":"product_tag-top-class-birding","55":"product_tag-tours-autoguidees","56":"product_tag-tours-in-portugal","57":"product_tag-vacations","58":"product_tag-voyage-en-liberte","59":"product_tag-voyages-en-autonomie","60":"product_tag-wintering-birds","61":"product_tag-woodchat","63":"first","64":"instock","65":"virtual","66":"taxable","67":"product-type-simple"},"acf":[],"yoast_head":"<!-- This site is optimized with the Yoast SEO Premium plugin v26.8 (Yoast SEO v27.4) - https:\/\/yoast.com\/product\/yoast-seo-premium-wordpress\/ -->\n<title>Birdwatching and Wildlife Holidays in the Ria Formosa - Self Drive Booking Portugal<\/title>\n<meta name=\"description\" content=\"Spectacular birding and nature observation in the Ria Formosa Natural ParkVisit the Castro Marim Natural Reserve and other important wet areas.\" \/>\n<meta name=\"robots\" content=\"index, follow, max-snippet:-1, max-image-preview:large, max-video-preview:-1\" \/>\n<link rel=\"canonical\" href=\"https:\/\/self-drive.booking-portugal.com\/de\/produkt\/birdwatching-and-wildlife-tour-in-the-ria-formosa-fly-drive-3100s\/\" \/>\n<meta property=\"og:locale\" content=\"de_DE\" \/>\n<meta property=\"og:type\" content=\"article\" \/>\n<meta property=\"og:title\" content=\"Birdwatching and Wildlife Tour in the Ria Formosa is a Self-Drive Birdwatching Tour designed by keen local birders\" \/>\n<meta property=\"og:description\" content=\"Birdwatching and Wildlife Tour in the Ria Formosa is a Self-Drive Birdwatching Tour designed by keen local birders. Rightly famed for its golden beaches, golf courses, and wonderful year-round climate, the Algarve is also a secret destination for great birding. At almost any time of the year, there is something of interest to see!\" \/>\n<meta property=\"og:url\" content=\"https:\/\/self-drive.booking-portugal.com\/de\/produkt\/birdwatching-and-wildlife-tour-in-the-ria-formosa-fly-drive-3100s\/\" \/>\n<meta property=\"og:site_name\" content=\"Self Drive Booking Portugal\" \/>\n<meta property=\"article:publisher\" content=\"https:\/\/www.facebook.com\/becooltravelagency\/\" \/>\n<meta property=\"article:modified_time\" content=\"2025-03-03T17:18:34+00:00\" \/>\n<meta property=\"og:image\" content=\"https:\/\/self-drive.booking-portugal.com\/wp-content\/uploads\/sites\/8\/2020\/12\/Booted_Eagle.jpg\" \/>\n\t<meta property=\"og:image:width\" content=\"800\" \/>\n\t<meta property=\"og:image:height\" content=\"1199\" \/>\n\t<meta property=\"og:image:type\" content=\"image\/jpeg\" \/>\n<meta name=\"twitter:card\" content=\"summary_large_image\" \/>\n<meta name=\"twitter:title\" content=\"Birdwatching and Wildlife Tour in the Ria Formosa is a Self-Drive Birdwatching Tour designed by keen local birders\" \/>\n<meta name=\"twitter:description\" content=\"Abundant species: Oystercatchers, Avocets, Dunlins, Little Stint, Wigeon, Shoveler, Pintail, Pochard, Greater Flamingo, Glossy Ibis, Eurasian Spoonbill, Black-winged Kite, Caspian Tern, Bluethroat, Penduline Tit, Purple Swamphen, Little Bittern, Purple Heron, Collared Pratincole, Audouin\u2019s Gull, Little Tern, Eurasian Thick-knee, Little Bustard, Pallid Swift, Spectacled Warbler, European Bee-eater and Black-eared Wheatear.\" \/>\n<meta name=\"twitter:image\" content=\"https:\/\/self-drive.booking-portugal.com\/wp-content\/uploads\/sites\/8\/2020\/12\/LittleBustard.jpg\" \/>\n<meta name=\"twitter:site\" content=\"@becool_travel\" \/>\n<meta name=\"twitter:label1\" content=\"Gesch\u00e4tzte Lesezeit\" \/>\n\t<meta name=\"twitter:data1\" content=\"2\u00a0Minuten\" \/>\n<script type=\"application\/ld+json\" class=\"yoast-schema-graph\">{\"@context\":\"https:\\\/\\\/schema.org\",\"@graph\":[{\"@type\":\"WebPage\",\"@id\":\"https:\\\/\\\/self-drive.booking-portugal.com\\\/product\\\/birdwatching-and-wildlife-tour-in-the-ria-formosa-fly-drive-3100s\\\/\",\"url\":\"https:\\\/\\\/self-drive.booking-portugal.com\\\/product\\\/birdwatching-and-wildlife-tour-in-the-ria-formosa-fly-drive-3100s\\\/\",\"name\":\"Birdwatching and Wildlife Holidays in the Ria Formosa - Self Drive Booking Portugal\",\"isPartOf\":{\"@id\":\"https:\\\/\\\/self-drive.booking-portugal.com\\\/#website\"},\"primaryImageOfPage\":{\"@id\":\"https:\\\/\\\/self-drive.booking-portugal.com\\\/product\\\/birdwatching-and-wildlife-tour-in-the-ria-formosa-fly-drive-3100s\\\/#primaryimage\"},\"image\":{\"@id\":\"https:\\\/\\\/self-drive.booking-portugal.com\\\/product\\\/birdwatching-and-wildlife-tour-in-the-ria-formosa-fly-drive-3100s\\\/#primaryimage\"},\"thumbnailUrl\":\"https:\\\/\\\/self-drive.booking-portugal.com\\\/wp-content\\\/uploads\\\/sites\\\/8\\\/2021\\\/01\\\/Birdwatching-Ria-Formosa.jpg\",\"datePublished\":\"2020-03-06T15:01:29+00:00\",\"dateModified\":\"2025-03-03T17:18:34+00:00\",\"description\":\"Spectacular birding and nature observation in the Ria Formosa Natural ParkVisit the Castro Marim Natural Reserve and other important wet areas.\",\"breadcrumb\":{\"@id\":\"https:\\\/\\\/self-drive.booking-portugal.com\\\/product\\\/birdwatching-and-wildlife-tour-in-the-ria-formosa-fly-drive-3100s\\\/#breadcrumb\"},\"inLanguage\":\"de\",\"potentialAction\":[{\"@type\":\"ReadAction\",\"target\":[\"https:\\\/\\\/self-drive.booking-portugal.com\\\/product\\\/birdwatching-and-wildlife-tour-in-the-ria-formosa-fly-drive-3100s\\\/\"]}]},{\"@type\":\"ImageObject\",\"inLanguage\":\"de\",\"@id\":\"https:\\\/\\\/self-drive.booking-portugal.com\\\/product\\\/birdwatching-and-wildlife-tour-in-the-ria-formosa-fly-drive-3100s\\\/#primaryimage\",\"url\":\"https:\\\/\\\/self-drive.booking-portugal.com\\\/wp-content\\\/uploads\\\/sites\\\/8\\\/2021\\\/01\\\/Birdwatching-Ria-Formosa.jpg\",\"contentUrl\":\"https:\\\/\\\/self-drive.booking-portugal.com\\\/wp-content\\\/uploads\\\/sites\\\/8\\\/2021\\\/01\\\/Birdwatching-Ria-Formosa.jpg\",\"width\":1200,\"height\":800,\"caption\":\"Birdwatching Ria Formosa\"},{\"@type\":\"BreadcrumbList\",\"@id\":\"https:\\\/\\\/self-drive.booking-portugal.com\\\/product\\\/birdwatching-and-wildlife-tour-in-the-ria-formosa-fly-drive-3100s\\\/#breadcrumb\",\"itemListElement\":[{\"@type\":\"ListItem\",\"position\":1,\"name\":\"Home\",\"item\":\"https:\\\/\\\/self-drive.booking-portugal.com\\\/\"},{\"@type\":\"ListItem\",\"position\":2,\"name\":\"Shop\",\"item\":\"https:\\\/\\\/self-drive.booking-portugal.com\\\/?page_id=5874\"},{\"@type\":\"ListItem\",\"position\":3,\"name\":\"Algarve\",\"item\":\"https:\\\/\\\/self-drive.booking-portugal.com\\\/de\\\/produkt-schlagwort\\\/algarve\\\/\"},{\"@type\":\"ListItem\",\"position\":4,\"name\":\"Birdwatching and Wildlife Holidays in the Ria Formosa\"}]},{\"@type\":\"WebSite\",\"@id\":\"https:\\\/\\\/self-drive.booking-portugal.com\\\/#website\",\"url\":\"https:\\\/\\\/self-drive.booking-portugal.com\\\/\",\"name\":\"Self Drive Booking Portugal\",\"description\":\"Self Drive Holidays in Portugal\",\"publisher\":{\"@id\":\"https:\\\/\\\/self-drive.booking-portugal.com\\\/#organization\"},\"potentialAction\":[{\"@type\":\"SearchAction\",\"target\":{\"@type\":\"EntryPoint\",\"urlTemplate\":\"https:\\\/\\\/self-drive.booking-portugal.com\\\/?s={search_term_string}\"},\"query-input\":{\"@type\":\"PropertyValueSpecification\",\"valueRequired\":true,\"valueName\":\"search_term_string\"}}],\"inLanguage\":\"de\"},{\"@type\":\"Organization\",\"@id\":\"https:\\\/\\\/self-drive.booking-portugal.com\\\/#organization\",\"name\":\"Self Drive Booking Portugal\",\"url\":\"https:\\\/\\\/self-drive.booking-portugal.com\\\/\",\"logo\":{\"@type\":\"ImageObject\",\"inLanguage\":\"de\",\"@id\":\"https:\\\/\\\/self-drive.booking-portugal.com\\\/#\\\/schema\\\/logo\\\/image\\\/\",\"url\":\"https:\\\/\\\/self-drive.booking-portugal.com\\\/wp-content\\\/uploads\\\/sites\\\/8\\\/2020\\\/03\\\/Logo_BeCool.jpg\",\"contentUrl\":\"https:\\\/\\\/self-drive.booking-portugal.com\\\/wp-content\\\/uploads\\\/sites\\\/8\\\/2020\\\/03\\\/Logo_BeCool.jpg\",\"width\":534,\"height\":534,\"caption\":\"Self Drive Booking Portugal\"},\"image\":{\"@id\":\"https:\\\/\\\/self-drive.booking-portugal.com\\\/#\\\/schema\\\/logo\\\/image\\\/\"},\"sameAs\":[\"https:\\\/\\\/www.facebook.com\\\/becooltravelagency\\\/\",\"https:\\\/\\\/x.com\\\/becool_travel\",\"https:\\\/\\\/www.instagram.com\\\/becooltravel_com\\\/\",\"https:\\\/\\\/www.linkedin.com\\\/company\\\/becool-travel\\\/\",\"https:\\\/\\\/www.youtube.com\\\/channel\\\/UCE7zRU3EVG1PgfXwQo-5uJw\"]}]}<\/script>\n<!-- \/ Yoast SEO Premium plugin. -->","yoast_head_json":{"title":"Vogelbeobachtungs- und Wildtierurlaub in der Ria Formosa \u2013 Selbstfahrer-Buchung Portugal","description":"Spektakul\u00e4re Vogel- und Naturbeobachtung im Naturpark Ria Formosa. Besuchen Sie das Naturschutzgebiet Castro Marim und andere wichtige Feuchtgebiete.","robots":{"index":"index","follow":"follow","max-snippet":"max-snippet:-1","max-image-preview":"max-image-preview:large","max-video-preview":"max-video-preview:-1"},"canonical":"https:\/\/self-drive.booking-portugal.com\/de\/produkt\/birdwatching-and-wildlife-tour-in-the-ria-formosa-fly-drive-3100s\/","og_locale":"de_DE","og_type":"article","og_title":"Birdwatching and Wildlife Tour in the Ria Formosa is a Self-Drive Birdwatching Tour designed by keen local birders","og_description":"Birdwatching and Wildlife Tour in the Ria Formosa is a Self-Drive Birdwatching Tour designed by keen local birders. Rightly famed for its golden beaches, golf courses, and wonderful year-round climate, the Algarve is also a secret destination for great birding. At almost any time of the year, there is something of interest to see!","og_url":"https:\/\/self-drive.booking-portugal.com\/de\/produkt\/birdwatching-and-wildlife-tour-in-the-ria-formosa-fly-drive-3100s\/","og_site_name":"Self Drive Booking Portugal","article_publisher":"https:\/\/www.facebook.com\/becooltravelagency\/","article_modified_time":"2025-03-03T17:18:34+00:00","og_image":[{"width":800,"height":1199,"url":"https:\/\/self-drive.booking-portugal.com\/wp-content\/uploads\/sites\/8\/2020\/12\/Booted_Eagle.jpg","type":"image\/jpeg"}],"twitter_card":"summary_large_image","twitter_title":"Birdwatching and Wildlife Tour in the Ria Formosa is a Self-Drive Birdwatching Tour designed by keen local birders","twitter_description":"Abundant species: Oystercatchers, Avocets, Dunlins, Little Stint, Wigeon, Shoveler, Pintail, Pochard, Greater Flamingo, Glossy Ibis, Eurasian Spoonbill, Black-winged Kite, Caspian Tern, Bluethroat, Penduline Tit, Purple Swamphen, Little Bittern, Purple Heron, Collared Pratincole, Audouin\u2019s Gull, Little Tern, Eurasian Thick-knee, Little Bustard, Pallid Swift, Spectacled Warbler, European Bee-eater and Black-eared Wheatear.","twitter_image":"https:\/\/self-drive.booking-portugal.com\/wp-content\/uploads\/sites\/8\/2020\/12\/LittleBustard.jpg","twitter_site":"@becool_travel","twitter_misc":{"Gesch\u00e4tzte Lesezeit":"2\u00a0Minuten"},"schema":{"@context":"https:\/\/schema.org","@graph":[{"@type":"WebPage","@id":"https:\/\/self-drive.booking-portugal.com\/product\/birdwatching-and-wildlife-tour-in-the-ria-formosa-fly-drive-3100s\/","url":"https:\/\/self-drive.booking-portugal.com\/product\/birdwatching-and-wildlife-tour-in-the-ria-formosa-fly-drive-3100s\/","name":"Vogelbeobachtungs- und Wildtierurlaub in der Ria Formosa \u2013 Selbstfahrer-Buchung Portugal","isPartOf":{"@id":"https:\/\/self-drive.booking-portugal.com\/#website"},"primaryImageOfPage":{"@id":"https:\/\/self-drive.booking-portugal.com\/product\/birdwatching-and-wildlife-tour-in-the-ria-formosa-fly-drive-3100s\/#primaryimage"},"image":{"@id":"https:\/\/self-drive.booking-portugal.com\/product\/birdwatching-and-wildlife-tour-in-the-ria-formosa-fly-drive-3100s\/#primaryimage"},"thumbnailUrl":"https:\/\/self-drive.booking-portugal.com\/wp-content\/uploads\/sites\/8\/2021\/01\/Birdwatching-Ria-Formosa.jpg","datePublished":"2020-03-06T15:01:29+00:00","dateModified":"2025-03-03T17:18:34+00:00","description":"Spektakul\u00e4re Vogel- und Naturbeobachtung im Naturpark Ria Formosa. Besuchen Sie das Naturschutzgebiet Castro Marim und andere wichtige Feuchtgebiete.","breadcrumb":{"@id":"https:\/\/self-drive.booking-portugal.com\/product\/birdwatching-and-wildlife-tour-in-the-ria-formosa-fly-drive-3100s\/#breadcrumb"},"inLanguage":"de","potentialAction":[{"@type":"ReadAction","target":["https:\/\/self-drive.booking-portugal.com\/product\/birdwatching-and-wildlife-tour-in-the-ria-formosa-fly-drive-3100s\/"]}]},{"@type":"ImageObject","inLanguage":"de","@id":"https:\/\/self-drive.booking-portugal.com\/product\/birdwatching-and-wildlife-tour-in-the-ria-formosa-fly-drive-3100s\/#primaryimage","url":"https:\/\/self-drive.booking-portugal.com\/wp-content\/uploads\/sites\/8\/2021\/01\/Birdwatching-Ria-Formosa.jpg","contentUrl":"https:\/\/self-drive.booking-portugal.com\/wp-content\/uploads\/sites\/8\/2021\/01\/Birdwatching-Ria-Formosa.jpg","width":1200,"height":800,"caption":"Birdwatching Ria Formosa"},{"@type":"BreadcrumbList","@id":"https:\/\/self-drive.booking-portugal.com\/product\/birdwatching-and-wildlife-tour-in-the-ria-formosa-fly-drive-3100s\/#breadcrumb","itemListElement":[{"@type":"ListItem","position":1,"name":"Home","item":"https:\/\/self-drive.booking-portugal.com\/"},{"@type":"ListItem","position":2,"name":"Shop","item":"https:\/\/self-drive.booking-portugal.com\/?page_id=5874"},{"@type":"ListItem","position":3,"name":"Algarve","item":"https:\/\/self-drive.booking-portugal.com\/de\/produkt-schlagwort\/algarve\/"},{"@type":"ListItem","position":4,"name":"Birdwatching and Wildlife Holidays in the Ria Formosa"}]},{"@type":"WebSite","@id":"https:\/\/self-drive.booking-portugal.com\/#website","url":"https:\/\/self-drive.booking-portugal.com\/","name":"Selbstfahrerbuchung Portugal","description":"Selbstfahrer-Urlaub in Portugal","publisher":{"@id":"https:\/\/self-drive.booking-portugal.com\/#organization"},"potentialAction":[{"@type":"SearchAction","target":{"@type":"EntryPoint","urlTemplate":"https:\/\/self-drive.booking-portugal.com\/?s={search_term_string}"},"query-input":{"@type":"PropertyValueSpecification","valueRequired":true,"valueName":"search_term_string"}}],"inLanguage":"de"},{"@type":"Organization","@id":"https:\/\/self-drive.booking-portugal.com\/#organization","name":"Selbstfahrerbuchung Portugal","url":"https:\/\/self-drive.booking-portugal.com\/","logo":{"@type":"ImageObject","inLanguage":"de","@id":"https:\/\/self-drive.booking-portugal.com\/#\/schema\/logo\/image\/","url":"https:\/\/self-drive.booking-portugal.com\/wp-content\/uploads\/sites\/8\/2020\/03\/Logo_BeCool.jpg","contentUrl":"https:\/\/self-drive.booking-portugal.com\/wp-content\/uploads\/sites\/8\/2020\/03\/Logo_BeCool.jpg","width":534,"height":534,"caption":"Self Drive Booking Portugal"},"image":{"@id":"https:\/\/self-drive.booking-portugal.com\/#\/schema\/logo\/image\/"},"sameAs":["https:\/\/www.facebook.com\/becooltravelagency\/","https:\/\/x.com\/becool_travel","https:\/\/www.instagram.com\/becooltravel_com\/","https:\/\/www.linkedin.com\/company\/becool-travel\/","https:\/\/www.youtube.com\/channel\/UCE7zRU3EVG1PgfXwQo-5uJw"]}]}},"_links":{"self":[{"href":"https:\/\/self-drive.booking-portugal.com\/de\/wp-json\/wp\/v2\/product\/3757","targetHints":{"allow":["GET"]}}],"collection":[{"href":"https:\/\/self-drive.booking-portugal.com\/de\/wp-json\/wp\/v2\/product"}],"about":[{"href":"https:\/\/self-drive.booking-portugal.com\/de\/wp-json\/wp\/v2\/types\/product"}],"replies":[{"embeddable":true,"href":"https:\/\/self-drive.booking-portugal.com\/de\/wp-json\/wp\/v2\/comments?post=3757"}],"wp:featuredmedia":[{"embeddable":true,"href":"https:\/\/self-drive.booking-portugal.com\/de\/wp-json\/wp\/v2\/media\/6364"}],"wp:attachment":[{"href":"https:\/\/self-drive.booking-portugal.com\/de\/wp-json\/wp\/v2\/media?parent=3757"}],"wp:term":[{"taxonomy":"product_brand","embeddable":true,"href":"https:\/\/self-drive.booking-portugal.com\/de\/wp-json\/wp\/v2\/product_brand?post=3757"},{"taxonomy":"product_cat","embeddable":true,"href":"https:\/\/self-drive.booking-portugal.com\/de\/wp-json\/wp\/v2\/product_cat?post=3757"},{"taxonomy":"product_tag","embeddable":true,"href":"https:\/\/self-drive.booking-portugal.com\/de\/wp-json\/wp\/v2\/product_tag?post=3757"}],"curies":[{"name":"wp","href":"https:\/\/api.w.org\/{rel}","templated":true}]}}