{"id":3753,"date":"2020-03-06T15:05:19","date_gmt":"2020-03-06T15:05:19","guid":{"rendered":"https:\/\/becooltravel.com\/product\/ria-formosa-natural-park-a-birdwatchers-paradise-fly-drive-3301s\/"},"modified":"2025-03-03T17:16:24","modified_gmt":"2025-03-03T17:16:24","slug":"ria-formosa-natural-park-a-birdwatchers-paradise-fly-drive-3301s","status":"publish","type":"product","link":"https:\/\/self-drive.booking-portugal.com\/de\/produkt\/ria-formosa-natural-park-a-birdwatchers-paradise-fly-drive-3301s\/","title":{"rendered":"Vogelbeobachtung im Naturpark Ria Formosa: Ein Paradies f\u00fcr Vogelbeobachter"},"content":{"rendered":"<div data-contents=\"true\">\n<p>Ria Formosa Natural Park: A Birdwatcher&#039;s Paradise ist eine Selbstfahrer-Vogelbeobachtungstour, die entwickelt wurde, um die besonderen und vielf\u00e4ltigen \u00d6kosysteme dieser Region zu entdecken, einem der attraktivsten Vogelbeobachtungsorte in Europa. Die Algarve ist ein ber\u00fchmter Ferienort, aber auch ein erstaunlicher Ort f\u00fcr Naturbeobachtungen, da sie die Heimat von Hunderten endemischer Vogelarten und eine \u00dcberwinterungs- und Futterstation f\u00fcr viele andere ist, die in ihren reichen Feuchtgebieten, Salzwiesen, Salzpfannen und W\u00e4ldern gedeihen .<\/p>\n<div id=\"attachment_1764\" style=\"width: 1034px\" class=\"wp-caption alignnone\"><img decoding=\"async\" aria-describedby=\"caption-attachment-1764\" class=\"wp-image-1764 size-large\" title=\"Naturpark Ria Formosa\" src=\"https:\/\/legendatours.net\/wp-content\/uploads\/2020\/03\/natural_park_ria_formosa-1024x576.jpg\" alt=\"Natural Park Ria Formosa Birding\" width=\"1024\" height=\"576\" \/><p id=\"caption-attachment-1764\" class=\"wp-caption-text\">Der Naturpark Ria Formosa, die Vielfalt der \u00d6kosysteme, zieht ein vielf\u00e4ltiges Tierleben an, darunter viele Vogelarten wie den Purpurhuhn, das Symbol des Naturparks.<\/p><\/div>\n<p>Diese personalisierte Tour befindet sich im wichtigsten Feuchtgebiet der Algarve, dem Naturpark Ria Formosa, und f\u00fchrt Sie auch zur M\u00fcndung des Flusses Guadiana und zum Naturschutzgebiet Castro Marim. Mehr als eine Woche Urlaub ist eine echte Chance, dem hektischen Alltag zu entfliehen, umgeben von Natur.<\/p>\n<p>Unterst\u00fctzt durch detaillierte Anweisungen und Routenhinweise finden Sie nicht nur M\u00f6glichkeiten zur Vogelbeobachtung, sondern auch zur Natur- und Vogelfotografie; Malerei und Illustration; wissenschaftliche Forschung; das Streben nach Rarit\u00e4ten (Twitchen) etc.<\/p>\n<p>Der Naturpark Ria Formosa umfasst eine Fl\u00e4che von rund 16.000 Hektar und besteht aus K\u00fcstenlagunen, ausgedehnten Wattfl\u00e4chen, Salzwiesen, Salinen und W\u00e4ldern, die von einem G\u00fcrtel aus D\u00fcneninseln und Halbinseln umschlossen sind. Es ist von besonderer Bedeutung als \u00dcberwinterungsgebiet f\u00fcr viele V\u00f6gel aus Nordeuropa und als Rast- und Nahrungsstation f\u00fcr Zugv\u00f6gel zwischen Afrika und Europa. Das Gebiet ist unter der Ramsar-Konvention klassifiziert.<\/p>\n<div id=\"attachment_1761\" style=\"width: 1034px\" class=\"wp-caption alignnone\"><img decoding=\"async\" aria-describedby=\"caption-attachment-1761\" class=\"wp-image-1761 size-large\" title=\"Haubentaucher\" src=\"https:\/\/legendatours.net\/wp-content\/uploads\/2020\/03\/Great-Crested-Grebe-1024x683.jpg\" alt=\"Great Crested Grebe\" width=\"1024\" height=\"683\" \/><p id=\"caption-attachment-1761\" class=\"wp-caption-text\">Haubentaucher \u2013 Foto Peter Dedicoat<\/p><\/div>\n<p>Der Winter bringt unter anderem \u00fcberwinternde Watv\u00f6gel wie Austernfischer, S\u00e4belschn\u00e4bler, Alpenstrandl\u00e4ufer und Little Stint. Wildgefl\u00fcgel ist auch in beeindruckender Zahl vorhanden, und einige der h\u00e4ufigsten Arten sind Pfeifente, Sholever, Spie\u00dfente und Tafelente. Andere interessante V\u00f6gel, die hier zu finden sind, sind Flamingo, Glatter Ibis, L\u00f6ffler, Schwarzfl\u00fcgelmilan, Kaspische Seeschwalbe, Blaukehlchen und die seltenere Beutelmeise.<\/p>\n<p>Zu den Brutv\u00f6geln z\u00e4hlen Purpurhuhn, Zwergdommel, Purpurreiher, Halsschwalbe und Audouin-M\u00f6we. Die Barriereinseln beherbergen die gr\u00f6\u00dften Kolonien von Zwergseeschwalben in Portugal, die regelm\u00e4\u00dfig in den flachen Gew\u00e4ssern beim Fischen beobachtet werden, sowie eine kleine Population von Dickknie und Zwergtrappe. Interessante Brutv\u00f6gel sind auch Pallid Swift, Spectacled Warbler, European Bee-eater und Black-eared Wheatear.<\/p>\n<div id=\"attachment_1701\" style=\"width: 1034px\" class=\"wp-caption alignnone\"><img decoding=\"async\" aria-describedby=\"caption-attachment-1701\" class=\"wp-image-1701 size-large\" title=\"Vogelbeobachtung Algarve Sardinienlaubs\u00e4nger\" src=\"https:\/\/legendatours.net\/wp-content\/uploads\/2020\/05\/Birdwatching-Algarve-Sardinian-Warbler-1024x683.jpg\" alt=\"Birdwatching Algarve Sardinian Warbler\" width=\"1024\" height=\"683\" \/><p id=\"caption-attachment-1701\" class=\"wp-caption-text\">Vogelbeobachtung Algarve Sardinienlaubs\u00e4nger \u2013 Foto Peter Dedicoat<\/p><\/div>\n<p>In den umliegenden W\u00e4ldern kommen Arten wie Buntspecht, Rotkopfw\u00fcrger und Pirol vor.<\/p>\n<p>Das Naturschutzgebiet Castro Marim bietet den Besuchern Einblicke in europ\u00e4ische Goldfinken, Schlangenbauml\u00e4ufer und Sardiniengrasm\u00fccke, um nur einige zu nennen. An den Salzpfannen ist es m\u00f6glich, mehrere Arten von Wasserv\u00f6geln zu beobachten, darunter die Audouin-M\u00f6we, Zwergseeschwalbe, Halsschwalbe und Bachstelze (Fr\u00fchling\/Sommer); Brandgans, L\u00f6ffelente, Schwarzhalstaucher und Raubseeschwalbe. Das ganze Jahr \u00fcber ist es m\u00f6glich, Flamingos, Stelzenl\u00e4ufer, L\u00f6ffler, Gr\u00fcnschenkel und S\u00e4belschn\u00e4bler zu finden. Der Eisvogel ist regelm\u00e4\u00dfig an diesem Ort und w\u00e4hrend der Zugzeiten taucht oft die Trauerseeschwalbe auf.<\/p>\n<div id=\"attachment_1765\" style=\"width: 1034px\" class=\"wp-caption alignnone\"><img decoding=\"async\" aria-describedby=\"caption-attachment-1765\" class=\"wp-image-1765 size-large\" title=\"N\u00f6rdlicher L\u00f6ffelente\" src=\"https:\/\/legendatours.net\/wp-content\/uploads\/2020\/03\/Northern-Shoveler-1024x682.jpg\" alt=\"Northern Shoveler\" width=\"1024\" height=\"682\" \/><p id=\"caption-attachment-1765\" class=\"wp-caption-text\"><a href=\"..\/..\/?s=Northern+Shoveler\" target=\"_blank\" rel=\"noopener noreferrer\">N\u00f6rdlicher L\u00f6ffelente\u00a0<\/a>\u2013 Foto Peter Dedicoat<\/p><\/div>\n<p>Die Routennotizen sind als einfacher, benutzerfreundlicher Feldf\u00fchrer f\u00fcr alle gedacht, die gerne V\u00f6gel in ihrem nat\u00fcrlichen Lebensraum beobachten. Jede Route wird von einer Karte und einer Beschreibung der Anfahrt, der interessantesten Arten, die dort zu finden sind, und verschiedenen Tipps f\u00fcr die beste Art des Besuchs begleitet.<\/p>\n<p>Wir sorgen f\u00fcr ein unvergessliches Erlebnis, ohne zeitraubende Suche nach Unterk\u00fcnften, ohne Recherche der besten Vogelbeobachtungspl\u00e4tze \u2013 unsere Touren sind komplett und vor allem perfekt durchdacht und organisiert! Die Tour ist so konzipiert, dass Sie sie genie\u00dfen k\u00f6nnen, unabh\u00e4ngig von Ihren Vogelbeobachtungsf\u00e4higkeiten und -kenntnissen.<\/p>\n<p>Und um all die Wunder dieser Tour in vollen Z\u00fcgen genie\u00dfen zu k\u00f6nnen, \u00fcbernachten Sie im Zentrum von Tavira, nur 2 km vom n\u00e4chsten Vogelbeobachtungspunkt entfernt!<\/p>\n<\/div>\n<div class=\"row\">\n<div class=\"column\" style=\"flex: 45%\">\n<p><iframe title=\"Besuchen Sie Olh\u00e3o ... Hauptstadt der Ria Formosa.\" width=\"1080\" height=\"608\" src=\"https:\/\/www.youtube.com\/embed\/MENxx1MKWVE?start=85&#038;feature=oembed\" frameborder=\"0\" allow=\"accelerometer; autoplay; clipboard-write; encrypted-media; gyroscope; picture-in-picture\" allowfullscreen><\/iframe><\/p>\n<\/div>\n<div class=\"column\" style=\"flex: 10%\"><\/div>\n<div class=\"column\" style=\"flex: 45%\">\n<p><iframe title=\"Castro Marim\" width=\"1080\" height=\"608\" src=\"https:\/\/www.youtube.com\/embed\/sbJjXvbNWho?list=PL_6Umd8jb1qvBUfpmdNirAfZNGPDknjjw\" frameborder=\"0\" allow=\"accelerometer; autoplay; clipboard-write; encrypted-media; gyroscope; picture-in-picture\" allowfullscreen><\/iframe><\/p>\n<\/div>\n<\/div>","protected":false},"excerpt":{"rendered":"<p>Ria Formosa Natural Park: A Birdwatcher&#039;s Paradise ist eine Selbstfahrer-Vogelbeobachtungstour, die entwickelt wurde, um die besonderen und vielf\u00e4ltigen \u00d6kosysteme dieser Region zu entdecken, einem der attraktivsten Vogelbeobachtungsorte in Europa. Die Algarve ist ein ber\u00fchmter Ferienort, aber auch ein erstaunlicher Ort f\u00fcr Naturbeobachtungen, da sie die Heimat von Hunderten endemischer Vogelarten und eine \u00dcberwinterungs- und Futterstation f\u00fcr viele andere ist, die in ihren reichen Feuchtgebieten, Salzwiesen, Salzpfannen und W\u00e4ldern gedeihen .<\/p>","protected":false},"featured_media":6321,"comment_status":"closed","ping_status":"closed","template":"","meta":{"_acf_changed":false,"inline_featured_image":false},"product_brand":[],"product_cat":[996,1004,18],"product_tag":[172,997,540,541,1073,542,594,75,1075,1074,596,597,543,544,545,451,546,547,548,341,453,549,998,550,551,552,553,554,555,556,557,558,435,1077,87,999,1000,410,1001,1002,1003,560],"class_list":{"0":"post-3753","1":"product","2":"type-product","3":"status-publish","4":"has-post-thumbnail","6":"product_cat-self-drive-holidays-portugal","7":"product_cat-portugal-self-guided-birdwatching-holidays","8":"product_cat-self-guided-tours-portugal","9":"product_tag-algarve","10":"product_tag-alleine-reisen","11":"product_tag-bee-eater","12":"product_tag-best-birding-spots","13":"product_tag-best-of-the-algarvian-bird-life","14":"product_tag-bird-species","15":"product_tag-bird-watching-holidays","16":"product_tag-bird-watching","17":"product_tag-birding-algarve","18":"product_tag-birdwatchers-paradise","19":"product_tag-birdwatching-algarve","20":"product_tag-birdwatching-portugal","21":"product_tag-black-winged-kite","22":"product_tag-blackheaded-weaver","23":"product_tag-booted-eagles","24":"product_tag-caspian-terns","25":"product_tag-ferruginous-duck","26":"product_tag-fresh-fish-and-seafood","27":"product_tag-freshwater-lagoons","28":"product_tag-gastronomy-and-wines","29":"product_tag-greater-flamingos","30":"product_tag-grey-shrikes","31":"product_tag-individuelle-touren","32":"product_tag-kentish-plover","33":"product_tag-little-bittern","34":"product_tag-little-tern","35":"product_tag-marsh-harriers","36":"product_tag-nature-observation","37":"product_tag-penduline-tits","38":"product_tag-purple-heron","39":"product_tag-purple-swamp-hen","40":"product_tag-red-necked-nightjar","41":"product_tag-ria-formosa","42":"product_tag-ria-formosa-birdwatching","43":"product_tag-ria-formosa-natural-park","44":"product_tag-sejour-en-liberte","45":"product_tag-solo-reisen","46":"product_tag-spoonbills","47":"product_tag-tours-autoguidees","48":"product_tag-voyage-en-liberte","49":"product_tag-voyages-en-autonomie","50":"product_tag-woodchat","52":"first","53":"instock","54":"virtual","55":"taxable","56":"product-type-simple"},"acf":[],"yoast_head":"<!-- This site is optimized with the Yoast SEO Premium plugin v26.8 (Yoast SEO v27.3) - https:\/\/yoast.com\/product\/yoast-seo-premium-wordpress\/ -->\n<title>Birdwatching in Ria Formosa Natural Park: A Birdwatcher\u2019s Paradise - Self Drive Booking Portugal<\/title>\n<meta name=\"description\" content=\"Self-Drive Birdwatching Tour designed to discover the diverse ecosystems of this region, one of the most attractive birdwatching spots in Europe.\" \/>\n<meta name=\"robots\" content=\"index, follow, max-snippet:-1, max-image-preview:large, max-video-preview:-1\" \/>\n<link rel=\"canonical\" href=\"https:\/\/self-drive.booking-portugal.com\/de\/produkt\/ria-formosa-natural-park-a-birdwatchers-paradise-fly-drive-3301s\/\" \/>\n<meta property=\"og:locale\" content=\"de_DE\" \/>\n<meta property=\"og:type\" content=\"article\" \/>\n<meta property=\"og:title\" content=\"Birdwatcher\u2019s Paradise is a Self-Drive Birdwatching Tour\" \/>\n<meta property=\"og:description\" content=\"Spectacular birding and nature observation in the Ria Formosa Natural ParkTraditional Saltpans with numerous tanks, channels, creeks, and drainage ditches, where salt is manually harvested.Visit the Castro Marim Natural Reserve and other wet areasA fantastic itinerary developed and perfected by keen local birders\" \/>\n<meta property=\"og:url\" content=\"https:\/\/self-drive.booking-portugal.com\/de\/produkt\/ria-formosa-natural-park-a-birdwatchers-paradise-fly-drive-3301s\/\" \/>\n<meta property=\"og:site_name\" content=\"Self Drive Booking Portugal\" \/>\n<meta property=\"article:publisher\" content=\"https:\/\/www.facebook.com\/becooltravelagency\/\" \/>\n<meta property=\"article:modified_time\" content=\"2025-03-03T17:16:24+00:00\" \/>\n<meta property=\"og:image\" content=\"https:\/\/self-drive.booking-portugal.com\/wp-content\/uploads\/sites\/8\/2020\/12\/Western-Swamp-hen.jpg\" \/>\n\t<meta property=\"og:image:width\" content=\"1200\" \/>\n\t<meta property=\"og:image:height\" content=\"800\" \/>\n\t<meta property=\"og:image:type\" content=\"image\/jpeg\" \/>\n<meta name=\"twitter:card\" content=\"summary_large_image\" \/>\n<meta name=\"twitter:title\" content=\"Birdwatcher\u2019s Paradise is a Self-Drive Birdwatching Tour\" \/>\n<meta name=\"twitter:description\" content=\"Abundant species: Oystercatchers, Avocets, Dunlins, Little Stint, Wigeon, Sholever, Pintail, Pochard, Greater Flamingo, Glossy Ibis, Eurasian Spoonbill, Black-winged Kite, Caspian Tern, Bluethroat, Penduline Tit, Purple Swamphen, Little Bittern, Purple Heron, Collared Pratincole, Audouin\u2019s Gull, Little Tern, Eurasian Thick-knee, Little Bustard, Pallid Swift, Spectacled Warbler, European Bee-eater and Black-eared Wheatear.The amazing Portuguese gastronomy and winesIncludes all the information and services you need, from detailed route notes to a 24h hotline\" \/>\n<meta name=\"twitter:image\" content=\"https:\/\/self-drive.booking-portugal.com\/wp-content\/uploads\/sites\/8\/2020\/12\/Marsh_Harrier.jpg\" \/>\n<meta name=\"twitter:site\" content=\"@becool_travel\" \/>\n<meta name=\"twitter:label1\" content=\"Gesch\u00e4tzte Lesezeit\" \/>\n\t<meta name=\"twitter:data1\" content=\"4\u00a0Minuten\" \/>\n<script type=\"application\/ld+json\" class=\"yoast-schema-graph\">{\"@context\":\"https:\\\/\\\/schema.org\",\"@graph\":[{\"@type\":\"WebPage\",\"@id\":\"https:\\\/\\\/self-drive.booking-portugal.com\\\/product\\\/ria-formosa-natural-park-a-birdwatchers-paradise-fly-drive-3301s\\\/\",\"url\":\"https:\\\/\\\/self-drive.booking-portugal.com\\\/product\\\/ria-formosa-natural-park-a-birdwatchers-paradise-fly-drive-3301s\\\/\",\"name\":\"Birdwatching in Ria Formosa Natural Park: A Birdwatcher\u2019s Paradise - Self Drive Booking Portugal\",\"isPartOf\":{\"@id\":\"https:\\\/\\\/self-drive.booking-portugal.com\\\/#website\"},\"primaryImageOfPage\":{\"@id\":\"https:\\\/\\\/self-drive.booking-portugal.com\\\/product\\\/ria-formosa-natural-park-a-birdwatchers-paradise-fly-drive-3301s\\\/#primaryimage\"},\"image\":{\"@id\":\"https:\\\/\\\/self-drive.booking-portugal.com\\\/product\\\/ria-formosa-natural-park-a-birdwatchers-paradise-fly-drive-3301s\\\/#primaryimage\"},\"thumbnailUrl\":\"https:\\\/\\\/self-drive.booking-portugal.com\\\/wp-content\\\/uploads\\\/sites\\\/8\\\/2021\\\/01\\\/Selfguided_birding_ria_formosa.jpg\",\"datePublished\":\"2020-03-06T15:05:19+00:00\",\"dateModified\":\"2025-03-03T17:16:24+00:00\",\"description\":\"Self-Drive Birdwatching Tour designed to discover the diverse ecosystems of this region, one of the most attractive birdwatching spots in Europe.\",\"breadcrumb\":{\"@id\":\"https:\\\/\\\/self-drive.booking-portugal.com\\\/product\\\/ria-formosa-natural-park-a-birdwatchers-paradise-fly-drive-3301s\\\/#breadcrumb\"},\"inLanguage\":\"de\",\"potentialAction\":[{\"@type\":\"ReadAction\",\"target\":[\"https:\\\/\\\/self-drive.booking-portugal.com\\\/product\\\/ria-formosa-natural-park-a-birdwatchers-paradise-fly-drive-3301s\\\/\"]}]},{\"@type\":\"ImageObject\",\"inLanguage\":\"de\",\"@id\":\"https:\\\/\\\/self-drive.booking-portugal.com\\\/product\\\/ria-formosa-natural-park-a-birdwatchers-paradise-fly-drive-3301s\\\/#primaryimage\",\"url\":\"https:\\\/\\\/self-drive.booking-portugal.com\\\/wp-content\\\/uploads\\\/sites\\\/8\\\/2021\\\/01\\\/Selfguided_birding_ria_formosa.jpg\",\"contentUrl\":\"https:\\\/\\\/self-drive.booking-portugal.com\\\/wp-content\\\/uploads\\\/sites\\\/8\\\/2021\\\/01\\\/Selfguided_birding_ria_formosa.jpg\",\"width\":1000,\"height\":667,\"caption\":\"self-guided birding Ria Formosa\"},{\"@type\":\"BreadcrumbList\",\"@id\":\"https:\\\/\\\/self-drive.booking-portugal.com\\\/product\\\/ria-formosa-natural-park-a-birdwatchers-paradise-fly-drive-3301s\\\/#breadcrumb\",\"itemListElement\":[{\"@type\":\"ListItem\",\"position\":1,\"name\":\"Home\",\"item\":\"https:\\\/\\\/self-drive.booking-portugal.com\\\/\"},{\"@type\":\"ListItem\",\"position\":2,\"name\":\"Shop\",\"item\":\"https:\\\/\\\/self-drive.booking-portugal.com\\\/?page_id=5874\"},{\"@type\":\"ListItem\",\"position\":3,\"name\":\"Algarve\",\"item\":\"https:\\\/\\\/self-drive.booking-portugal.com\\\/de\\\/produkt-schlagwort\\\/algarve\\\/\"},{\"@type\":\"ListItem\",\"position\":4,\"name\":\"Birdwatching in Ria Formosa Natural Park: A Birdwatcher\u2019s Paradise\"}]},{\"@type\":\"WebSite\",\"@id\":\"https:\\\/\\\/self-drive.booking-portugal.com\\\/#website\",\"url\":\"https:\\\/\\\/self-drive.booking-portugal.com\\\/\",\"name\":\"Self Drive Booking Portugal\",\"description\":\"Self Drive Holidays in Portugal\",\"publisher\":{\"@id\":\"https:\\\/\\\/self-drive.booking-portugal.com\\\/#organization\"},\"potentialAction\":[{\"@type\":\"SearchAction\",\"target\":{\"@type\":\"EntryPoint\",\"urlTemplate\":\"https:\\\/\\\/self-drive.booking-portugal.com\\\/?s={search_term_string}\"},\"query-input\":{\"@type\":\"PropertyValueSpecification\",\"valueRequired\":true,\"valueName\":\"search_term_string\"}}],\"inLanguage\":\"de\"},{\"@type\":\"Organization\",\"@id\":\"https:\\\/\\\/self-drive.booking-portugal.com\\\/#organization\",\"name\":\"Self Drive Booking Portugal\",\"url\":\"https:\\\/\\\/self-drive.booking-portugal.com\\\/\",\"logo\":{\"@type\":\"ImageObject\",\"inLanguage\":\"de\",\"@id\":\"https:\\\/\\\/self-drive.booking-portugal.com\\\/#\\\/schema\\\/logo\\\/image\\\/\",\"url\":\"https:\\\/\\\/self-drive.booking-portugal.com\\\/wp-content\\\/uploads\\\/sites\\\/8\\\/2020\\\/03\\\/Logo_BeCool.jpg\",\"contentUrl\":\"https:\\\/\\\/self-drive.booking-portugal.com\\\/wp-content\\\/uploads\\\/sites\\\/8\\\/2020\\\/03\\\/Logo_BeCool.jpg\",\"width\":534,\"height\":534,\"caption\":\"Self Drive Booking Portugal\"},\"image\":{\"@id\":\"https:\\\/\\\/self-drive.booking-portugal.com\\\/#\\\/schema\\\/logo\\\/image\\\/\"},\"sameAs\":[\"https:\\\/\\\/www.facebook.com\\\/becooltravelagency\\\/\",\"https:\\\/\\\/x.com\\\/becool_travel\",\"https:\\\/\\\/www.instagram.com\\\/becooltravel_com\\\/\",\"https:\\\/\\\/www.linkedin.com\\\/company\\\/becool-travel\\\/\",\"https:\\\/\\\/www.youtube.com\\\/channel\\\/UCE7zRU3EVG1PgfXwQo-5uJw\"]}]}<\/script>\n<!-- \/ Yoast SEO Premium plugin. -->","yoast_head_json":{"title":"Vogelbeobachtung im Naturpark Ria Formosa: Ein Paradies f\u00fcr Vogelbeobachter - Self Drive Booking Portugal","description":"Selbstfahrer-Vogelbeobachtungstour zur Entdeckung der vielf\u00e4ltigen \u00d6kosysteme dieser Region, einem der attraktivsten Orte zur Vogelbeobachtung in Europa.","robots":{"index":"index","follow":"follow","max-snippet":"max-snippet:-1","max-image-preview":"max-image-preview:large","max-video-preview":"max-video-preview:-1"},"canonical":"https:\/\/self-drive.booking-portugal.com\/de\/produkt\/ria-formosa-natural-park-a-birdwatchers-paradise-fly-drive-3301s\/","og_locale":"de_DE","og_type":"article","og_title":"Birdwatcher\u2019s Paradise is a Self-Drive Birdwatching Tour","og_description":"Spectacular birding and nature observation in the Ria Formosa Natural ParkTraditional Saltpans with numerous tanks, channels, creeks, and drainage ditches, where salt is manually harvested.Visit the Castro Marim Natural Reserve and other wet areasA fantastic itinerary developed and perfected by keen local birders","og_url":"https:\/\/self-drive.booking-portugal.com\/de\/produkt\/ria-formosa-natural-park-a-birdwatchers-paradise-fly-drive-3301s\/","og_site_name":"Self Drive Booking Portugal","article_publisher":"https:\/\/www.facebook.com\/becooltravelagency\/","article_modified_time":"2025-03-03T17:16:24+00:00","og_image":[{"width":1200,"height":800,"url":"https:\/\/self-drive.booking-portugal.com\/wp-content\/uploads\/sites\/8\/2020\/12\/Western-Swamp-hen.jpg","type":"image\/jpeg"}],"twitter_card":"summary_large_image","twitter_title":"Birdwatcher\u2019s Paradise is a Self-Drive Birdwatching Tour","twitter_description":"Abundant species: Oystercatchers, Avocets, Dunlins, Little Stint, Wigeon, Sholever, Pintail, Pochard, Greater Flamingo, Glossy Ibis, Eurasian Spoonbill, Black-winged Kite, Caspian Tern, Bluethroat, Penduline Tit, Purple Swamphen, Little Bittern, Purple Heron, Collared Pratincole, Audouin\u2019s Gull, Little Tern, Eurasian Thick-knee, Little Bustard, Pallid Swift, Spectacled Warbler, European Bee-eater and Black-eared Wheatear.The amazing Portuguese gastronomy and winesIncludes all the information and services you need, from detailed route notes to a 24h hotline","twitter_image":"https:\/\/self-drive.booking-portugal.com\/wp-content\/uploads\/sites\/8\/2020\/12\/Marsh_Harrier.jpg","twitter_site":"@becool_travel","twitter_misc":{"Gesch\u00e4tzte Lesezeit":"4\u00a0Minuten"},"schema":{"@context":"https:\/\/schema.org","@graph":[{"@type":"WebPage","@id":"https:\/\/self-drive.booking-portugal.com\/product\/ria-formosa-natural-park-a-birdwatchers-paradise-fly-drive-3301s\/","url":"https:\/\/self-drive.booking-portugal.com\/product\/ria-formosa-natural-park-a-birdwatchers-paradise-fly-drive-3301s\/","name":"Vogelbeobachtung im Naturpark Ria Formosa: Ein Paradies f\u00fcr Vogelbeobachter - Self Drive Booking Portugal","isPartOf":{"@id":"https:\/\/self-drive.booking-portugal.com\/#website"},"primaryImageOfPage":{"@id":"https:\/\/self-drive.booking-portugal.com\/product\/ria-formosa-natural-park-a-birdwatchers-paradise-fly-drive-3301s\/#primaryimage"},"image":{"@id":"https:\/\/self-drive.booking-portugal.com\/product\/ria-formosa-natural-park-a-birdwatchers-paradise-fly-drive-3301s\/#primaryimage"},"thumbnailUrl":"https:\/\/self-drive.booking-portugal.com\/wp-content\/uploads\/sites\/8\/2021\/01\/Selfguided_birding_ria_formosa.jpg","datePublished":"2020-03-06T15:05:19+00:00","dateModified":"2025-03-03T17:16:24+00:00","description":"Selbstfahrer-Vogelbeobachtungstour zur Entdeckung der vielf\u00e4ltigen \u00d6kosysteme dieser Region, einem der attraktivsten Orte zur Vogelbeobachtung in Europa.","breadcrumb":{"@id":"https:\/\/self-drive.booking-portugal.com\/product\/ria-formosa-natural-park-a-birdwatchers-paradise-fly-drive-3301s\/#breadcrumb"},"inLanguage":"de","potentialAction":[{"@type":"ReadAction","target":["https:\/\/self-drive.booking-portugal.com\/product\/ria-formosa-natural-park-a-birdwatchers-paradise-fly-drive-3301s\/"]}]},{"@type":"ImageObject","inLanguage":"de","@id":"https:\/\/self-drive.booking-portugal.com\/product\/ria-formosa-natural-park-a-birdwatchers-paradise-fly-drive-3301s\/#primaryimage","url":"https:\/\/self-drive.booking-portugal.com\/wp-content\/uploads\/sites\/8\/2021\/01\/Selfguided_birding_ria_formosa.jpg","contentUrl":"https:\/\/self-drive.booking-portugal.com\/wp-content\/uploads\/sites\/8\/2021\/01\/Selfguided_birding_ria_formosa.jpg","width":1000,"height":667,"caption":"self-guided birding Ria Formosa"},{"@type":"BreadcrumbList","@id":"https:\/\/self-drive.booking-portugal.com\/product\/ria-formosa-natural-park-a-birdwatchers-paradise-fly-drive-3301s\/#breadcrumb","itemListElement":[{"@type":"ListItem","position":1,"name":"Home","item":"https:\/\/self-drive.booking-portugal.com\/"},{"@type":"ListItem","position":2,"name":"Shop","item":"https:\/\/self-drive.booking-portugal.com\/?page_id=5874"},{"@type":"ListItem","position":3,"name":"Algarve","item":"https:\/\/self-drive.booking-portugal.com\/de\/produkt-schlagwort\/algarve\/"},{"@type":"ListItem","position":4,"name":"Birdwatching in Ria Formosa Natural Park: A Birdwatcher\u2019s Paradise"}]},{"@type":"WebSite","@id":"https:\/\/self-drive.booking-portugal.com\/#website","url":"https:\/\/self-drive.booking-portugal.com\/","name":"Selbstfahrerbuchung Portugal","description":"Selbstfahrer-Urlaub in Portugal","publisher":{"@id":"https:\/\/self-drive.booking-portugal.com\/#organization"},"potentialAction":[{"@type":"SearchAction","target":{"@type":"EntryPoint","urlTemplate":"https:\/\/self-drive.booking-portugal.com\/?s={search_term_string}"},"query-input":{"@type":"PropertyValueSpecification","valueRequired":true,"valueName":"search_term_string"}}],"inLanguage":"de"},{"@type":"Organization","@id":"https:\/\/self-drive.booking-portugal.com\/#organization","name":"Selbstfahrerbuchung Portugal","url":"https:\/\/self-drive.booking-portugal.com\/","logo":{"@type":"ImageObject","inLanguage":"de","@id":"https:\/\/self-drive.booking-portugal.com\/#\/schema\/logo\/image\/","url":"https:\/\/self-drive.booking-portugal.com\/wp-content\/uploads\/sites\/8\/2020\/03\/Logo_BeCool.jpg","contentUrl":"https:\/\/self-drive.booking-portugal.com\/wp-content\/uploads\/sites\/8\/2020\/03\/Logo_BeCool.jpg","width":534,"height":534,"caption":"Self Drive Booking Portugal"},"image":{"@id":"https:\/\/self-drive.booking-portugal.com\/#\/schema\/logo\/image\/"},"sameAs":["https:\/\/www.facebook.com\/becooltravelagency\/","https:\/\/x.com\/becool_travel","https:\/\/www.instagram.com\/becooltravel_com\/","https:\/\/www.linkedin.com\/company\/becool-travel\/","https:\/\/www.youtube.com\/channel\/UCE7zRU3EVG1PgfXwQo-5uJw"]}]}},"_links":{"self":[{"href":"https:\/\/self-drive.booking-portugal.com\/de\/wp-json\/wp\/v2\/product\/3753","targetHints":{"allow":["GET"]}}],"collection":[{"href":"https:\/\/self-drive.booking-portugal.com\/de\/wp-json\/wp\/v2\/product"}],"about":[{"href":"https:\/\/self-drive.booking-portugal.com\/de\/wp-json\/wp\/v2\/types\/product"}],"replies":[{"embeddable":true,"href":"https:\/\/self-drive.booking-portugal.com\/de\/wp-json\/wp\/v2\/comments?post=3753"}],"wp:featuredmedia":[{"embeddable":true,"href":"https:\/\/self-drive.booking-portugal.com\/de\/wp-json\/wp\/v2\/media\/6321"}],"wp:attachment":[{"href":"https:\/\/self-drive.booking-portugal.com\/de\/wp-json\/wp\/v2\/media?parent=3753"}],"wp:term":[{"taxonomy":"product_brand","embeddable":true,"href":"https:\/\/self-drive.booking-portugal.com\/de\/wp-json\/wp\/v2\/product_brand?post=3753"},{"taxonomy":"product_cat","embeddable":true,"href":"https:\/\/self-drive.booking-portugal.com\/de\/wp-json\/wp\/v2\/product_cat?post=3753"},{"taxonomy":"product_tag","embeddable":true,"href":"https:\/\/self-drive.booking-portugal.com\/de\/wp-json\/wp\/v2\/product_tag?post=3753"}],"curies":[{"name":"wp","href":"https:\/\/api.w.org\/{rel}","templated":true}]}}