{"id":5849,"date":"2020-08-25T11:39:03","date_gmt":"2020-08-25T11:39:03","guid":{"rendered":"https:\/\/self-drive.booking-portugal.com\/?page_id=5849"},"modified":"2021-02-03T16:21:52","modified_gmt":"2021-02-03T16:21:52","slug":"insurance","status":"publish","type":"page","link":"https:\/\/self-drive.booking-portugal.com\/de\/insurance\/","title":{"rendered":"Versicherung"},"content":{"rendered":"<div id=\"fws_69f3d9becba26\"  data-column-margin=\"default\" data-midnight=\"dark\"  class=\"wpb_row vc_row-fluid vc_row\"  style=\"padding-top: 0px; padding-bottom: 0px; \"><div class=\"row-bg-wrap\" data-bg-animation=\"none\" data-bg-animation-delay=\"\" data-bg-overlay=\"false\"><div class=\"inner-wrap row-bg-layer\" ><div class=\"row-bg viewport-desktop\"  style=\"\"><\/div><\/div><\/div><div class=\"row_col_wrap_12 col span_12 dark left\">\n\t<div  class=\"vc_col-sm-12 wpb_column column_container vc_column_container col no-extra-padding\"  data-padding-pos=\"all\" data-has-bg-color=\"false\" data-bg-color=\"\" data-bg-opacity=\"1\" data-animation=\"\" data-delay=\"0\" >\n\t\t<div class=\"vc_column-inner\" >\n\t\t\t<div class=\"wpb_wrapper\">\n\t\t\t\t\n<div class=\"wpb_text_column wpb_content_element\" >\n\t<h2 style=\"text-align: center;\">Reiseversicherung<\/h2>\n<p>BeCool Travel ist eine Partnerschaft mit <a href=\"https:\/\/www.worldnomads.com\/Turnstile\/AffiliateLink?partnerCode=L3G3ND4T0UR5&amp;source=link&amp;utm_source=L3G3ND4T0UR5&amp;utm_content=link&amp;path=https:\/\/www.worldnomads.com\" target=\"_blank\" rel=\"noopener noreferrer\">WorldNomads.com<\/a> damit Sie sicher reisen. Die WorldNomads.com-Reiseversicherung wurde f\u00fcr unabh\u00e4ngige und abenteuerlustige Reisende entwickelt und deckt Krankheitskosten im Ausland, Stornierungen, Gep\u00e4ck und andere Ausgaben ab.<\/p>\n<p>Du kannst <a href=\"https:\/\/www.worldnomads.com\/Turnstile\/AffiliateLink?partnerCode=L3G3ND4T0UR5&amp;source=link&amp;utm_source=L3G3ND4T0UR5&amp;utm_content=link&amp;path=https:\/\/www.worldnomads.com\/travel-insurance\/\" target=\"_blank\" rel=\"noopener noreferrer\">online kaufen und reklamieren<\/a>, auch nachdem Sie das Haus verlassen haben. Reiseversicherung ab <a href=\"https:\/\/www.worldnomads.com\/Turnstile\/AffiliateLink?partnerCode=L3G3ND4T0UR5&amp;source=link&amp;utm_source=L3G3ND4T0UR5&amp;utm_content=link&amp;path=https:\/\/www.worldnomads.com\" target=\"_blank\" rel=\"noopener noreferrer\">WorldNomads.com<\/a> steht Menschen aus 140 L\u00e4ndern zur Verf\u00fcgung.<\/p>\n<\/div>\n\n\n\n\n\t\t\t<\/div> \n\t\t<\/div>\n\t<\/div> \n<\/div><\/div>\n\t\t<div id=\"fws_69f3d9becc4c4\"  data-column-margin=\"default\" data-midnight=\"dark\"  class=\"wpb_row vc_row-fluid vc_row\"  style=\"padding-top: 0px; padding-bottom: 0px; \"><div class=\"row-bg-wrap\" data-bg-animation=\"none\" data-bg-animation-delay=\"\" data-bg-overlay=\"false\"><div class=\"inner-wrap row-bg-layer\" ><div class=\"row-bg viewport-desktop\"  style=\"\"><\/div><\/div><\/div><div class=\"row_col_wrap_12 col span_12 dark left\">\n\t<div  class=\"vc_col-sm-12 wpb_column column_container vc_column_container col no-extra-padding\"  data-padding-pos=\"all\" data-has-bg-color=\"false\" data-bg-color=\"\" data-bg-opacity=\"1\" data-animation=\"\" data-delay=\"0\" >\n\t\t<div class=\"vc_column-inner\" >\n\t\t\t<div class=\"wpb_wrapper\">\n\t\t\t\t\n\t<div class=\"wpb_raw_code wpb_raw_html wpb_content_element\" >\n\t\t<div class=\"wpb_wrapper\">\n\t\t\t<div id='myQqc' data-brand='wn' data-partner-code='L3G3ND4T0UR5'  data-theme='color-light-grey'  data-brand-color='#3452ff'  data-logo-url='https:\/\/becooltravel.com\/wp-content\/uploads\/sites\/5\/2020\/03\/Logo_BeCool_small.png'  data-lang='en'  data-heading='ver1'  data-qqc><\/div><script src='https:\/\/qqc-api.worldnomads.com\/getwidget?brand=wn' async> <\/script>\n\t\t<\/div>\n\t<\/div>\n\n\t\t\t<\/div> \n\t\t<\/div>\n\t<\/div> \n<\/div><\/div>\n\t\t<div id=\"fws_69f3d9beccedc\"  data-column-margin=\"default\" data-midnight=\"dark\"  class=\"wpb_row vc_row-fluid vc_row\"  style=\"padding-top: 0px; padding-bottom: 0px; \"><div class=\"row-bg-wrap\" data-bg-animation=\"none\" data-bg-animation-delay=\"\" data-bg-overlay=\"false\"><div class=\"inner-wrap row-bg-layer\" ><div class=\"row-bg viewport-desktop\"  style=\"\"><\/div><\/div><\/div><div class=\"row_col_wrap_12 col span_12 dark left\">\n\t<div  class=\"vc_col-sm-12 wpb_column column_container vc_column_container col no-extra-padding\"  data-padding-pos=\"all\" data-has-bg-color=\"false\" data-bg-color=\"\" data-bg-opacity=\"1\" data-animation=\"\" data-delay=\"0\" >\n\t\t<div class=\"vc_column-inner\" >\n\t\t\t<div class=\"wpb_wrapper\">\n\t\t\t\t\n<div class=\"wpb_text_column wpb_content_element\" >\n\t<h4>Was Sie \u00fcber Reiseversicherungen wissen sollten <a href=\"https:\/\/www.worldnomads.com\/Turnstile\/AffiliateLink?partnerCode=L3G3ND4T0UR5&amp;source=link&amp;utm_source=L3G3ND4T0UR5&amp;utm_content=link&amp;path=https:\/\/www.worldnomads.com\" target=\"_blank\" rel=\"noopener noreferrer\">WorldNomads.com<\/a><\/h4>\n<ol>\n<li><b>Vertrauensw\u00fcrdige zuverl\u00e4ssige Versicherer<\/b><br \/>\n<a href=\"https:\/\/www.worldnomads.com\/Turnstile\/AffiliateLink?partnerCode=L3G3ND4T0UR5&amp;source=link&amp;utm_source=L3G3ND4T0UR5&amp;utm_content=link&amp;path=https:\/\/www.worldnomads.com\" target=\"_blank\" rel=\"noopener noreferrer\">WorldNomads.com<\/a> wird von einer Reihe starker, sicherer und spezialisierter Reiseversicherer unterst\u00fctzt, die Ihnen einen hervorragenden Versicherungsschutz, 24-Stunden-Notfallhilfe und ein H\u00f6chstma\u00df an Support und Schadenmanagement bieten, wenn Sie es am dringendsten ben\u00f6tigen.<\/li>\n<li><b>Preis-Leistungs-Verh\u00e4ltnis mit der Abdeckung, die Sie brauchen<\/b><br \/>\n<a href=\"https:\/\/www.worldnomads.com\/Turnstile\/AffiliateLink?partnerCode=L3G3ND4T0UR5&amp;source=link&amp;utm_source=L3G3ND4T0UR5&amp;utm_content=link&amp;path=https:\/\/www.worldnomads.com\" target=\"_blank\" rel=\"noopener noreferrer\">WorldNomads.com<\/a> bietet Versicherungsschutz f\u00fcr das Wichtige f\u00fcr Reisende aus 140 L\u00e4ndern. Indem Sie sich auf das konzentrieren, was Sie brauchen, und das weglassen, was Sie nicht brauchen, geh\u00f6ren die Preise von World Nomads zu den wettbewerbsf\u00e4higsten im Internet.<\/li>\n<li><b>Flexibilit\u00e4t, wenn Sie sie am meisten brauchen<\/b><br \/>\nHatten Sie eine Plan\u00e4nderung? Sie k\u00f6nnen mehr Abdeckung kaufen oder <a href=\"https:\/\/www.worldnomads.com\/Turnstile\/AffiliateLink?partnerCode=L3G3ND4T0UR5&amp;source=link&amp;utm_source=L3G3ND4T0UR5&amp;utm_content=link&amp;path=https:\/\/www.worldnomads.com\/travel-insurance\/travel-insurance-claims\" target=\"_blank\" rel=\"noopener noreferrer\">online beanspruchen<\/a> solange du noch weg bist. Du kannst sogar <a href=\"https:\/\/www.worldnomads.com\/Turnstile\/AffiliateLink?partnerCode=L3G3ND4T0UR5&amp;source=link&amp;utm_source=L3G3ND4T0UR5&amp;utm_content=link&amp;path=https:\/\/www.worldnomads.com\/travel-insurance\/\" target=\"_blank\" rel=\"noopener noreferrer\">Kaufen<\/a> eine World Nomads-Police, wenn Sie bereits reisen.<\/li>\n<li><b>Abdeckung f\u00fcr eine Reihe von Abenteueraktivit\u00e4ten<\/b><br \/>\nVon Skifahren und Snowboarden in Neuseeland bis hin zu Wildwasser-Rafting in Colorado deckt WorldNomads.com eine breite Palette ab <a href=\"https:\/\/www.worldnomads.com\/Turnstile\/AffiliateLink?partnerCode=L3G3ND4T0UR5&amp;source=link&amp;utm_source=L3G3ND4T0UR5&amp;utm_content=link&amp;path=https:\/\/www.worldnomads.com\/adventure-travel-insurance\" target=\"_blank\" rel=\"noopener noreferrer\">Abenteueraktivit\u00e4ten<\/a>, um Ihnen die Gewissheit zu geben, das Beste aus Ihren Reisen herauszuholen.<\/li>\n<li><b>Mit World Nomads reisen Sie sicher<\/b><br \/>\nAlle Mitglieder von WorldNomads.com haben Zugriff auf aktuelle Reisesicherheitswarnungen sowie Reisesicherheitsratschl\u00e4ge und -tipps online \u00fcber die <a href=\"https:\/\/www.worldnomads.com\/Turnstile\/AffiliateLink?partnerCode=L3G3ND4T0UR5&amp;source=link&amp;utm_source=L3G3ND4T0UR5&amp;utm_content=link&amp;path=https:\/\/www.worldnomads.com\/travel-safety\" target=\"_blank\" rel=\"noopener noreferrer\">World Nomads Travel Safety Hub<\/a>.<\/li>\n<li><b>Mehr als nur eine preiswerte Reiseversicherung<\/b><br \/>\nAlle WorldNomads.com-Mitglieder k\u00f6nnen den lokalen Jargon durch eine Reihe von lernen <a href=\"https:\/\/www.worldnomads.com\/Turnstile\/AffiliateLink?partnerCode=L3G3ND4T0UR5&amp;source=link&amp;utm_source=L3G3ND4T0UR5&amp;utm_content=link&amp;path=https:\/\/www.worldnomads.com\/language-guides\" target=\"_blank\" rel=\"noopener noreferrer\">Sprachf\u00fchrer f\u00fcr iPod und iPhone<\/a> und kann mit Familie und Freunden in Kontakt bleiben <a href=\"https:\/\/www.worldnomads.com\/Turnstile\/AffiliateLink?partnerCode=L3G3ND4T0UR5&amp;source=link&amp;utm_source=L3G3ND4T0UR5&amp;utm_content=link&amp;path=https:\/\/www.worldnomads.com\/stories\" target=\"_blank\" rel=\"noopener noreferrer\">Online-Reisetagebuch<\/a>.<\/li>\n<li><b>Engagement f\u00fcr au\u00dfergew\u00f6hnlichen Kundenservice<\/b><br \/>\nWir m\u00f6chten sicherstellen, dass Sie WorldNomads.com optimal nutzen. Sie k\u00f6nnen mehr dar\u00fcber erfahren <a href=\"https:\/\/www.worldnomads.com\/Turnstile\/AffiliateLink?partnerCode=L3G3ND4T0UR5&amp;source=link&amp;utm_source=L3G3ND4T0UR5&amp;utm_content=link&amp;path=https:\/\/www.worldnomads.com\/is-travel-insurance-worth-it\" target=\"_blank\" rel=\"noopener noreferrer\">Warum eine Reiseversicherung wichtig ist<\/a> f\u00fcr deine Reise. Wenn Sie Fragen zu Ihrer Reiseversicherung oder Reisesicherheit im Allgemeinen haben, wenden Sie sich bitte an uns <a href=\"https:\/\/www.worldnomads.com\/Turnstile\/AffiliateLink?partnerCode=L3G3ND4T0UR5&amp;source=link&amp;utm_source=L3G3ND4T0UR5&amp;utm_content=link&amp;path=https:\/\/www.worldnomads.com\/contact-us\" target=\"_blank\" rel=\"noopener noreferrer\">Wenden Sie sich an WorldNomads.com<\/a> direkt.<\/li>\n<li><b>Deckung f\u00fcr die Stornierung Ihrer Tour<\/b><br \/>\nDer Versicherungsschutz variiert je nach Land Ihres Wohnsitzes, aber wenn Sie Ihre Tour stornieren m\u00fcssen und der Grund unter die World Nomads-Liste der abgedeckten Stornierungsereignisse f\u00e4llt, m\u00fcssen Sie nicht die Rechnung f\u00fcr eine Reise bezahlen, die Sie nicht mehr antreten k\u00f6nnen. Diese \u00fcbernimmt die Kosten f\u00fcr den Fall, dass Sie Ihre Reise aus unvorhergesehenen Gr\u00fcnden wie Krankheit, Unfall oder Tod eines nahen Angeh\u00f6rigen pl\u00f6tzlich nicht antreten k\u00f6nnen. Der Reiser\u00fccktrittsschutz beginnt, sobald Sie eine Police abgeschlossen haben. Wenn Sie also l\u00e4nger abgesichert sein m\u00f6chten, sollten Sie eine Reiseversicherung abschlie\u00dfen, wenn Sie mit der Buchung von Tickets beginnen, und nicht in der Woche vor Ihrer Abreise.<\/li>\n<li><b><a href=\"https:\/\/www.worldnomads.com\/Turnstile\/AffiliateLink?partnerCode=L3G3ND4T0UR5&amp;source=link&amp;utm_source=L3G3ND4T0UR5&amp;utm_content=link&amp;path=https:\/\/www.worldnomads.com\" target=\"_blank\" rel=\"noopener noreferrer\">WorldNomads.com<\/a> wird von verschiedenen Versicherern aus der ganzen Welt unterst\u00fctzt.<\/b><br \/>\nLesen Sie immer den Wortlaut Ihrer Police, um Ihren spezifischen Versicherungsschutz zu \u00fcberpr\u00fcfen und sicherzustellen, dass die Police f\u00fcr Sie geeignet ist.<\/li>\n<\/ol>\n<\/div>\n\n\n\n\n\t\t\t<\/div> \n\t\t<\/div>\n\t<\/div> \n<\/div><\/div>","protected":false},"excerpt":{"rendered":"Reiseversicherung BeCool Travel ist eine Partnerschaft mit WorldNomads.com eingegangen, damit Sie sicher reisen k\u00f6nnen. Die Reiseversicherung von WorldNomads.com richtet sich an unabh\u00e4ngige und abenteuerlustige Reisende und deckt medizinische Kosten im Ausland, Stornierungen usw. ab.","protected":false},"author":7,"featured_media":0,"parent":0,"menu_order":0,"comment_status":"closed","ping_status":"closed","template":"","meta":{"_acf_changed":false,"inline_featured_image":false,"footnotes":""},"class_list":["post-5849","page","type-page","status-publish"],"acf":[],"yoast_head":"<!-- This site is optimized with the Yoast SEO Premium plugin v26.8 (Yoast SEO v27.5) - https:\/\/yoast.com\/product\/yoast-seo-premium-wordpress\/ -->\n<title>Insurance - Self Drive Booking Portugal<\/title>\n<meta name=\"robots\" content=\"index, follow, max-snippet:-1, max-image-preview:large, max-video-preview:-1\" \/>\n<link rel=\"canonical\" href=\"https:\/\/self-drive.booking-portugal.com\/de\/insurance\/\" \/>\n<meta property=\"og:locale\" content=\"de_DE\" \/>\n<meta property=\"og:type\" content=\"article\" \/>\n<meta property=\"og:title\" content=\"Insurance\" \/>\n<meta property=\"og:url\" content=\"https:\/\/self-drive.booking-portugal.com\/de\/insurance\/\" \/>\n<meta property=\"og:site_name\" content=\"Self Drive Booking Portugal\" \/>\n<meta property=\"article:publisher\" content=\"https:\/\/www.facebook.com\/becooltravelagency\/\" \/>\n<meta property=\"article:modified_time\" content=\"2021-02-03T16:21:52+00:00\" \/>\n<meta name=\"twitter:card\" content=\"summary_large_image\" \/>\n<meta name=\"twitter:site\" content=\"@becool_travel\" \/>\n<meta name=\"twitter:label1\" content=\"Gesch\u00e4tzte Lesezeit\" \/>\n\t<meta name=\"twitter:data1\" content=\"4\u00a0Minuten\" \/>\n<script type=\"application\/ld+json\" class=\"yoast-schema-graph\">{\"@context\":\"https:\\\/\\\/schema.org\",\"@graph\":[{\"@type\":\"WebPage\",\"@id\":\"https:\\\/\\\/self-drive.booking-portugal.com\\\/de\\\/insurance\\\/\",\"url\":\"https:\\\/\\\/self-drive.booking-portugal.com\\\/de\\\/insurance\\\/\",\"name\":\"Insurance - Self Drive Booking Portugal\",\"isPartOf\":{\"@id\":\"https:\\\/\\\/self-drive.booking-portugal.com\\\/#website\"},\"datePublished\":\"2020-08-25T11:39:03+00:00\",\"dateModified\":\"2021-02-03T16:21:52+00:00\",\"breadcrumb\":{\"@id\":\"https:\\\/\\\/self-drive.booking-portugal.com\\\/de\\\/insurance\\\/#breadcrumb\"},\"inLanguage\":\"de\",\"potentialAction\":[{\"@type\":\"ReadAction\",\"target\":[\"https:\\\/\\\/self-drive.booking-portugal.com\\\/de\\\/insurance\\\/\"]}]},{\"@type\":\"BreadcrumbList\",\"@id\":\"https:\\\/\\\/self-drive.booking-portugal.com\\\/de\\\/insurance\\\/#breadcrumb\",\"itemListElement\":[{\"@type\":\"ListItem\",\"position\":1,\"name\":\"Home\",\"item\":\"https:\\\/\\\/self-drive.booking-portugal.com\\\/\"},{\"@type\":\"ListItem\",\"position\":2,\"name\":\"Insurance\"}]},{\"@type\":\"WebSite\",\"@id\":\"https:\\\/\\\/self-drive.booking-portugal.com\\\/#website\",\"url\":\"https:\\\/\\\/self-drive.booking-portugal.com\\\/\",\"name\":\"Self Drive Booking Portugal\",\"description\":\"Self Drive Holidays in Portugal\",\"publisher\":{\"@id\":\"https:\\\/\\\/self-drive.booking-portugal.com\\\/#organization\"},\"potentialAction\":[{\"@type\":\"SearchAction\",\"target\":{\"@type\":\"EntryPoint\",\"urlTemplate\":\"https:\\\/\\\/self-drive.booking-portugal.com\\\/?s={search_term_string}\"},\"query-input\":{\"@type\":\"PropertyValueSpecification\",\"valueRequired\":true,\"valueName\":\"search_term_string\"}}],\"inLanguage\":\"de\"},{\"@type\":\"Organization\",\"@id\":\"https:\\\/\\\/self-drive.booking-portugal.com\\\/#organization\",\"name\":\"Self Drive Booking Portugal\",\"url\":\"https:\\\/\\\/self-drive.booking-portugal.com\\\/\",\"logo\":{\"@type\":\"ImageObject\",\"inLanguage\":\"de\",\"@id\":\"https:\\\/\\\/self-drive.booking-portugal.com\\\/#\\\/schema\\\/logo\\\/image\\\/\",\"url\":\"https:\\\/\\\/self-drive.booking-portugal.com\\\/wp-content\\\/uploads\\\/sites\\\/8\\\/2020\\\/03\\\/Logo_BeCool.jpg\",\"contentUrl\":\"https:\\\/\\\/self-drive.booking-portugal.com\\\/wp-content\\\/uploads\\\/sites\\\/8\\\/2020\\\/03\\\/Logo_BeCool.jpg\",\"width\":534,\"height\":534,\"caption\":\"Self Drive Booking Portugal\"},\"image\":{\"@id\":\"https:\\\/\\\/self-drive.booking-portugal.com\\\/#\\\/schema\\\/logo\\\/image\\\/\"},\"sameAs\":[\"https:\\\/\\\/www.facebook.com\\\/becooltravelagency\\\/\",\"https:\\\/\\\/x.com\\\/becool_travel\",\"https:\\\/\\\/www.instagram.com\\\/becooltravel_com\\\/\",\"https:\\\/\\\/www.linkedin.com\\\/company\\\/becool-travel\\\/\",\"https:\\\/\\\/www.youtube.com\\\/channel\\\/UCE7zRU3EVG1PgfXwQo-5uJw\"]}]}<\/script>\n<!-- \/ Yoast SEO Premium plugin. -->","yoast_head_json":{"title":"Versicherung - Selbstfahrerbuchung Portugal","robots":{"index":"index","follow":"follow","max-snippet":"max-snippet:-1","max-image-preview":"max-image-preview:large","max-video-preview":"max-video-preview:-1"},"canonical":"https:\/\/self-drive.booking-portugal.com\/de\/insurance\/","og_locale":"de_DE","og_type":"article","og_title":"Insurance","og_url":"https:\/\/self-drive.booking-portugal.com\/de\/insurance\/","og_site_name":"Self Drive Booking Portugal","article_publisher":"https:\/\/www.facebook.com\/becooltravelagency\/","article_modified_time":"2021-02-03T16:21:52+00:00","twitter_card":"summary_large_image","twitter_site":"@becool_travel","twitter_misc":{"Gesch\u00e4tzte Lesezeit":"4\u00a0Minuten"},"schema":{"@context":"https:\/\/schema.org","@graph":[{"@type":"WebPage","@id":"https:\/\/self-drive.booking-portugal.com\/de\/insurance\/","url":"https:\/\/self-drive.booking-portugal.com\/de\/insurance\/","name":"Versicherung - Selbstfahrerbuchung Portugal","isPartOf":{"@id":"https:\/\/self-drive.booking-portugal.com\/#website"},"datePublished":"2020-08-25T11:39:03+00:00","dateModified":"2021-02-03T16:21:52+00:00","breadcrumb":{"@id":"https:\/\/self-drive.booking-portugal.com\/de\/insurance\/#breadcrumb"},"inLanguage":"de","potentialAction":[{"@type":"ReadAction","target":["https:\/\/self-drive.booking-portugal.com\/de\/insurance\/"]}]},{"@type":"BreadcrumbList","@id":"https:\/\/self-drive.booking-portugal.com\/de\/insurance\/#breadcrumb","itemListElement":[{"@type":"ListItem","position":1,"name":"Home","item":"https:\/\/self-drive.booking-portugal.com\/"},{"@type":"ListItem","position":2,"name":"Insurance"}]},{"@type":"WebSite","@id":"https:\/\/self-drive.booking-portugal.com\/#website","url":"https:\/\/self-drive.booking-portugal.com\/","name":"Selbstfahrerbuchung Portugal","description":"Selbstfahrer-Urlaub in Portugal","publisher":{"@id":"https:\/\/self-drive.booking-portugal.com\/#organization"},"potentialAction":[{"@type":"SearchAction","target":{"@type":"EntryPoint","urlTemplate":"https:\/\/self-drive.booking-portugal.com\/?s={search_term_string}"},"query-input":{"@type":"PropertyValueSpecification","valueRequired":true,"valueName":"search_term_string"}}],"inLanguage":"de"},{"@type":"Organization","@id":"https:\/\/self-drive.booking-portugal.com\/#organization","name":"Selbstfahrerbuchung Portugal","url":"https:\/\/self-drive.booking-portugal.com\/","logo":{"@type":"ImageObject","inLanguage":"de","@id":"https:\/\/self-drive.booking-portugal.com\/#\/schema\/logo\/image\/","url":"https:\/\/self-drive.booking-portugal.com\/wp-content\/uploads\/sites\/8\/2020\/03\/Logo_BeCool.jpg","contentUrl":"https:\/\/self-drive.booking-portugal.com\/wp-content\/uploads\/sites\/8\/2020\/03\/Logo_BeCool.jpg","width":534,"height":534,"caption":"Self Drive Booking Portugal"},"image":{"@id":"https:\/\/self-drive.booking-portugal.com\/#\/schema\/logo\/image\/"},"sameAs":["https:\/\/www.facebook.com\/becooltravelagency\/","https:\/\/x.com\/becool_travel","https:\/\/www.instagram.com\/becooltravel_com\/","https:\/\/www.linkedin.com\/company\/becool-travel\/","https:\/\/www.youtube.com\/channel\/UCE7zRU3EVG1PgfXwQo-5uJw"]}]}},"_links":{"self":[{"href":"https:\/\/self-drive.booking-portugal.com\/de\/wp-json\/wp\/v2\/pages\/5849","targetHints":{"allow":["GET"]}}],"collection":[{"href":"https:\/\/self-drive.booking-portugal.com\/de\/wp-json\/wp\/v2\/pages"}],"about":[{"href":"https:\/\/self-drive.booking-portugal.com\/de\/wp-json\/wp\/v2\/types\/page"}],"author":[{"embeddable":true,"href":"https:\/\/self-drive.booking-portugal.com\/de\/wp-json\/wp\/v2\/users\/7"}],"replies":[{"embeddable":true,"href":"https:\/\/self-drive.booking-portugal.com\/de\/wp-json\/wp\/v2\/comments?post=5849"}],"version-history":[{"count":0,"href":"https:\/\/self-drive.booking-portugal.com\/de\/wp-json\/wp\/v2\/pages\/5849\/revisions"}],"wp:attachment":[{"href":"https:\/\/self-drive.booking-portugal.com\/de\/wp-json\/wp\/v2\/media?parent=5849"}],"curies":[{"name":"wp","href":"https:\/\/api.w.org\/{rel}","templated":true}]}}