{"id":3409,"date":"2020-03-17T16:56:52","date_gmt":"2020-03-17T16:56:52","guid":{"rendered":"https:\/\/becooltravel.com\/?page_id=3409"},"modified":"2021-02-03T16:26:08","modified_gmt":"2021-02-03T16:26:08","slug":"transport-2","status":"publish","type":"page","link":"https:\/\/self-drive.booking-portugal.com\/de\/transport-2\/","title":{"rendered":"Transport"},"content":{"rendered":"<div id=\"fws_69f3d9d1a5f14\"  data-column-margin=\"default\" data-midnight=\"dark\"  class=\"wpb_row vc_row-fluid vc_row\"  style=\"padding-top: 0px; padding-bottom: 0px; \"><div class=\"row-bg-wrap\" data-bg-animation=\"none\" data-bg-animation-delay=\"\" data-bg-overlay=\"false\"><div class=\"inner-wrap row-bg-layer\" ><div class=\"row-bg viewport-desktop\"  style=\"\"><\/div><\/div><\/div><div class=\"row_col_wrap_12 col span_12 dark left\">\n\t<div  class=\"vc_col-sm-12 wpb_column column_container vc_column_container col no-extra-padding inherit_tablet inherit_phone\"  data-padding-pos=\"all\" data-has-bg-color=\"false\" data-bg-color=\"\" data-bg-opacity=\"1\" data-animation=\"\" data-delay=\"0\" >\n\t\t<div class=\"vc_column-inner\" >\n\t\t\t<div class=\"wpb_wrapper\">\n\t\t\t\t<div class=\"divider-wrap\" data-alignment=\"default\"><div style=\"height: 25px;\" class=\"divider\"><\/div><\/div>\n\t\t\t<\/div> \n\t\t<\/div>\n\t<\/div> \n<\/div><\/div>\n\t\t<div id=\"fws_69f3d9d1a6908\"  data-column-margin=\"default\" data-midnight=\"dark\"  class=\"wpb_row vc_row-fluid vc_row\"  style=\"padding-top: 0px; padding-bottom: 0px; \"><div class=\"row-bg-wrap\" data-bg-animation=\"none\" data-bg-animation-delay=\"\" data-bg-overlay=\"false\"><div class=\"inner-wrap row-bg-layer\" ><div class=\"row-bg viewport-desktop\"  style=\"\"><\/div><\/div><\/div><div class=\"row_col_wrap_12 col span_12 dark left\">\n\t<div  class=\"vc_col-sm-12 wpb_column column_container vc_column_container col no-extra-padding inherit_tablet inherit_phone\"  data-padding-pos=\"all\" data-has-bg-color=\"false\" data-bg-color=\"\" data-bg-opacity=\"1\" data-animation=\"\" data-delay=\"0\" >\n\t\t<div class=\"vc_column-inner\" >\n\t\t\t<div class=\"wpb_wrapper\">\n\t\t\t\t\n<div class=\"wpb_text_column wpb_content_element\" >\n\t<h2 style=\"text-align: center;\">Sicher, zuverl\u00e4ssig &amp; p\u00fcnktlich<\/h2>\n<p>&nbsp;<\/p>\n<p style=\"text-align: center;\"><span class=\"main-subtitle\">Von der Buchung von Flughafentransfers bis hin zur Organisation von Transporten f\u00fcr Firmenveranstaltungen oder Familientreffen haben wir das ideale Transportmittel f\u00fcr Ihre Bed\u00fcrfnisse.<\/span><\/p>\n<p style=\"text-align: center;\">Wenn Sie einen Mietwagen ben\u00f6tigen, um unabh\u00e4ngig in den Urlaub zu fahren, pr\u00fcfen Sie unsere Preise, wir haben tolle Angebote!<\/p>\n<\/div>\n\n\n\n\n\t\t\t<\/div> \n\t\t<\/div>\n\t<\/div> \n<\/div><\/div>\n\t\t<div id=\"fws_69f3d9d1a71dc\"  data-column-margin=\"default\" data-midnight=\"dark\" data-top-percent=\"6%\" data-bottom-percent=\"6%\"  class=\"wpb_row vc_row-fluid vc_row full-width-section vc_row-o-equal-height vc_row-flex vc_row-o-content-middle\"  style=\"padding-top: calc(100vw * 0.06); padding-bottom: calc(100vw * 0.06); \"><div class=\"row-bg-wrap\" data-bg-animation=\"none\" data-bg-animation-delay=\"\" data-bg-overlay=\"true\"><div class=\"inner-wrap row-bg-layer\" ><div class=\"row-bg viewport-desktop\"  style=\"\"><\/div><\/div><div class=\"row-bg-overlay row-bg-layer\" style=\"background: linear-gradient(to bottom,#eaf1fd 0%,rgba(255,255,255,0.001) 75%);  opacity: 1; \"><\/div><\/div><div class=\"row_col_wrap_12 col span_12 dark left\">\n\t<div  class=\"vc_col-sm-12 wpb_column column_container vc_column_container col no-extra-padding inherit_tablet inherit_phone\"  data-padding-pos=\"right\" data-has-bg-color=\"false\" data-bg-color=\"\" data-bg-opacity=\"1\" data-animation=\"\" data-delay=\"0\" >\n\t\t<div class=\"vc_column-inner\" >\n\t\t\t<div class=\"wpb_wrapper\">\n\t\t\t\t<div id=\"fws_69f3d9d1a7791\" data-midnight=\"\" data-column-margin=\"20px\" class=\"wpb_row vc_row-fluid vc_row inner_row\"  style=\"\"><div class=\"row-bg-wrap\"> <div class=\"row-bg\" ><\/div> <\/div><div class=\"row_col_wrap_12_inner col span_12  left\">\n\t<div  class=\"vc_col-sm-3 wpb_column column_container vc_column_container col child_column has-animation no-extra-padding inherit_tablet inherit_phone\"   data-padding-pos=\"all\" data-has-bg-color=\"false\" data-bg-color=\"\" data-bg-opacity=\"1\" data-animation=\"fade-in-from-bottom\" data-delay=\"0\" >\n\t\t<div class=\"vc_column-inner\" >\n\t\t<div class=\"wpb_wrapper\">\n\t\t\t<div class=\"nectar-fancy-box using-img\" style=\"min-height: 350px\" data-style=\"hover_desc\" data-border-radius=\"5px\" data-animation=\"\" data-bg-animation=\"long_zoom\" data-border=\"\" data-delay=\"\" data-alignment=\"left\" data-color=\"accent-color\" ><div class=\"box-bg\" role=\"presentation\"  data-nectar-img-src=\"https:\/\/self-drive.booking-portugal.com\/wp-content\/uploads\/sites\/8\/2020\/05\/BeCool_Transfers.jpg\"><\/div><div class=\"inner\"><div class=\"heading-wrap\">\n<h3>Buch<\/h3>\n<h3>\u00dcberweisungen<\/h3>\n<\/div><\/div>  <a target=\"_blank\" href=\"https:\/\/transfers.booking-portugal.com\/\" class=\"box-link\"><\/a> <\/div>\n\t\t<\/div> \n\t<\/div>\n\t<\/div> \n\n\t<div  class=\"vc_col-sm-3 wpb_column column_container vc_column_container col child_column has-animation no-extra-padding inherit_tablet inherit_phone\"   data-padding-pos=\"all\" data-has-bg-color=\"false\" data-bg-color=\"\" data-bg-opacity=\"1\" data-animation=\"fade-in-from-bottom\" data-delay=\"100\" >\n\t\t<div class=\"vc_column-inner\" >\n\t\t<div class=\"wpb_wrapper\">\n\t\t\t<div class=\"nectar-fancy-box using-img\" style=\"min-height: 350px\" data-style=\"hover_desc\" data-border-radius=\"5px\" data-animation=\"\" data-bg-animation=\"long_zoom\" data-border=\"\" data-delay=\"\" data-alignment=\"left\" data-color=\"accent-color\" ><div class=\"box-bg\" role=\"presentation\"  data-nectar-img-src=\"https:\/\/self-drive.booking-portugal.com\/wp-content\/uploads\/sites\/8\/2020\/05\/BannerRentaCar01.jpg\"><\/div><div class=\"inner\"><div class=\"heading-wrap\">\n<h3>Buch<\/h3>\n<h3>Mietwagen<\/h3>\n<\/div><\/div>  <a  href=\"https:\/\/becooltravel.com\/car-rental\/\" class=\"box-link\"><\/a> <\/div>\n\t\t<\/div> \n\t<\/div>\n\t<\/div> \n\n\t<div  class=\"vc_col-sm-3 wpb_column column_container vc_column_container col child_column has-animation no-extra-padding inherit_tablet inherit_phone\"   data-padding-pos=\"all\" data-has-bg-color=\"false\" data-bg-color=\"\" data-bg-opacity=\"1\" data-animation=\"fade-in-from-bottom\" data-delay=\"200\" >\n\t\t<div class=\"vc_column-inner\" >\n\t\t<div class=\"wpb_wrapper\">\n\t\t\t<div class=\"nectar-fancy-box using-img\" style=\"min-height: 350px\" data-style=\"hover_desc\" data-border-radius=\"5px\" data-animation=\"\" data-bg-animation=\"long_zoom\" data-border=\"\" data-delay=\"\" data-alignment=\"left\" data-color=\"accent-color\" ><div class=\"box-bg\" role=\"presentation\" ><\/div><div class=\"inner\"><div class=\"heading-wrap\">\n<h3>Buch<\/h3>\n<h3>Flug<\/h3>\n<\/div><\/div>  <a  href=\"https:\/\/becooltravel.com\/flights\/\" class=\"box-link\"><\/a> <\/div>\n\t\t<\/div> \n\t<\/div>\n\t<\/div> \n\n\t<div  class=\"vc_col-sm-3 wpb_column column_container vc_column_container col child_column has-animation no-extra-padding inherit_tablet inherit_phone\"   data-padding-pos=\"all\" data-has-bg-color=\"false\" data-bg-color=\"\" data-bg-opacity=\"1\" data-animation=\"fade-in-from-bottom\" data-delay=\"300\" >\n\t\t<div class=\"vc_column-inner\" >\n\t\t<div class=\"wpb_wrapper\">\n\t\t\t\n\t\t<\/div> \n\t<\/div>\n\t<\/div> \n<\/div><\/div>\n\t\t\t<\/div> \n\t\t<\/div>\n\t<\/div> \n<\/div><\/div>","protected":false},"excerpt":{"rendered":"Sicher, zuverl\u00e4ssig und p\u00fcnktlich Von der Buchung von Flughafentransfers bis hin zur Organisation von Transporten f\u00fcr Firmenveranstaltungen oder Familientreffen \u2013 wir haben den idealen Transport f\u00fcr Ihre Bed\u00fcrfnisse. Wenn Sie brauchen...","protected":false},"author":7,"featured_media":0,"parent":0,"menu_order":0,"comment_status":"closed","ping_status":"closed","template":"","meta":{"_acf_changed":false,"inline_featured_image":false,"footnotes":""},"class_list":["post-3409","page","type-page","status-publish"],"acf":[],"yoast_head":"<!-- This site is optimized with the Yoast SEO Premium plugin v26.8 (Yoast SEO v27.5) - https:\/\/yoast.com\/product\/yoast-seo-premium-wordpress\/ -->\n<title>Transport - Self Drive Booking Portugal<\/title>\n<meta name=\"description\" content=\"From airport transfers, to arranging transport for corporate events or family meetings, BeCool Travel has the ideal transportation to suit your needs.\" \/>\n<meta name=\"robots\" content=\"index, follow, max-snippet:-1, max-image-preview:large, max-video-preview:-1\" \/>\n<link rel=\"canonical\" href=\"https:\/\/self-drive.booking-portugal.com\/de\/transport-2\/\" \/>\n<meta property=\"og:locale\" content=\"de_DE\" \/>\n<meta property=\"og:type\" content=\"article\" \/>\n<meta property=\"og:title\" content=\"Transport\" \/>\n<meta property=\"og:description\" content=\"From airport transfers, to arranging transport for corporate events or family meetings, BeCool Travel has the ideal transportation to suit your needs.\" \/>\n<meta property=\"og:url\" content=\"https:\/\/self-drive.booking-portugal.com\/de\/transport-2\/\" \/>\n<meta property=\"og:site_name\" content=\"Self Drive Booking Portugal\" \/>\n<meta property=\"article:publisher\" content=\"https:\/\/www.facebook.com\/becooltravelagency\/\" \/>\n<meta property=\"article:modified_time\" content=\"2021-02-03T16:26:08+00:00\" \/>\n<meta name=\"twitter:card\" content=\"summary_large_image\" \/>\n<meta name=\"twitter:site\" content=\"@becool_travel\" \/>\n<meta name=\"twitter:label1\" content=\"Gesch\u00e4tzte Lesezeit\" \/>\n\t<meta name=\"twitter:data1\" content=\"5\u00a0Minuten\" \/>\n<script type=\"application\/ld+json\" class=\"yoast-schema-graph\">{\"@context\":\"https:\\\/\\\/schema.org\",\"@graph\":[{\"@type\":\"WebPage\",\"@id\":\"https:\\\/\\\/self-drive.booking-portugal.com\\\/transport-2\\\/\",\"url\":\"https:\\\/\\\/self-drive.booking-portugal.com\\\/transport-2\\\/\",\"name\":\"Transport - Self Drive Booking Portugal\",\"isPartOf\":{\"@id\":\"https:\\\/\\\/self-drive.booking-portugal.com\\\/#website\"},\"datePublished\":\"2020-03-17T16:56:52+00:00\",\"dateModified\":\"2021-02-03T16:26:08+00:00\",\"description\":\"From airport transfers, to arranging transport for corporate events or family meetings, BeCool Travel has the ideal transportation to suit your needs.\",\"breadcrumb\":{\"@id\":\"https:\\\/\\\/self-drive.booking-portugal.com\\\/transport-2\\\/#breadcrumb\"},\"inLanguage\":\"de\",\"potentialAction\":[{\"@type\":\"ReadAction\",\"target\":[\"https:\\\/\\\/self-drive.booking-portugal.com\\\/transport-2\\\/\"]}]},{\"@type\":\"BreadcrumbList\",\"@id\":\"https:\\\/\\\/self-drive.booking-portugal.com\\\/transport-2\\\/#breadcrumb\",\"itemListElement\":[{\"@type\":\"ListItem\",\"position\":1,\"name\":\"Home\",\"item\":\"https:\\\/\\\/self-drive.booking-portugal.com\\\/\"},{\"@type\":\"ListItem\",\"position\":2,\"name\":\"Transport\"}]},{\"@type\":\"WebSite\",\"@id\":\"https:\\\/\\\/self-drive.booking-portugal.com\\\/#website\",\"url\":\"https:\\\/\\\/self-drive.booking-portugal.com\\\/\",\"name\":\"Self Drive Booking Portugal\",\"description\":\"Self Drive Holidays in Portugal\",\"publisher\":{\"@id\":\"https:\\\/\\\/self-drive.booking-portugal.com\\\/#organization\"},\"potentialAction\":[{\"@type\":\"SearchAction\",\"target\":{\"@type\":\"EntryPoint\",\"urlTemplate\":\"https:\\\/\\\/self-drive.booking-portugal.com\\\/?s={search_term_string}\"},\"query-input\":{\"@type\":\"PropertyValueSpecification\",\"valueRequired\":true,\"valueName\":\"search_term_string\"}}],\"inLanguage\":\"de\"},{\"@type\":\"Organization\",\"@id\":\"https:\\\/\\\/self-drive.booking-portugal.com\\\/#organization\",\"name\":\"Self Drive Booking Portugal\",\"url\":\"https:\\\/\\\/self-drive.booking-portugal.com\\\/\",\"logo\":{\"@type\":\"ImageObject\",\"inLanguage\":\"de\",\"@id\":\"https:\\\/\\\/self-drive.booking-portugal.com\\\/#\\\/schema\\\/logo\\\/image\\\/\",\"url\":\"https:\\\/\\\/self-drive.booking-portugal.com\\\/wp-content\\\/uploads\\\/sites\\\/8\\\/2020\\\/03\\\/Logo_BeCool.jpg\",\"contentUrl\":\"https:\\\/\\\/self-drive.booking-portugal.com\\\/wp-content\\\/uploads\\\/sites\\\/8\\\/2020\\\/03\\\/Logo_BeCool.jpg\",\"width\":534,\"height\":534,\"caption\":\"Self Drive Booking Portugal\"},\"image\":{\"@id\":\"https:\\\/\\\/self-drive.booking-portugal.com\\\/#\\\/schema\\\/logo\\\/image\\\/\"},\"sameAs\":[\"https:\\\/\\\/www.facebook.com\\\/becooltravelagency\\\/\",\"https:\\\/\\\/x.com\\\/becool_travel\",\"https:\\\/\\\/www.instagram.com\\\/becooltravel_com\\\/\",\"https:\\\/\\\/www.linkedin.com\\\/company\\\/becool-travel\\\/\",\"https:\\\/\\\/www.youtube.com\\\/channel\\\/UCE7zRU3EVG1PgfXwQo-5uJw\"]}]}<\/script>\n<!-- \/ Yoast SEO Premium plugin. -->","yoast_head_json":{"title":"Transport - Selbstfahrerbuchung Portugal","description":"Von Flughafentransfers bis hin zur Organisation des Transports f\u00fcr Firmenveranstaltungen oder Familientreffen bietet BeCool Travel das ideale Transportmittel f\u00fcr Ihre Bed\u00fcrfnisse.","robots":{"index":"index","follow":"follow","max-snippet":"max-snippet:-1","max-image-preview":"max-image-preview:large","max-video-preview":"max-video-preview:-1"},"canonical":"https:\/\/self-drive.booking-portugal.com\/de\/transport-2\/","og_locale":"de_DE","og_type":"article","og_title":"Transport","og_description":"From airport transfers, to arranging transport for corporate events or family meetings, BeCool Travel has the ideal transportation to suit your needs.","og_url":"https:\/\/self-drive.booking-portugal.com\/de\/transport-2\/","og_site_name":"Self Drive Booking Portugal","article_publisher":"https:\/\/www.facebook.com\/becooltravelagency\/","article_modified_time":"2021-02-03T16:26:08+00:00","twitter_card":"summary_large_image","twitter_site":"@becool_travel","twitter_misc":{"Gesch\u00e4tzte Lesezeit":"5\u00a0Minuten"},"schema":{"@context":"https:\/\/schema.org","@graph":[{"@type":"WebPage","@id":"https:\/\/self-drive.booking-portugal.com\/transport-2\/","url":"https:\/\/self-drive.booking-portugal.com\/transport-2\/","name":"Transport - Selbstfahrerbuchung Portugal","isPartOf":{"@id":"https:\/\/self-drive.booking-portugal.com\/#website"},"datePublished":"2020-03-17T16:56:52+00:00","dateModified":"2021-02-03T16:26:08+00:00","description":"Von Flughafentransfers bis hin zur Organisation des Transports f\u00fcr Firmenveranstaltungen oder Familientreffen bietet BeCool Travel das ideale Transportmittel f\u00fcr Ihre Bed\u00fcrfnisse.","breadcrumb":{"@id":"https:\/\/self-drive.booking-portugal.com\/transport-2\/#breadcrumb"},"inLanguage":"de","potentialAction":[{"@type":"ReadAction","target":["https:\/\/self-drive.booking-portugal.com\/transport-2\/"]}]},{"@type":"BreadcrumbList","@id":"https:\/\/self-drive.booking-portugal.com\/transport-2\/#breadcrumb","itemListElement":[{"@type":"ListItem","position":1,"name":"Home","item":"https:\/\/self-drive.booking-portugal.com\/"},{"@type":"ListItem","position":2,"name":"Transport"}]},{"@type":"WebSite","@id":"https:\/\/self-drive.booking-portugal.com\/#website","url":"https:\/\/self-drive.booking-portugal.com\/","name":"Selbstfahrerbuchung Portugal","description":"Selbstfahrer-Urlaub in Portugal","publisher":{"@id":"https:\/\/self-drive.booking-portugal.com\/#organization"},"potentialAction":[{"@type":"SearchAction","target":{"@type":"EntryPoint","urlTemplate":"https:\/\/self-drive.booking-portugal.com\/?s={search_term_string}"},"query-input":{"@type":"PropertyValueSpecification","valueRequired":true,"valueName":"search_term_string"}}],"inLanguage":"de"},{"@type":"Organization","@id":"https:\/\/self-drive.booking-portugal.com\/#organization","name":"Selbstfahrerbuchung Portugal","url":"https:\/\/self-drive.booking-portugal.com\/","logo":{"@type":"ImageObject","inLanguage":"de","@id":"https:\/\/self-drive.booking-portugal.com\/#\/schema\/logo\/image\/","url":"https:\/\/self-drive.booking-portugal.com\/wp-content\/uploads\/sites\/8\/2020\/03\/Logo_BeCool.jpg","contentUrl":"https:\/\/self-drive.booking-portugal.com\/wp-content\/uploads\/sites\/8\/2020\/03\/Logo_BeCool.jpg","width":534,"height":534,"caption":"Self Drive Booking Portugal"},"image":{"@id":"https:\/\/self-drive.booking-portugal.com\/#\/schema\/logo\/image\/"},"sameAs":["https:\/\/www.facebook.com\/becooltravelagency\/","https:\/\/x.com\/becool_travel","https:\/\/www.instagram.com\/becooltravel_com\/","https:\/\/www.linkedin.com\/company\/becool-travel\/","https:\/\/www.youtube.com\/channel\/UCE7zRU3EVG1PgfXwQo-5uJw"]}]}},"_links":{"self":[{"href":"https:\/\/self-drive.booking-portugal.com\/de\/wp-json\/wp\/v2\/pages\/3409","targetHints":{"allow":["GET"]}}],"collection":[{"href":"https:\/\/self-drive.booking-portugal.com\/de\/wp-json\/wp\/v2\/pages"}],"about":[{"href":"https:\/\/self-drive.booking-portugal.com\/de\/wp-json\/wp\/v2\/types\/page"}],"author":[{"embeddable":true,"href":"https:\/\/self-drive.booking-portugal.com\/de\/wp-json\/wp\/v2\/users\/7"}],"replies":[{"embeddable":true,"href":"https:\/\/self-drive.booking-portugal.com\/de\/wp-json\/wp\/v2\/comments?post=3409"}],"version-history":[{"count":0,"href":"https:\/\/self-drive.booking-portugal.com\/de\/wp-json\/wp\/v2\/pages\/3409\/revisions"}],"wp:attachment":[{"href":"https:\/\/self-drive.booking-portugal.com\/de\/wp-json\/wp\/v2\/media?parent=3409"}],"curies":[{"name":"wp","href":"https:\/\/api.w.org\/{rel}","templated":true}]}}