{"id":3407,"date":"2020-03-17T16:56:52","date_gmt":"2020-03-17T16:56:52","guid":{"rendered":"https:\/\/becooltravel.com\/?page_id=3407"},"modified":"2021-02-03T16:20:33","modified_gmt":"2021-02-03T16:20:33","slug":"holiday-rentals-2","status":"publish","type":"page","link":"https:\/\/self-drive.booking-portugal.com\/de\/holiday-rentals-2\/","title":{"rendered":"Ferienwohnungen"},"content":{"rendered":"<div id=\"fws_6a070e4a73d1e\"  data-column-margin=\"default\" data-midnight=\"dark\"  class=\"wpb_row vc_row-fluid vc_row\"  style=\"padding-top: 0px; padding-bottom: 0px; \"><div class=\"row-bg-wrap\" data-bg-animation=\"none\" data-bg-animation-delay=\"\" data-bg-overlay=\"false\"><div class=\"inner-wrap row-bg-layer\" ><div class=\"row-bg viewport-desktop\"  style=\"\"><\/div><\/div><\/div><div class=\"row_col_wrap_12 col span_12 dark left\">\n\t<div  class=\"vc_col-sm-12 wpb_column column_container vc_column_container col no-extra-padding inherit_tablet inherit_phone\"  data-padding-pos=\"all\" data-has-bg-color=\"false\" data-bg-color=\"\" data-bg-opacity=\"1\" data-animation=\"\" data-delay=\"0\" >\n\t\t<div class=\"vc_column-inner\" >\n\t\t\t<div class=\"wpb_wrapper\">\n\t\t\t\t<div class=\"divider-wrap\" data-alignment=\"default\"><div style=\"height: 25px;\" class=\"divider\"><\/div><\/div>\n\t\t\t<\/div> \n\t\t<\/div>\n\t<\/div> \n<\/div><\/div>\n\t\t<div id=\"fws_6a070e4a74c83\"  data-column-margin=\"default\" data-midnight=\"dark\"  class=\"wpb_row vc_row-fluid vc_row\"  style=\"padding-top: 0px; padding-bottom: 0px; \"><div class=\"row-bg-wrap\" data-bg-animation=\"none\" data-bg-animation-delay=\"\" data-bg-overlay=\"false\"><div class=\"inner-wrap row-bg-layer\" ><div class=\"row-bg viewport-desktop\"  style=\"\"><\/div><\/div><\/div><div class=\"row_col_wrap_12 col span_12 dark left\">\n\t<div  class=\"vc_col-sm-12 wpb_column column_container vc_column_container col no-extra-padding inherit_tablet inherit_phone\"  data-padding-pos=\"all\" data-has-bg-color=\"false\" data-bg-color=\"\" data-bg-opacity=\"1\" data-animation=\"\" data-delay=\"0\" >\n\t\t<div class=\"vc_column-inner\" >\n\t\t\t<div class=\"wpb_wrapper\">\n\t\t\t\t\n<div class=\"wpb_text_column wpb_content_element\" >\n\t<h2 style=\"text-align: center;\">F\u00fchlen Sie sich wie zu Hause!<\/h2>\n<p>Finden Sie eine gro\u00dfe Auswahl an Unterk\u00fcnften an Ihrem ausgew\u00e4hlten Ort, von Budgethotels bis hin zu Luxussuiten, von rustikalen Ferienunterk\u00fcnften bis hin zu Strandh\u00e4usern.<br \/>\nBeCool Travel macht es einfach, online zu buchen und schnell Ihre ideale Unterkunft zu finden.<\/p>\n<\/div>\n\n\n\n\n\t\t\t<\/div> \n\t\t<\/div>\n\t<\/div> \n<\/div><\/div>","protected":false},"excerpt":{"rendered":"F\u00fchlen Sie sich wie zu Hause! Finden Sie eine gro\u00dfe Auswahl an Unterk\u00fcnften an Ihrem gew\u00e4hlten Standort, von g\u00fcnstigen Hotels bis hin zu Luxussuiten, von rustikalen Feriendomizilen bis hin zu Strandh\u00e4usern. BeCool Travel macht...","protected":false},"author":7,"featured_media":0,"parent":0,"menu_order":0,"comment_status":"closed","ping_status":"closed","template":"","meta":{"_acf_changed":false,"inline_featured_image":false,"footnotes":""},"class_list":["post-3407","page","type-page","status-publish"],"acf":[],"yoast_head":"<!-- This site is optimized with the Yoast SEO Premium plugin v26.8 (Yoast SEO v27.6) - https:\/\/yoast.com\/product\/yoast-seo-premium-wordpress\/ -->\n<title>Holiday Rentals - Self Drive Booking Portugal<\/title>\n<meta name=\"description\" content=\"Find a great range of accommodation in your chosen destination. From budget hotels to luxury suites, from rustic holiday retreats to beach houses, BeCool Travel makes it easy to book online.\" \/>\n<meta name=\"robots\" content=\"index, follow, max-snippet:-1, max-image-preview:large, max-video-preview:-1\" \/>\n<link rel=\"canonical\" href=\"https:\/\/self-drive.booking-portugal.com\/de\/holiday-rentals-2\/\" \/>\n<meta property=\"og:locale\" content=\"de_DE\" \/>\n<meta property=\"og:type\" content=\"article\" \/>\n<meta property=\"og:title\" content=\"Portugal Holiday Rentals\" \/>\n<meta property=\"og:description\" content=\"Find a great range of accommodation in your chosen location, from budget hotels to luxury suites, from rustic holiday retreats to beach houses.BeCool Travel makes it easy to book online and quickly find your ideal lodging.\" \/>\n<meta property=\"og:url\" content=\"https:\/\/self-drive.booking-portugal.com\/de\/holiday-rentals-2\/\" \/>\n<meta property=\"og:site_name\" content=\"Self Drive Booking Portugal\" \/>\n<meta property=\"article:publisher\" content=\"https:\/\/www.facebook.com\/becooltravelagency\/\" \/>\n<meta property=\"article:modified_time\" content=\"2021-02-03T16:20:33+00:00\" \/>\n<meta property=\"og:image\" content=\"https:\/\/self-drive.booking-portugal.com\/wp-content\/uploads\/sites\/8\/2020\/05\/holiday-rental-house.jpg\" \/>\n\t<meta property=\"og:image:width\" content=\"932\" \/>\n\t<meta property=\"og:image:height\" content=\"768\" \/>\n\t<meta property=\"og:image:type\" content=\"image\/jpeg\" \/>\n<meta name=\"twitter:card\" content=\"summary_large_image\" \/>\n<meta name=\"twitter:title\" content=\"Portugal Holiday Rentals\" \/>\n<meta name=\"twitter:description\" content=\"Find a great range of accommodation in your chosen location, from budget hotels to luxury suites, from rustic holiday retreats to beach houses.BeCool Travel makes it easy to book online and quickly find your ideal lodging.\" \/>\n<meta name=\"twitter:image\" content=\"https:\/\/self-drive.booking-portugal.com\/wp-content\/uploads\/sites\/8\/2020\/05\/holiday-rental-house.jpg\" \/>\n<meta name=\"twitter:site\" content=\"@becool_travel\" \/>\n<meta name=\"twitter:label1\" content=\"Gesch\u00e4tzte Lesezeit\" \/>\n\t<meta name=\"twitter:data1\" content=\"2\u00a0Minuten\" \/>\n<script type=\"application\/ld+json\" class=\"yoast-schema-graph\">{\"@context\":\"https:\\\/\\\/schema.org\",\"@graph\":[{\"@type\":\"WebPage\",\"@id\":\"https:\\\/\\\/self-drive.booking-portugal.com\\\/holiday-rentals-2\\\/\",\"url\":\"https:\\\/\\\/self-drive.booking-portugal.com\\\/holiday-rentals-2\\\/\",\"name\":\"Holiday Rentals - Self Drive Booking Portugal\",\"isPartOf\":{\"@id\":\"https:\\\/\\\/self-drive.booking-portugal.com\\\/#website\"},\"datePublished\":\"2020-03-17T16:56:52+00:00\",\"dateModified\":\"2021-02-03T16:20:33+00:00\",\"description\":\"Find a great range of accommodation in your chosen destination. From budget hotels to luxury suites, from rustic holiday retreats to beach houses, BeCool Travel makes it easy to book online.\",\"breadcrumb\":{\"@id\":\"https:\\\/\\\/self-drive.booking-portugal.com\\\/holiday-rentals-2\\\/#breadcrumb\"},\"inLanguage\":\"de\",\"potentialAction\":[{\"@type\":\"ReadAction\",\"target\":[\"https:\\\/\\\/self-drive.booking-portugal.com\\\/holiday-rentals-2\\\/\"]}]},{\"@type\":\"BreadcrumbList\",\"@id\":\"https:\\\/\\\/self-drive.booking-portugal.com\\\/holiday-rentals-2\\\/#breadcrumb\",\"itemListElement\":[{\"@type\":\"ListItem\",\"position\":1,\"name\":\"Home\",\"item\":\"https:\\\/\\\/self-drive.booking-portugal.com\\\/\"},{\"@type\":\"ListItem\",\"position\":2,\"name\":\"Portugal Holiday Rentals\"}]},{\"@type\":\"WebSite\",\"@id\":\"https:\\\/\\\/self-drive.booking-portugal.com\\\/#website\",\"url\":\"https:\\\/\\\/self-drive.booking-portugal.com\\\/\",\"name\":\"Self Drive Booking Portugal\",\"description\":\"Self Drive Holidays in Portugal\",\"publisher\":{\"@id\":\"https:\\\/\\\/self-drive.booking-portugal.com\\\/#organization\"},\"potentialAction\":[{\"@type\":\"SearchAction\",\"target\":{\"@type\":\"EntryPoint\",\"urlTemplate\":\"https:\\\/\\\/self-drive.booking-portugal.com\\\/?s={search_term_string}\"},\"query-input\":{\"@type\":\"PropertyValueSpecification\",\"valueRequired\":true,\"valueName\":\"search_term_string\"}}],\"inLanguage\":\"de\"},{\"@type\":\"Organization\",\"@id\":\"https:\\\/\\\/self-drive.booking-portugal.com\\\/#organization\",\"name\":\"Self Drive Booking Portugal\",\"url\":\"https:\\\/\\\/self-drive.booking-portugal.com\\\/\",\"logo\":{\"@type\":\"ImageObject\",\"inLanguage\":\"de\",\"@id\":\"https:\\\/\\\/self-drive.booking-portugal.com\\\/#\\\/schema\\\/logo\\\/image\\\/\",\"url\":\"https:\\\/\\\/self-drive.booking-portugal.com\\\/wp-content\\\/uploads\\\/sites\\\/8\\\/2020\\\/03\\\/Logo_BeCool.jpg\",\"contentUrl\":\"https:\\\/\\\/self-drive.booking-portugal.com\\\/wp-content\\\/uploads\\\/sites\\\/8\\\/2020\\\/03\\\/Logo_BeCool.jpg\",\"width\":534,\"height\":534,\"caption\":\"Self Drive Booking Portugal\"},\"image\":{\"@id\":\"https:\\\/\\\/self-drive.booking-portugal.com\\\/#\\\/schema\\\/logo\\\/image\\\/\"},\"sameAs\":[\"https:\\\/\\\/www.facebook.com\\\/becooltravelagency\\\/\",\"https:\\\/\\\/x.com\\\/becool_travel\",\"https:\\\/\\\/www.instagram.com\\\/becooltravel_com\\\/\",\"https:\\\/\\\/www.linkedin.com\\\/company\\\/becool-travel\\\/\",\"https:\\\/\\\/www.youtube.com\\\/channel\\\/UCE7zRU3EVG1PgfXwQo-5uJw\"]}]}<\/script>\n<!-- \/ Yoast SEO Premium plugin. -->","yoast_head_json":{"title":"Ferienwohnungen - Selbstfahrer-Buchung Portugal","description":"Finden Sie eine gro\u00dfe Auswahl an Unterk\u00fcnften an Ihrem Wunschziel. Von Budgethotels bis hin zu Luxussuiten, von rustikalen Ferienh\u00e4usern bis hin zu Strandh\u00e4usern \u2013 BeCool Travel macht die Online-Buchung ganz einfach.","robots":{"index":"index","follow":"follow","max-snippet":"max-snippet:-1","max-image-preview":"max-image-preview:large","max-video-preview":"max-video-preview:-1"},"canonical":"https:\/\/self-drive.booking-portugal.com\/de\/holiday-rentals-2\/","og_locale":"de_DE","og_type":"article","og_title":"Portugal Holiday Rentals","og_description":"Find a great range of accommodation in your chosen location, from budget hotels to luxury suites, from rustic holiday retreats to beach houses.BeCool Travel makes it easy to book online and quickly find your ideal lodging.","og_url":"https:\/\/self-drive.booking-portugal.com\/de\/holiday-rentals-2\/","og_site_name":"Self Drive Booking Portugal","article_publisher":"https:\/\/www.facebook.com\/becooltravelagency\/","article_modified_time":"2021-02-03T16:20:33+00:00","og_image":[{"width":932,"height":768,"url":"https:\/\/self-drive.booking-portugal.com\/wp-content\/uploads\/sites\/8\/2020\/05\/holiday-rental-house.jpg","type":"image\/jpeg"}],"twitter_card":"summary_large_image","twitter_title":"Portugal Holiday Rentals","twitter_description":"Find a great range of accommodation in your chosen location, from budget hotels to luxury suites, from rustic holiday retreats to beach houses.BeCool Travel makes it easy to book online and quickly find your ideal lodging.","twitter_image":"https:\/\/self-drive.booking-portugal.com\/wp-content\/uploads\/sites\/8\/2020\/05\/holiday-rental-house.jpg","twitter_site":"@becool_travel","twitter_misc":{"Gesch\u00e4tzte Lesezeit":"2\u00a0Minuten"},"schema":{"@context":"https:\/\/schema.org","@graph":[{"@type":"WebPage","@id":"https:\/\/self-drive.booking-portugal.com\/holiday-rentals-2\/","url":"https:\/\/self-drive.booking-portugal.com\/holiday-rentals-2\/","name":"Ferienwohnungen - Selbstfahrer-Buchung Portugal","isPartOf":{"@id":"https:\/\/self-drive.booking-portugal.com\/#website"},"datePublished":"2020-03-17T16:56:52+00:00","dateModified":"2021-02-03T16:20:33+00:00","description":"Finden Sie eine gro\u00dfe Auswahl an Unterk\u00fcnften an Ihrem Wunschziel. Von Budgethotels bis hin zu Luxussuiten, von rustikalen Ferienh\u00e4usern bis hin zu Strandh\u00e4usern \u2013 BeCool Travel macht die Online-Buchung ganz einfach.","breadcrumb":{"@id":"https:\/\/self-drive.booking-portugal.com\/holiday-rentals-2\/#breadcrumb"},"inLanguage":"de","potentialAction":[{"@type":"ReadAction","target":["https:\/\/self-drive.booking-portugal.com\/holiday-rentals-2\/"]}]},{"@type":"BreadcrumbList","@id":"https:\/\/self-drive.booking-portugal.com\/holiday-rentals-2\/#breadcrumb","itemListElement":[{"@type":"ListItem","position":1,"name":"Home","item":"https:\/\/self-drive.booking-portugal.com\/"},{"@type":"ListItem","position":2,"name":"Portugal Holiday Rentals"}]},{"@type":"WebSite","@id":"https:\/\/self-drive.booking-portugal.com\/#website","url":"https:\/\/self-drive.booking-portugal.com\/","name":"Selbstfahrerbuchung Portugal","description":"Selbstfahrer-Urlaub in Portugal","publisher":{"@id":"https:\/\/self-drive.booking-portugal.com\/#organization"},"potentialAction":[{"@type":"SearchAction","target":{"@type":"EntryPoint","urlTemplate":"https:\/\/self-drive.booking-portugal.com\/?s={search_term_string}"},"query-input":{"@type":"PropertyValueSpecification","valueRequired":true,"valueName":"search_term_string"}}],"inLanguage":"de"},{"@type":"Organization","@id":"https:\/\/self-drive.booking-portugal.com\/#organization","name":"Selbstfahrerbuchung Portugal","url":"https:\/\/self-drive.booking-portugal.com\/","logo":{"@type":"ImageObject","inLanguage":"de","@id":"https:\/\/self-drive.booking-portugal.com\/#\/schema\/logo\/image\/","url":"https:\/\/self-drive.booking-portugal.com\/wp-content\/uploads\/sites\/8\/2020\/03\/Logo_BeCool.jpg","contentUrl":"https:\/\/self-drive.booking-portugal.com\/wp-content\/uploads\/sites\/8\/2020\/03\/Logo_BeCool.jpg","width":534,"height":534,"caption":"Self Drive Booking Portugal"},"image":{"@id":"https:\/\/self-drive.booking-portugal.com\/#\/schema\/logo\/image\/"},"sameAs":["https:\/\/www.facebook.com\/becooltravelagency\/","https:\/\/x.com\/becool_travel","https:\/\/www.instagram.com\/becooltravel_com\/","https:\/\/www.linkedin.com\/company\/becool-travel\/","https:\/\/www.youtube.com\/channel\/UCE7zRU3EVG1PgfXwQo-5uJw"]}]}},"_links":{"self":[{"href":"https:\/\/self-drive.booking-portugal.com\/de\/wp-json\/wp\/v2\/pages\/3407","targetHints":{"allow":["GET"]}}],"collection":[{"href":"https:\/\/self-drive.booking-portugal.com\/de\/wp-json\/wp\/v2\/pages"}],"about":[{"href":"https:\/\/self-drive.booking-portugal.com\/de\/wp-json\/wp\/v2\/types\/page"}],"author":[{"embeddable":true,"href":"https:\/\/self-drive.booking-portugal.com\/de\/wp-json\/wp\/v2\/users\/7"}],"replies":[{"embeddable":true,"href":"https:\/\/self-drive.booking-portugal.com\/de\/wp-json\/wp\/v2\/comments?post=3407"}],"version-history":[{"count":0,"href":"https:\/\/self-drive.booking-portugal.com\/de\/wp-json\/wp\/v2\/pages\/3407\/revisions"}],"wp:attachment":[{"href":"https:\/\/self-drive.booking-portugal.com\/de\/wp-json\/wp\/v2\/media?parent=3407"}],"curies":[{"name":"wp","href":"https:\/\/api.w.org\/{rel}","templated":true}]}}